{"id":165,"date":"2015-06-21T01:08:50","date_gmt":"2015-06-21T01:08:50","guid":{"rendered":"https:\/\/randonnee.ca\/fr\/?page_id=165"},"modified":"2025-01-20T14:00:11","modified_gmt":"2025-01-20T19:00:11","slug":"devenir-membre","status":"publish","type":"page","link":"https:\/\/randonnee.ca\/fr\/devenir-membre\/","title":{"rendered":"Devenir membre"},"content":{"rendered":"<table border=\"0\" cellspacing=\"1\" cellpadding=\"10\" align=\"center\">\n<tbody>\n<tr>\n<td style=\"font-size: 24; text-align: left;\" align=\"left\" valign=\"top\" width=\"48%\">\n<h3><span style=\"color: #008227;\">Adh\u00e9sion requise<\/span><\/h3>\n<p>La carte de membre donne le droit de participer \u00e0 toutes les activit\u00e9s du club (v\u00e9lo, randonn\u00e9e, sports d\u2019hiver et activit\u00e9s sociales) et est requis pour acheter des excursions en ligne. Prenez note que l\u2019adh\u00e9sion est limit\u00e9e aux personnes \u00e2g\u00e9es de 18 (dix-huit) ans ou plus.<\/p>\n<h3><span style=\"color: #008227;\">Nouveaux membres<\/span><\/h3>\n<p>Votre adh\u00e9sion annuelle initiale est le seul achat autoris\u00e9, avant d\u2019obtenir votre compte de membre RA. Vous devez passer \u00e0 la caisse et effectuer le paiement de votre adh\u00e9sion avant de pouvoir acheter des excursions. <\/p>\n<p>Pour devenir membre du Club Randonn\u00e9e Aventure, rendez-vous sur la page <a href=\"https:\/\/randonnee.ca\/fr\/produit\/cotisation-annuelle\/\">Achat Adh\u00e9sion<\/a>.<\/p>\n<h3><span style=\"color: #008227;\">Renouvellement de l&#8217;adh\u00e9sion<\/span><\/h3>\n<p>Les membres RA doivent se connecter \u00e0 leur compte de membre RA avant de pouvoir renouveler leur adh\u00e9sion annuelle.<\/p>\n<p>Veuillez vous connecter et proc\u00e9der \u00e0 la page <a href=\"https:\/\/randonnee.ca\/fr\/produit\/cotisation-annuelle\/\">Achat Adh\u00e9sion<\/a><\/p>\n<h3><span style=\"color: #008227;\">Besoin d&#8217;aide?<\/span><\/h3>\n<p>Veuillez consulter <a href=\"https:\/\/randonnee.ca\/fr\/instructions-pour-connexion-et-achat-dadhesion-annuelle\/\">Instructions pour connexion et achat d&#8217;adh\u00e9sion annuelle<\/a> pour savoir comment proc\u00e9der.<\/p>\n<p>Pour toute question, envoyez-nous un courriel \u00e0 <a title=\"\u00c9crivez-nous!\" href=\"mailto:info@randonnee.ca\">info@randonnee.ca<\/a>. Nous vous r\u00e9pondrons dans les meilleurs d\u00e9lais.<\/td>\n<td style=\"font-size: 24;\" align=\"left\" valign=\"top\" width=\"4%\"><\/td>\n<td style=\"font-size: 24; text-align: left;\" align=\"left\" valign=\"top\" bgcolor=\"#ffffff\" width=\"48%\">\n&nbsp;<br \/>\n<a href=\"https:\/\/randonnee.ca\/wp-content\/uploads\/hiking_becoming_7-chutes-scaled.jpg\"><img loading=\"lazy\" decoding=\"async\" class=\"alignnone wp-image-21644 size-medium\" src=\"https:\/\/randonnee.ca\/wp-content\/uploads\/\/hiking_becoming_7-chutes-300x225.jpg\" alt=\"\" width=\"300\" height=\"225\" \/><\/a><\/td>\n<\/tr>\n<\/tbody>\n<\/table>\n","protected":false},"excerpt":{"rendered":"<p>Adh\u00e9sion requise La carte de membre donne le droit de participer \u00e0 toutes les activit\u00e9s du club (v\u00e9lo, randonn\u00e9e, sports d\u2019hiver et activit\u00e9s sociales) et est requis pour acheter des excursions en ligne. Prenez note que l\u2019adh\u00e9sion est limit\u00e9e aux personnes \u00e2g\u00e9es de 18 (dix-huit) ans ou plus. Nouveaux membres Votre adh\u00e9sion annuelle initiale est le seul achat autoris\u00e9, avant d\u2019obtenir votre compte de membre RA. Vous devez passer \u00e0 la caisse et effectuer le paiement de votre adh\u00e9sion avant de pouvoir acheter des excursions. Pour devenir membre du Club Randonn\u00e9e Aventure, rendez-vous sur la page Achat Adh\u00e9sion. Renouvellement de&#8230; <\/p>\n","protected":false},"author":1,"featured_media":0,"parent":0,"menu_order":0,"comment_status":"open","ping_status":"open","template":"full-width.php","meta":{"footnotes":""},"publishpress_future_action":{"enabled":false,"date":"2026-05-08 05:34:43","action":"draft","terms":[],"taxonomy":"translation_priority"},"_links":{"self":[{"href":"https:\/\/randonnee.ca\/fr\/wp-json\/wp\/v2\/pages\/165"}],"collection":[{"href":"https:\/\/randonnee.ca\/fr\/wp-json\/wp\/v2\/pages"}],"about":[{"href":"https:\/\/randonnee.ca\/fr\/wp-json\/wp\/v2\/types\/page"}],"author":[{"embeddable":true,"href":"https:\/\/randonnee.ca\/fr\/wp-json\/wp\/v2\/users\/1"}],"replies":[{"embeddable":true,"href":"https:\/\/randonnee.ca\/fr\/wp-json\/wp\/v2\/comments?post=165"}],"version-history":[{"count":25,"href":"https:\/\/randonnee.ca\/fr\/wp-json\/wp\/v2\/pages\/165\/revisions"}],"predecessor-version":[{"id":28512,"href":"https:\/\/randonnee.ca\/fr\/wp-json\/wp\/v2\/pages\/165\/revisions\/28512"}],"wp:attachment":[{"href":"https:\/\/randonnee.ca\/fr\/wp-json\/wp\/v2\/media?parent=165"}],"curies":[{"name":"wp","href":"https:\/\/api.w.org\/{rel}","templated":true}]}}