{"id":167,"date":"2015-06-20T19:29:54","date_gmt":"2015-06-20T19:29:54","guid":{"rendered":"https:\/\/randonnee.ca\/fr\/?page_id=167"},"modified":"2026-03-23T09:39:44","modified_gmt":"2026-03-23T13:39:44","slug":"a-velo-avec-ra","status":"publish","type":"page","link":"https:\/\/randonnee.ca\/fr\/a-velo-avec-ra\/","title":{"rendered":"\u00c0 v\u00e9lo avec RA"},"content":{"rendered":"<table border=\"0\" cellspacing=\"1\" cellpadding=\"10\" align=\"center\">\n<tbody>\n<tr>\n<td style=\"font-size: 24; text-align: left;\" align=\"left\" valign=\"top\" width=\"48%\">\n<h3><span style=\"color: #008227;\">Venez rouler avec nous!<\/span><\/h3>\n<p><img loading=\"lazy\" decoding=\"async\" class=\"wp-image-31369 size-medium alignright\" src=\"https:\/\/randonnee.ca\/wp-content\/uploads\/\/cycling_farm_road-225x300.jpg\" alt=\"\" width=\"225\" height=\"300\" srcset=\"https:\/\/randonnee.ca\/wp-content\/uploads\/cycling_farm_road-225x300.jpg 225w, https:\/\/randonnee.ca\/wp-content\/uploads\/cycling_farm_road-768x1024.jpg 768w, https:\/\/randonnee.ca\/wp-content\/uploads\/cycling_farm_road-1152x1536.jpg 1152w, https:\/\/randonnee.ca\/wp-content\/uploads\/cycling_farm_road-400x533.jpg 400w, https:\/\/randonnee.ca\/wp-content\/uploads\/cycling_farm_road.jpg 1536w\" sizes=\"(max-width: 225px) 100vw, 225px\" \/>Randonn\u00e9e Aventure est l\u2019occasion pour des cyclistes adultes de tous \u00e2ges de faire du v\u00e9lo ensemble pour se maintenir en forme, pour le plaisir et la camaraderie. Toutes les activit\u00e9s du club sont planifi\u00e9es et g\u00e9r\u00e9es par des b\u00e9n\u00e9voles.<\/p>\n<p>Chaque sortie est men\u00e9e par deux membres b\u00e9n\u00e9voles du club. Les cartes et les instructions routi\u00e8res \u00e0\u00a0 imprimer ainsi que les fichiers GPS (au format GPX et TCX) sont disponibles en ligne. La plupart des sorties comprennent des parcours de diff\u00e9rentes longueurs et de diff\u00e9rents degr\u00e9s de difficult\u00e9. Les sorties sont de plus en plus stimulantes au fur \u00e0 mesure que la saison progresse. Le point de d\u00e9part des sorties d\u2019un jour est g\u00e9n\u00e9ralement \u00e0 une heure de Montr\u00e9al : nous y allons en covoiturage. La plupart des sorties se font sur de petites routes de campagne tranquilles.<\/p>\n<h3><span style=\"color: #008227;\">Saison de cyclisme<\/span><\/h3>\n<p>Notre saison de cyclisme s\u2019\u00e9tend de la fin du mois d&#8217;avril jusqu\u2019au d\u00e9but d\u2019octobre. Nous organisons des excursions d&#8217;une journ\u00e9e le samedi ainsi que des excursions le week-end. Consultez notre <a href=\"https:\/\/randonnee.ca\/fr\/calendrier-velo\/\">Calendrier V\u00e9lo<\/a> pour la liste complet de nous excursions.<\/td>\n<td style=\"font-size: 24;\" align=\"left\" valign=\"top\" width=\"4%\"><\/td>\n<td style=\"font-size: 24; text-align: left;\" align=\"left\" valign=\"top\" bgcolor=\"#ffffff\" width=\"48%\">\n<h3><span style=\"color: #008227;\">Soyez pr\u00eat<\/span><\/h3>\n<p>Nous recommandons un v\u00e9lo de route mais si vous pr\u00e9f\u00e9rez, un v\u00e9lo hybride fait aussi bien l\u2019affaire. Votre v\u00e9lo et vous-m\u00eame devez \u00eatre en bonne condition et bien \u00e9quip\u00e9s. Le port du casque est obligatoire.<\/p>\n<p>N&#8217;h\u00e9sitez pas \u00e0 consulter notre page <a href=\"https:\/\/randonnee.ca\/fr\/deroulement-des-excursions\/\">D\u00e9roulement des excursions<\/a>.<\/p>\n<h3 style=\"text-align: left;\"><span style=\"color: #008227;\">Les nouveaux membres sont bienvenus!<\/span><\/h3>\n<p>Ceux qui sont int\u00e9ress\u00e9s par le club peuvent participer \u00e0 une sortie d\u2019essai avant de devenir membre.<\/p>\n<p>Les nouveaux membres trouveront de nombreuses informations utiles sur la page <a href=\"https:\/\/randonnee.ca\/fr\/premiere-sortie-a-velo-avec-ra\/\">Premi\u00e8re sortie \u00e0 v\u00e9lo avec RA<\/a>.<\/p>\n<p><img loading=\"lazy\" decoding=\"async\" class=\"wp-image-31371 size-medium alignright\" src=\"https:\/\/randonnee.ca\/wp-content\/uploads\/\/cycling_foursome-300x170.jpg\" alt=\"\" width=\"300\" height=\"170\" srcset=\"https:\/\/randonnee.ca\/wp-content\/uploads\/cycling_foursome-300x170.jpg 300w, https:\/\/randonnee.ca\/wp-content\/uploads\/cycling_foursome-1024x581.jpg 1024w, https:\/\/randonnee.ca\/wp-content\/uploads\/cycling_foursome-768x435.jpg 768w, https:\/\/randonnee.ca\/wp-content\/uploads\/cycling_foursome-400x227.jpg 400w, https:\/\/randonnee.ca\/wp-content\/uploads\/cycling_foursome.jpg 1270w\" sizes=\"(max-width: 300px) 100vw, 300px\" \/>Dans les r\u00e9gions autour de Montr\u00e9al, il y a une grande vari\u00e9t\u00e9 de belles routes de campagne qui ne demandent qu\u2019\u00e0 \u00eatre explor\u00e9es \u00e0 deux roues. Joignez-vous \u00e0 nous et vivez le plaisir de parcourir de belles routes champ\u00eatres et d\u00e9couvrir de nouveaux horizons!<\/td>\n<\/tr>\n<\/tbody>\n<\/table>\n<p>&nbsp;<\/p>\n","protected":false},"excerpt":{"rendered":"<p>Venez rouler avec nous! Randonn\u00e9e Aventure est l\u2019occasion pour des cyclistes adultes de tous \u00e2ges de faire du v\u00e9lo ensemble pour se maintenir en forme, pour le plaisir et la camaraderie. Toutes les activit\u00e9s du club sont planifi\u00e9es et g\u00e9r\u00e9es par des b\u00e9n\u00e9voles. Chaque sortie est men\u00e9e par deux membres b\u00e9n\u00e9voles du club. Les cartes et les instructions routi\u00e8res \u00e0\u00a0 imprimer ainsi que les fichiers GPS (au format GPX et TCX) sont disponibles en ligne. La plupart des sorties comprennent des parcours de diff\u00e9rentes longueurs et de diff\u00e9rents degr\u00e9s de difficult\u00e9. Les sorties sont de plus en plus stimulantes au&#8230; <\/p>\n","protected":false},"author":1,"featured_media":0,"parent":0,"menu_order":0,"comment_status":"open","ping_status":"open","template":"full-width.php","meta":{"footnotes":""},"publishpress_future_action":{"enabled":false,"date":"2026-04-24 02:37:34","action":"draft","terms":[],"taxonomy":"translation_priority"},"_links":{"self":[{"href":"https:\/\/randonnee.ca\/fr\/wp-json\/wp\/v2\/pages\/167"}],"collection":[{"href":"https:\/\/randonnee.ca\/fr\/wp-json\/wp\/v2\/pages"}],"about":[{"href":"https:\/\/randonnee.ca\/fr\/wp-json\/wp\/v2\/types\/page"}],"author":[{"embeddable":true,"href":"https:\/\/randonnee.ca\/fr\/wp-json\/wp\/v2\/users\/1"}],"replies":[{"embeddable":true,"href":"https:\/\/randonnee.ca\/fr\/wp-json\/wp\/v2\/comments?post=167"}],"version-history":[{"count":8,"href":"https:\/\/randonnee.ca\/fr\/wp-json\/wp\/v2\/pages\/167\/revisions"}],"predecessor-version":[{"id":31374,"href":"https:\/\/randonnee.ca\/fr\/wp-json\/wp\/v2\/pages\/167\/revisions\/31374"}],"wp:attachment":[{"href":"https:\/\/randonnee.ca\/fr\/wp-json\/wp\/v2\/media?parent=167"}],"curies":[{"name":"wp","href":"https:\/\/api.w.org\/{rel}","templated":true}]}}