{"id":171,"date":"2015-06-21T01:14:13","date_gmt":"2015-06-21T01:14:13","guid":{"rendered":"https:\/\/randonnee.ca\/fr\/?page_id=171"},"modified":"2025-01-26T19:57:28","modified_gmt":"2025-01-27T00:57:28","slug":"en-randonnee-avec-ra","status":"publish","type":"page","link":"https:\/\/randonnee.ca\/fr\/en-randonnee-avec-ra\/","title":{"rendered":"En Randonn\u00e9e avec RA"},"content":{"rendered":"<table border=\"0\" cellspacing=\"1\" cellpadding=\"10\" align=\"center\">\n<tbody>\n<tr>\n<td style=\"font-size: 24; text-align: left;\" align=\"left\" valign=\"top\" width=\"48%\">\n<h3><span style=\"color: #008227;\">Si vous savez marcher,<br \/>\nvous pouvez faire de la randonn\u00e9e<\/span><\/h3>\n<p>Pour certaines activit\u00e9s physiques, on dit parfois que \u00ab si vous pouvez faire ceci, vous pourrez aussi faire cela \u00bb. Dans le cas de la randonn\u00e9e, il n\u2019y a l\u00e0 aucune exag\u00e9ration. En effet, n\u2019importe qui peut marcher. Nos cousins britanniques, les adeptes les plus z\u00e9l\u00e9s de cette activit\u00e9 au monde, n\u2019utilisent m\u00eame pas de terme sp\u00e9cial : ils ne font simplement que \u00ab de la marche \u00bb. Nous utilisons le terme \u00ab randonn\u00e9e \u00bb selon le lieu de l\u2019activit\u00e9, la motivation qui la sous-tend, ou les v\u00eatements port\u00e9s.<\/p>\n<p><img loading=\"lazy\" decoding=\"async\" class=\"wp-image-28607 size-medium alignleft\" src=\"https:\/\/randonnee.ca\/wp-content\/uploads\/\/hiking_megantic_duo-240x300.jpg\" alt=\"\" width=\"240\" height=\"300\" \/>La randonn\u00e9e consiste \u00e0 marcher dans un environnement naturel, \u00e0 la fois pour le plaisir et l\u2019exercice, couvert de v\u00eatements appropri\u00e9s et muni de tout ce dont vous pourriez avoir besoin pour subsister. La randonn\u00e9e peut varier d\u2019une simple marche en for\u00eat \u00e0 un long parcours par monts et par vaux. Mais, \u00e0 la base, elle demeure parmi les activit\u00e9s de plein air les plus simples, les plus abordables, et qui contribuent le plus \u00e0 votre bonne sant\u00e9 et votre plaisir \u00e0 la fois.<\/p>\n<p>Peu importe votre niveau de comp\u00e9tence, Randonn\u00e9e Aventure vous offre la chance de mettre un pied devant l\u2019autre, si l\u2019on peut dire. Dans la r\u00e9gion de Montr\u00e9al, il existe un vaste choix de terrains \u00e0 explorer, dans toutes les directions. Nous offrons des excursions d\u2019une journ\u00e9e durant toute la saison (de mai \u00e0 octobre) avec transport en autocar de luxe jusqu\u2019aux sentiers, incluant un court arr\u00eat bien m\u00e9rit\u00e9 dans un pub sur le chemin du retour. Nous offrons \u00e9galement plusieurs excursions de longue fin de semaine (malheureusement non offert en 2023) qui vous permettent de parcourir de plus longues distances sur une grande vari\u00e9t\u00e9 de sentiers. Pour ces excusions de fin de semaine, nous organisons alors le covoiturage et r\u00e9servons l\u2019h\u00e9bergement \u00e0 proximit\u00e9 des sentiers.<\/p>\n<h3><span style=\"color: #008227;\">D\u00e9roulement des randonn\u00e9es<\/span><\/h3>\n<p>Quelques jours avant chaque excursion d&#8217;une journ\u00e9e, les cartes et descriptions des sentiers sont envoy\u00e9es par courriel aux participants, ce qui laisse suffisamment de temps pour les examiner. Ces notes r\u00e9pertorient toutes les options de randonn\u00e9e disponibles et le niveau de difficult\u00e9 du sentier associ\u00e9. Ensuite, dans le bus le matin de la randonn\u00e9e, un responsable offrira des conseils utiles, en mettant l&#8217;accent sur les nouveaux participants. \u00c0 destination, nous randonnons en petits groupes d&#8217;aptitude variable, avec des membres de tous niveaux pr\u00eats \u00e0 accueillir de nouveaux compagnons de randonn\u00e9e.<\/td>\n<td style=\"font-size: 24;\" align=\"left\" valign=\"top\" width=\"4%\"><\/td>\n<td style=\"font-size: 24; text-align: left;\" align=\"left\" valign=\"top\" bgcolor=\"#ffffff\" width=\"48%\">\n<h3><span style=\"color: #008227;\">R\u00e9server et pr\u00e9parer ses randonn\u00e9es<\/span><\/h3>\n<p>Veuillez consulter le <a href=\"https:\/\/randonnee.ca\/fr\/calendrier-randonnee\/\">Calendrier des Randonn\u00e9es<\/a> pour une liste compl\u00e8te des sorties que nous offrons cette saison.<\/p>\n<p><img loading=\"lazy\" decoding=\"async\" class=\"wp-image-28585 size-medium alignleft\" src=\"https:\/\/randonnee.ca\/wp-content\/uploads\/\/hiking_ladies-240x300.jpg\" alt=\"\" width=\"240\" height=\"300\" srcset=\"https:\/\/randonnee.ca\/wp-content\/uploads\/hiking_ladies-240x300.jpg 240w, https:\/\/randonnee.ca\/wp-content\/uploads\/hiking_ladies-819x1024.jpg 819w, https:\/\/randonnee.ca\/wp-content\/uploads\/hiking_ladies-768x960.jpg 768w, https:\/\/randonnee.ca\/wp-content\/uploads\/hiking_ladies-1229x1536.jpg 1229w, https:\/\/randonnee.ca\/wp-content\/uploads\/hiking_ladies-400x500.jpg 400w, https:\/\/randonnee.ca\/wp-content\/uploads\/hiking_ladies.jpg 1638w\" sizes=\"(max-width: 240px) 100vw, 240px\" \/>Toutes les randonn\u00e9es d&#8217;une journ\u00e9e disponibles \u00e0 l&#8217;achat sur notre site Web incluent le transport en autocar de luxe. Veuillez consulter les <a href=\"https:\/\/randonnee.ca\/fr\/points-de-rencontre-bus-dete\/\">Points de rencontre du Bus d&#8217;\u00e9t\u00e9<\/a> pour tous les d\u00e9tails. Notez que pour certaines excursions dites \u00ab de <a href=\"https:\/\/randonnee.ca\/fr\/randonnees-de-longue-duree\/\">longue dur\u00e9e<\/a> \u00bb, nous revenons un peu plus tard pour accorder davantage de temps pour la randonn\u00e9e. Les nouveaux membres de RA devraient aussi consulter les <a href=\"https:\/\/randonnee.ca\/fr\/conseils-aux-randonneurs-debutants\/\">Conseils pour la randonn\u00e9e<\/a> et les <a href=\"https:\/\/randonnee.ca\/fr\/niveaux-de-difficulte-des-sentiers\/\">Niveaux de difficult\u00e9 des sentiers<\/a>.<\/p>\n<p>Pour plus de renseignements, tel que notre <a href=\"https:\/\/randonnee.ca\/fr\/description-des-frais\/\">description des frais<\/a>, comment <a href=\"https:\/\/randonnee.ca\/fr\/devenir-membre\/\">devenir membre de RA<\/a>, comment <a href=\"https:\/\/randonnee.ca\/fr\/achat-ou-revente-des-sorties\/\">acheter des excursions de randonn\u00e9e<\/a>, ou comment <a href=\"https:\/\/randonnee.ca\/fr\/un-club-de-benevoles\/\">devenir b\u00e9n\u00e9vole<\/a>, nous vous invitons \u00e0 parcourir nos nombreuses pages web. Pour nous contacter directement, veuillez consulter la section Contact.<\/p>\n<h3><span style=\"color: #008227;\"><img loading=\"lazy\" decoding=\"async\" class=\"wp-image-28576 size-medium alignright\" src=\"https:\/\/randonnee.ca\/wp-content\/uploads\/\/hiking_duo-240x300.jpg\" alt=\"\" width=\"240\" height=\"300\" srcset=\"https:\/\/randonnee.ca\/wp-content\/uploads\/hiking_duo-240x300.jpg 240w, https:\/\/randonnee.ca\/wp-content\/uploads\/hiking_duo-819x1024.jpg 819w, https:\/\/randonnee.ca\/wp-content\/uploads\/hiking_duo-768x960.jpg 768w, https:\/\/randonnee.ca\/wp-content\/uploads\/hiking_duo-1229x1536.jpg 1229w, https:\/\/randonnee.ca\/wp-content\/uploads\/hiking_duo-400x500.jpg 400w, https:\/\/randonnee.ca\/wp-content\/uploads\/hiking_duo.jpg 1440w\" sizes=\"(max-width: 240px) 100vw, 240px\" \/>Bonne randonn\u00e9e!<\/span><\/h3>\n<p><strong>\u00ab Nous n\u2019\u00e9tions pas nous-m\u00eames des pionniers, mais nous avons parcouru des sentiers battus qui nous \u00e9taient \u00e9trangers, le c\u0153ur grand ouvert. Qui donc y verrait une diff\u00e9rence? \u00bb<\/strong><\/p>\n<p>James Thorington.<br \/>\nExtrait de \u00ab The Glittering Mountains of Canada \u00bb (traduction libre)<\/td>\n<\/tr>\n<\/tbody>\n<\/table>\n","protected":false},"excerpt":{"rendered":"<p>Si vous savez marcher, vous pouvez faire de la randonn\u00e9e Pour certaines activit\u00e9s physiques, on dit parfois que \u00ab si vous pouvez faire ceci, vous pourrez aussi faire cela \u00bb. Dans le cas de la randonn\u00e9e, il n\u2019y a l\u00e0 aucune exag\u00e9ration. En effet, n\u2019importe qui peut marcher. Nos cousins britanniques, les adeptes les plus z\u00e9l\u00e9s de cette activit\u00e9 au monde, n\u2019utilisent m\u00eame pas de terme sp\u00e9cial : ils ne font simplement que \u00ab de la marche \u00bb. Nous utilisons le terme \u00ab randonn\u00e9e \u00bb selon le lieu de l\u2019activit\u00e9, la motivation qui la sous-tend, ou les v\u00eatements port\u00e9s. La&#8230; <\/p>\n","protected":false},"author":1,"featured_media":0,"parent":0,"menu_order":0,"comment_status":"open","ping_status":"open","template":"full-width.php","meta":{"footnotes":""},"publishpress_future_action":{"enabled":false,"date":"2026-05-04 12:26:39","action":"draft","terms":[],"taxonomy":"translation_priority"},"_links":{"self":[{"href":"https:\/\/randonnee.ca\/fr\/wp-json\/wp\/v2\/pages\/171"}],"collection":[{"href":"https:\/\/randonnee.ca\/fr\/wp-json\/wp\/v2\/pages"}],"about":[{"href":"https:\/\/randonnee.ca\/fr\/wp-json\/wp\/v2\/types\/page"}],"author":[{"embeddable":true,"href":"https:\/\/randonnee.ca\/fr\/wp-json\/wp\/v2\/users\/1"}],"replies":[{"embeddable":true,"href":"https:\/\/randonnee.ca\/fr\/wp-json\/wp\/v2\/comments?post=171"}],"version-history":[{"count":30,"href":"https:\/\/randonnee.ca\/fr\/wp-json\/wp\/v2\/pages\/171\/revisions"}],"predecessor-version":[{"id":28609,"href":"https:\/\/randonnee.ca\/fr\/wp-json\/wp\/v2\/pages\/171\/revisions\/28609"}],"wp:attachment":[{"href":"https:\/\/randonnee.ca\/fr\/wp-json\/wp\/v2\/media?parent=171"}],"curies":[{"name":"wp","href":"https:\/\/api.w.org\/{rel}","templated":true}]}}