{"id":183,"date":"2015-06-21T01:26:32","date_gmt":"2015-06-21T01:26:32","guid":{"rendered":"https:\/\/randonnee.ca\/fr\/?page_id=183"},"modified":"2021-10-26T13:28:47","modified_gmt":"2021-10-26T17:28:47","slug":"activites-sociales-avec-ra","status":"publish","type":"page","link":"https:\/\/randonnee.ca\/fr\/activites-sociales-avec-ra\/","title":{"rendered":"Activit\u00e9s sociales avec RA"},"content":{"rendered":"<table border=\"0\" cellspacing=\"1\" cellpadding=\"10\" align=\"center\">\n<tbody>\n<tr>\n<td style=\"font-size: 24; text-align: left;\" align=\"left\" valign=\"top\" width=\"48%\">\n<h3><\/h3>\n<p>Les activit\u00e9s sociales sont un volet important pour Randonn\u00e9e Aventure. En plus de notre party des f\u00eates annuel en d\u00e9cembre, nous organisons des \u00e9v\u00e9nements tels que des sorties au pub ou au restaurant et des activit\u00e9s culturelles comme \u00e0 l\u2019occasion le visionnement d\u2019un film Imax.<\/p>\n<p>Les activit\u00e9s sociales nous permettent de faire plus ample connaissance et de nous voir hors du contexte habituel, sans notre \u00e9quipement de v\u00e9lo, de ski ou de randonn\u00e9e.<\/td>\n<td style=\"font-size: 24;\" align=\"left\" valign=\"top\" width=\"4%\"><\/td>\n<td style=\"font-size: 24; text-align: left;\" align=\"left\" valign=\"top\" bgcolor=\"#ffffff\" width=\"48%\">Nous adorons essayer de nouveaux endroits, bien qu\u2019il nous arrive tout aussi bien de retourner \u00e0 des adresses populaires aupr\u00e8s des membres par le pass\u00e9. Nous faisons en moyenne une sortie par mois. Pour vous maintenir \u00e0 flot des activit\u00e9s \u00e0 venir, renseignez-vous sur ce site web ou \u00e0 la lecture de nos communications par courriel aux membres.<\/p>\n<p>C\u2019est un plaisir pour nous de recevoir commentaires et suggestions des membres de Randonn\u00e9e Aventure. Envoyez vos id\u00e9es par <a href=\"mailto:info@randonnee.ca\">courriel<\/a> \u00e0 notre directeur des activit\u00e9s sociales.<\/td>\n<\/tr>\n<\/tbody>\n<\/table>\n","protected":false},"excerpt":{"rendered":"<p>Les activit\u00e9s sociales sont un volet important pour Randonn\u00e9e Aventure. En plus de notre party des f\u00eates annuel en d\u00e9cembre, nous organisons des \u00e9v\u00e9nements tels que des sorties au pub ou au restaurant et des activit\u00e9s culturelles comme \u00e0 l\u2019occasion le visionnement d\u2019un film Imax. Les activit\u00e9s sociales nous permettent de faire plus ample connaissance et de nous voir hors du contexte habituel, sans notre \u00e9quipement de v\u00e9lo, de ski ou de randonn\u00e9e. Nous adorons essayer de nouveaux endroits, bien qu\u2019il nous arrive tout aussi bien de retourner \u00e0 des adresses populaires aupr\u00e8s des membres par le pass\u00e9. Nous faisons&#8230; <\/p>\n","protected":false},"author":1,"featured_media":0,"parent":0,"menu_order":0,"comment_status":"open","ping_status":"open","template":"full-width.php","meta":{"footnotes":""},"publishpress_future_action":{"enabled":false,"date":"2026-05-07 07:10:50","action":"draft","terms":[],"taxonomy":"translation_priority"},"_links":{"self":[{"href":"https:\/\/randonnee.ca\/fr\/wp-json\/wp\/v2\/pages\/183"}],"collection":[{"href":"https:\/\/randonnee.ca\/fr\/wp-json\/wp\/v2\/pages"}],"about":[{"href":"https:\/\/randonnee.ca\/fr\/wp-json\/wp\/v2\/types\/page"}],"author":[{"embeddable":true,"href":"https:\/\/randonnee.ca\/fr\/wp-json\/wp\/v2\/users\/1"}],"replies":[{"embeddable":true,"href":"https:\/\/randonnee.ca\/fr\/wp-json\/wp\/v2\/comments?post=183"}],"version-history":[{"count":5,"href":"https:\/\/randonnee.ca\/fr\/wp-json\/wp\/v2\/pages\/183\/revisions"}],"predecessor-version":[{"id":21931,"href":"https:\/\/randonnee.ca\/fr\/wp-json\/wp\/v2\/pages\/183\/revisions\/21931"}],"wp:attachment":[{"href":"https:\/\/randonnee.ca\/fr\/wp-json\/wp\/v2\/media?parent=183"}],"curies":[{"name":"wp","href":"https:\/\/api.w.org\/{rel}","templated":true}]}}