{"id":20202,"date":"2021-05-04T12:12:46","date_gmt":"2021-05-04T16:12:46","guid":{"rendered":"https:\/\/randonnee.ca\/?page_id=20202"},"modified":"2021-05-04T12:12:46","modified_gmt":"2021-05-04T16:12:46","slug":"acceptation-de-partage-dinformation-personnelle","status":"publish","type":"page","link":"https:\/\/randonnee.ca\/fr\/acceptation-de-partage-dinformation-personnelle\/","title":{"rendered":"Acceptation de partage d\u2019information personnelle"},"content":{"rendered":"<p><strong>Acceptation de partage d\u2019information personnelle<\/strong><\/p>\n<p>Je consens \u00e0 mon club de plein air, Randonn\u00e9e Aventure, le droit de partager mes informations personnelles (nom, pr\u00e9nom, date de naissance, courriel*) avec Rando Qu\u00e9bec afin de compl\u00e9ter mon processus d\u2019adh\u00e9sion \u00e0 mon club.<\/p>\n<p>Les informations recueillies vous concernant feront l\u2019objet d\u2019un traitement destin\u00e9 \u00e0 Rando Qu\u00e9bec.<\/p>\n<p>Pour la finalit\u00e9 suivante :<\/p>\n<ul>\n<li>Traitement de votre adh\u00e9sion<\/li>\n<li>Preuve d\u2019adh\u00e9sion \u00e0 Rando Qu\u00e9bec, sur demande<\/li>\n<\/ul>\n<p>Les informations collect\u00e9es seront communiqu\u00e9es aux seuls destinataires suivants :<\/p>\n<ul>\n<li>Rando Qu\u00e9bec<\/li>\n<li>BFL Canada, courtier en assurances (sur demande uniquement)<\/li>\n<\/ul>\n<p>La dur\u00e9e de conservation est de 2 ans.<\/p>\n<p>Vous pouvez acc\u00e9der aux informations personnelles vous concernant, les rectifier, demander leur effacement ou exercer votre droit \u00e0 la limitation du traitement de celles-ci en contactant Rando Qu\u00e9bec.<\/p>\n<p>Pour exercer ces droits ou pour toute question sur le traitement de vos donn\u00e9es dans ce dispositif, vous pouvez contacter Rando Qu\u00e9bec \u00e0 <a href=\"mailto:info@randoquebec.ca\">info@randoquebec.ca<\/a> ou 514\u00a0252-3157, poste 3885.<\/p>\n<p><em>*Un seul message de bienvenue sera envoy\u00e9. Aucune autre communication, sans votre consentement pr\u00e9alable, ne vous sera adress\u00e9e.<\/em><\/p>\n","protected":false},"excerpt":{"rendered":"<p>Acceptation de partage d\u2019information personnelle Je consens \u00e0 mon club de plein air, Randonn\u00e9e Aventure, le droit de partager mes informations personnelles (nom, pr\u00e9nom, date de naissance, courriel*) avec Rando Qu\u00e9bec afin de compl\u00e9ter mon processus d\u2019adh\u00e9sion \u00e0 mon club. Les informations recueillies vous concernant feront l\u2019objet d\u2019un traitement destin\u00e9 \u00e0 Rando Qu\u00e9bec. Pour la finalit\u00e9 suivante : Traitement de votre adh\u00e9sion Preuve d\u2019adh\u00e9sion \u00e0 Rando Qu\u00e9bec, sur demande Les informations collect\u00e9es seront communiqu\u00e9es aux seuls destinataires suivants : Rando Qu\u00e9bec BFL Canada, courtier en assurances (sur demande uniquement) La dur\u00e9e de conservation est de 2 ans. Vous pouvez acc\u00e9der&#8230; <\/p>\n","protected":false},"author":1,"featured_media":0,"parent":0,"menu_order":0,"comment_status":"closed","ping_status":"closed","template":"full-width.php","meta":{"footnotes":""},"publishpress_future_action":{"enabled":false,"date":"2026-04-25 09:34:05","action":"draft","terms":[],"taxonomy":"translation_priority"},"_links":{"self":[{"href":"https:\/\/randonnee.ca\/fr\/wp-json\/wp\/v2\/pages\/20202"}],"collection":[{"href":"https:\/\/randonnee.ca\/fr\/wp-json\/wp\/v2\/pages"}],"about":[{"href":"https:\/\/randonnee.ca\/fr\/wp-json\/wp\/v2\/types\/page"}],"author":[{"embeddable":true,"href":"https:\/\/randonnee.ca\/fr\/wp-json\/wp\/v2\/users\/1"}],"replies":[{"embeddable":true,"href":"https:\/\/randonnee.ca\/fr\/wp-json\/wp\/v2\/comments?post=20202"}],"version-history":[{"count":0,"href":"https:\/\/randonnee.ca\/fr\/wp-json\/wp\/v2\/pages\/20202\/revisions"}],"wp:attachment":[{"href":"https:\/\/randonnee.ca\/fr\/wp-json\/wp\/v2\/media?parent=20202"}],"curies":[{"name":"wp","href":"https:\/\/api.w.org\/{rel}","templated":true}]}}