{"id":21786,"date":"2021-10-21T20:56:14","date_gmt":"2021-10-22T00:56:14","guid":{"rendered":"https:\/\/randonnee.ca\/?page_id=21786"},"modified":"2026-03-31T23:06:55","modified_gmt":"2026-04-01T03:06:55","slug":"en-construction","status":"publish","type":"page","link":"https:\/\/randonnee.ca\/fr\/","title":{"rendered":"Bienvenue"},"content":{"rendered":"<p><img loading=\"lazy\" decoding=\"async\" class=\"alignnone wp-image-26889 size-large\" src=\"https:\/\/randonnee.ca\/wp-content\/uploads\/\/Tremblant-facebook-1024x748.jpg\" alt=\"\" width=\"1024\" height=\"748\" srcset=\"https:\/\/randonnee.ca\/wp-content\/uploads\/Tremblant-facebook-1024x748.jpg 1024w, https:\/\/randonnee.ca\/wp-content\/uploads\/Tremblant-facebook-300x219.jpg 300w, https:\/\/randonnee.ca\/wp-content\/uploads\/Tremblant-facebook-768x561.jpg 768w, https:\/\/randonnee.ca\/wp-content\/uploads\/Tremblant-facebook-1536x1122.jpg 1536w, https:\/\/randonnee.ca\/wp-content\/uploads\/Tremblant-facebook-400x292.jpg 400w, https:\/\/randonnee.ca\/wp-content\/uploads\/Tremblant-facebook.jpg 2048w\" sizes=\"(max-width: 1024px) 100vw, 1024px\" \/><\/p>\n<h2><strong>Nos calendriers de cyclisme et de randonn\u00e9e pour 2026 sont maintenant en ligne !<\/strong><\/h2>\n<ul>\n<li>\n<h4><strong>Treize (13) sorties randonn\u00e9es de samedi <\/strong> en autobus de luxe entre juin et octobre. Ces voyages sont actuellement disponibles \u00e0 l&#8217;achat en ligne.<\/h4>\n<\/li>\n<li>\n<h4><strong>Deux (2) fin de semaine cyclisme<\/strong>. Ces voyages sont actuellement disponibles \u00e0 l&#8217;achat en ligne.<\/h4>\n<\/li>\n<li>\n<h4><strong>Dix-huit (18) sorties \u00e0 v\u00e9lo le samedi<\/strong> entre mai et septembre. Ces voyages sont d\u00e9sormais affich\u00e9s en ligne.<\/h4>\n<\/li>\n<\/ul>\n<h3><strong>2026 marque le 40e anniversaire de RA et nous proposons de nombreux voyages \u00e0 prix r\u00e9duits pour c\u00e9l\u00e9brer cet \u00e9v\u00e9nement!<\/strong><\/h3>\n<h3>Parmi les \u00e9v\u00e9nements nous avons un concours de photos ouvert \u00e0 tous nos membres. Veuillez consulter la page <a href=\"https:\/\/randonnee.ca\/fr\/concours-de-photos-du-40ieme-anniversaire\/\" rel=\"noopener noreferrer\">Concours de photos du 40i\u00e8me anniversaire<\/a> pour tous les d\u00e9tails.<\/h3>\n<p><div class=\"\"><div class=\"UnderLine\" style=\"margin-bottom:50px;\"><span class=\"hr-style\"><\/span><\/div><\/div><br \/>\n<div class=\"\">\n  \t\t\t<div class=\"fourbox 31149\">\n\t  \t\t\t   <a href=\"https:\/\/randonnee.ca\/fr\/resources\/velo\/\">\n             <div class=\"thumbbx\"><img decoding=\"async\" src=\"https:\/\/randonnee.ca\/wp-content\/uploads\/cycling_a-volunteer-club-square.jpg\" alt=\"\"><\/div>\n             <\/a><div class=\"top-resourcebox\">\n                 <a href=\"\/fr\/a-velo-avec-ra\/\"><h3>V\u00e9lo<\/h3> <\/a>\n              <\/div><!--top-resourcebox--><div class=\"resourcebox\"><p><\/p><a class=\"rdmore\" href=\"\/fr\/a-velo-avec-ra\/\">Lire la suite<\/a><\/div>\n          <\/div>\n\t\t\t\n  \t\t\t<div class=\"fourbox 31147\">\n\t  \t\t\t   <a href=\"https:\/\/randonnee.ca\/fr\/resources\/randonnee\/\">\n             <div class=\"thumbbx\"><img decoding=\"async\" src=\"https:\/\/randonnee.ca\/wp-content\/uploads\/hiking_sept-chutes_2021-square-scaled.jpg\" alt=\"\"><\/div>\n             <\/a><div class=\"top-resourcebox\">\n                 <a href=\"\/fr\/en-randonnee-avec-ra\/\"><h3>Randonn\u00e9e<\/h3> <\/a>\n              <\/div><!--top-resourcebox--><div class=\"resourcebox\"><p><\/p><a class=\"rdmore\" href=\"\/fr\/en-randonnee-avec-ra\/\">Lire la suite<\/a><\/div>\n          <\/div>\n\t\t\t\n  \t\t\t<div class=\"fourbox 31145\">\n\t  \t\t\t   <a href=\"https:\/\/randonnee.ca\/fr\/resources\/sports-dhiver\/\">\n             <div class=\"thumbbx\"><img decoding=\"async\" src=\"https:\/\/randonnee.ca\/wp-content\/uploads\/winter_tips_ski_group-square.jpg\" alt=\"\"><\/div>\n             <\/a><div class=\"top-resourcebox\">\n                 <a href=\"https:\/\/randonnee.ca\/fr\/ski-de-fond-et-raquette-avec-ra\/\"><h3>Sports d&#8217;hiver<\/h3> <\/a>\n              <\/div><!--top-resourcebox--><div class=\"resourcebox\"><p><\/p><a class=\"rdmore\" href=\"https:\/\/randonnee.ca\/fr\/ski-de-fond-et-raquette-avec-ra\/\">Lire la suite<\/a><\/div>\n          <\/div>\n\t\t\t\n  \t\t\t<div class=\"fourbox 31140\">\n\t  \t\t\t   <a href=\"https:\/\/randonnee.ca\/fr\/resources\/promenades-urbaines\/\">\n             <div class=\"thumbbx\"><img decoding=\"async\" src=\"https:\/\/randonnee.ca\/wp-content\/uploads\/city_walks_colorful_downtown-e1763419239274.jpg\" alt=\"\"><\/div>\n             <\/a><div class=\"top-resourcebox\">\n                 <a href=\"https:\/\/randonnee.ca\/fr\/les-promenades-urbaines-avec-ra\/\"><h3>Promenades urbaines<\/h3> <\/a>\n              <\/div><!--top-resourcebox--><div class=\"resourcebox\"><p><\/p><a class=\"rdmore\" href=\"https:\/\/randonnee.ca\/fr\/les-promenades-urbaines-avec-ra\/\">Lire la suite<\/a><\/div>\n          <\/div>\n\t\t\t<\/div><br \/>\n<div class=\"\"><div class=\"UnderLine\" style=\"margin-bottom:50px;\"><span class=\"hr-style\"><\/span><\/div><\/div><br \/>\n<div class=\"controls\"><ul><li class=\"filter\" data-filter=\"all\">Show All<\/li><li class=\"filter\" data-filter=\"140\">promenades urbaines<\/li><li class=\"filter\" data-filter=\"123\">randonn\u00e9e<\/li><li class=\"filter\" data-filter=\"124\">sports d&#039;hiver<\/li><li class=\"filter\" data-filter=\"122\">v\u00e9lo<\/li><\/ul><\/div><div class=\"gallery\"><ul id=\"Grid\"><li class=\"mix 140\" >\n\t\t\t   <strong><\/strong><a href=\"https:\/\/randonnee.ca\/wp-content\/uploads\/city_walks_colorful_downtown-e1763419239274.jpg\" rel=\"prettyPhoto[pp_gal]\"><img decoding=\"async\" src=\"https:\/\/randonnee.ca\/wp-content\/uploads\/city_walks_colorful_downtown-e1763419239274.jpg\"\/><\/a><\/li><li class=\"mix 122\" >\n\t\t\t   <strong>V\u00e9lo avec RA<\/strong><a href=\"https:\/\/randonnee.ca\/wp-content\/uploads\/cycling_buy-sell_ormstown_covered-bridge-scaled.jpg\" rel=\"prettyPhoto[pp_gal]\"><img decoding=\"async\" src=\"https:\/\/randonnee.ca\/wp-content\/uploads\/cycling_buy-sell_ormstown_covered-bridge-scaled.jpg\"\/><\/a><\/li><li class=\"mix 124\" >\n\t\t\t   <strong>Sports d&#8217;hiver avec RA<\/strong><a href=\"https:\/\/randonnee.ca\/wp-content\/uploads\/winter_snowshoe_parc-mont-orford-e1639499813219.jpg\" rel=\"prettyPhoto[pp_gal]\"><img decoding=\"async\" src=\"https:\/\/randonnee.ca\/wp-content\/uploads\/winter_snowshoe_parc-mont-orford-e1639499813219.jpg\"\/><\/a><\/li><li class=\"mix 124\" style=\"margin-right:0\">\n\t\t\t   <strong>Sports d&#8217;hiver avec RA<\/strong><a href=\"https:\/\/randonnee.ca\/wp-content\/uploads\/winter_buy-sell_ski_trio-scaled.jpg\" rel=\"prettyPhoto[pp_gal]\"><img decoding=\"async\" src=\"https:\/\/randonnee.ca\/wp-content\/uploads\/winter_buy-sell_ski_trio-scaled.jpg\"\/><\/a><\/li><li class=\"mix 124\" >\n\t\t\t   <strong>Sports d&#8217;hiver avec RA<\/strong><a href=\"https:\/\/randonnee.ca\/wp-content\/uploads\/winter_snowshoe_mauricie-e1639499570567.jpg\" rel=\"prettyPhoto[pp_gal]\"><img decoding=\"async\" src=\"https:\/\/randonnee.ca\/wp-content\/uploads\/winter_snowshoe_mauricie-e1639499570567.jpg\"\/><\/a><\/li><li class=\"mix 123\" >\n\t\t\t   <strong>Randonn\u00e9e avec RA<\/strong><a href=\"https:\/\/randonnee.ca\/wp-content\/uploads\/hiking_becoming_7-chutes-scaled.jpg\" rel=\"prettyPhoto[pp_gal]\"><img decoding=\"async\" src=\"https:\/\/randonnee.ca\/wp-content\/uploads\/hiking_becoming_7-chutes-scaled.jpg\"\/><\/a><\/li><li class=\"mix 123\" >\n\t\t\t   <strong>Randonn\u00e9e avec RA<\/strong><a href=\"https:\/\/randonnee.ca\/wp-content\/uploads\/hiking_buy-sell_cap-360-scaled.jpg\" rel=\"prettyPhoto[pp_gal]\"><img decoding=\"async\" src=\"https:\/\/randonnee.ca\/wp-content\/uploads\/hiking_buy-sell_cap-360-scaled.jpg\"\/><\/a><\/li><li class=\"mix 123\" style=\"margin-right:0\">\n\t\t\t   <strong>Randonn\u00e9e avec RA<\/strong><a href=\"https:\/\/randonnee.ca\/wp-content\/uploads\/hiking_sept-chutes_2021-scaled.jpg\" rel=\"prettyPhoto[pp_gal]\"><img decoding=\"async\" src=\"https:\/\/randonnee.ca\/wp-content\/uploads\/hiking_sept-chutes_2021-scaled.jpg\"\/><\/a><\/li><li class=\"mix 122\" >\n\t\t\t   <strong>V\u00e9lo avec RA<\/strong><a href=\"https:\/\/randonnee.ca\/wp-content\/uploads\/C12-Sutton.jpg\" rel=\"prettyPhoto[pp_gal]\"><img decoding=\"async\" src=\"https:\/\/randonnee.ca\/wp-content\/uploads\/C12-Sutton.jpg\"\/><\/a><\/li><li class=\"mix 123\" >\n\t\t\t   <strong>Randonn\u00e9e avec RA<\/strong><a href=\"https:\/\/randonnee.ca\/wp-content\/uploads\/hiking_foret-oureau_2021-scaled-e1742865163674.jpg\" rel=\"prettyPhoto[pp_gal]\"><img decoding=\"async\" src=\"https:\/\/randonnee.ca\/wp-content\/uploads\/hiking_foret-oureau_2021-scaled-e1742865163674.jpg\"\/><\/a><\/li><li class=\"mix 122\" >\n\t\t\t   <strong>V\u00e9lo avec RA<\/strong><a href=\"https:\/\/randonnee.ca\/wp-content\/uploads\/cycle_group1.jpg\" rel=\"prettyPhoto[pp_gal]\"><img decoding=\"async\" src=\"https:\/\/randonnee.ca\/wp-content\/uploads\/cycle_group1.jpg\"\/><\/a><\/li><li class=\"mix 122\" style=\"margin-right:0\">\n\t\t\t   <strong>V\u00e9lo avec RA<\/strong><a href=\"https:\/\/randonnee.ca\/wp-content\/uploads\/cycling_advantages_map-reading.jpeg\" rel=\"prettyPhoto[pp_gal]\"><img decoding=\"async\" src=\"https:\/\/randonnee.ca\/wp-content\/uploads\/cycling_advantages_map-reading.jpeg\"\/><\/a><\/li><\/ul><\/p>\n","protected":false},"excerpt":{"rendered":"<p>Nos calendriers de cyclisme et de randonn\u00e9e pour 2026 sont maintenant en ligne ! Treize (13) sorties randonn\u00e9es de samedi en autobus de luxe entre juin et octobre. Ces voyages sont actuellement disponibles \u00e0 l&#8217;achat en ligne. Deux (2) fin de semaine cyclisme. Ces voyages sont actuellement disponibles \u00e0 l&#8217;achat en ligne. Dix-huit (18) sorties \u00e0 v\u00e9lo le samedi entre mai et septembre. Ces voyages sont d\u00e9sormais affich\u00e9s en ligne. 2026 marque le 40e anniversaire de RA et nous proposons de nombreux voyages \u00e0 prix r\u00e9duits pour c\u00e9l\u00e9brer cet \u00e9v\u00e9nement! Parmi les \u00e9v\u00e9nements nous avons un concours de photos ouvert&#8230; <\/p>\n","protected":false},"author":1,"featured_media":0,"parent":0,"menu_order":0,"comment_status":"closed","ping_status":"closed","template":"","meta":{"footnotes":""},"publishpress_future_action":{"enabled":false,"date":"2026-05-11 02:46:29","action":"draft","terms":[],"taxonomy":"translation_priority"},"_links":{"self":[{"href":"https:\/\/randonnee.ca\/fr\/wp-json\/wp\/v2\/pages\/21786"}],"collection":[{"href":"https:\/\/randonnee.ca\/fr\/wp-json\/wp\/v2\/pages"}],"about":[{"href":"https:\/\/randonnee.ca\/fr\/wp-json\/wp\/v2\/types\/page"}],"author":[{"embeddable":true,"href":"https:\/\/randonnee.ca\/fr\/wp-json\/wp\/v2\/users\/1"}],"replies":[{"embeddable":true,"href":"https:\/\/randonnee.ca\/fr\/wp-json\/wp\/v2\/comments?post=21786"}],"version-history":[{"count":83,"href":"https:\/\/randonnee.ca\/fr\/wp-json\/wp\/v2\/pages\/21786\/revisions"}],"predecessor-version":[{"id":31463,"href":"https:\/\/randonnee.ca\/fr\/wp-json\/wp\/v2\/pages\/21786\/revisions\/31463"}],"wp:attachment":[{"href":"https:\/\/randonnee.ca\/fr\/wp-json\/wp\/v2\/media?parent=21786"}],"curies":[{"name":"wp","href":"https:\/\/api.w.org\/{rel}","templated":true}]}}