{"id":27026,"date":"2024-03-21T12:59:48","date_gmt":"2024-03-21T16:59:48","guid":{"rendered":"https:\/\/randonnee.ca\/?page_id=27026"},"modified":"2026-03-15T08:34:26","modified_gmt":"2026-03-15T12:34:26","slug":"voyages-ra-aux-etats-unis","status":"publish","type":"page","link":"https:\/\/randonnee.ca\/fr\/voyages-ra-aux-etats-unis\/","title":{"rendered":"Voyages RA aux \u00c9tats-Unis"},"content":{"rendered":"<h3><span style=\"color: #008227;\">Pas de Randonn\u00e9es aux \u00c9tats-Unis pour 2026<\/span><\/h3>\n<p>\u00c0 la lumi\u00e8re du climat politique actuel et \u00e0 l&#8217;\u00e9coute des pr\u00e9occupations de nos membres, Randonn\u00e9e Aventure a d\u00e9cid\u00e9 de ne faire que des randonn\u00e9es au Qu\u00e9bec cette ann\u00e9e. Randonn\u00e9e Aventure \u00e9tant un club \u00e0 but non lucratif, notre objectif financier est de couvrir nos d\u00e9penses. Nos recherches montrent une baisse de la demande pour les randonn\u00e9es aux \u00c9tats-Unis, ce qui entra\u00eenerait une perte financi\u00e8re pour ces randonn\u00e9es.  Il n&#8217;est que prudent que RA s&#8217;adapte \u00e0 cette situation.<\/p>\n<p>Randonn\u00e9e Aventure se r\u00e9jouit des temps meilleurs \u00e0 venir et de notre retour sur les magnifiques sentiers de randonn\u00e9e de New York et du Vermont.<\/p>\n<h3><span style=\"color: #008227;\">Exigences \u00e0 remplir pour le passage de la fronti\u00e8re<\/span><\/h3>\n<p>Tous les participants aux sorties pr\u00e9vues aux \u00c9tats-Unis doivent d\u00e9tenir un passeport canadien ou am\u00e9ricain valide, ou alors avoir en leur possession un visa valide ou une autorisation de voyage aussi bien pour entrer aux \u00c9tats-Unis que pour revenir au Canada. <strong>Vous devez vous procurer les documents n\u00e9cessaires avant le jour de la sortie et les avoir avec vous au moment de la sortie.<\/strong><\/p>\n<p>Les citoyens de nombreux pays europ\u00e9ens ou autres, d\u00e9tenant un passeport valide peuvent faire la demande d\u2019une autorisation de voyage en ligne en avance par ESTA, le syst\u00e8me \u00e9lectronique am\u00e9ricain pour les autorisations de voyage. Pour v\u00e9rifier votre admissibilit\u00e9, consultez :<\/p>\n<p><a href=\"https:\/\/esta.cbp.dhs.gov\/\" target=\"_blank\" rel=\"noopener noreferrer\">https:\/\/esta.cbp.dhs.gov\/<\/a><\/p>\n<p>Prenez note que ESTA ne d\u00e9livre pas de visas mais uniquement des autorisations de voyage d\u2019agr\u00e9ment de courte dur\u00e9e. Vous devrez vous y prendre \u00e0 l\u2019avance, la proc\u00e9dure pouvant prendre plus d\u2019une semaine.  <\/p>\n<p>Si vous n\u2019\u00eates <strong>PAS<\/strong> citoyen d\u2019un des pays desservis par le syst\u00e8me ESTA, et n\u2019avez pas de visa valide, vous devrez faire une demande de visa aupr\u00e8s de l\u2019ambassade am\u00e9ricaine ou d\u2019un consulat am\u00e9ricain bien avant le voyage. Vous ne pouvez \u00e0 aucun moment faire cette d\u00e9marche \u00e0 la fronti\u00e8re lors d\u2019une sortie.   <\/p>\n<p><strong>En r\u00e9sum\u00e9<\/strong> : Lors des sorties aux \u00c9tats-Unis, vous \u00eates tenu d\u2019avoir en votre possession tout document requis pour passer la fronti\u00e8re.  Si l\u2019entr\u00e9e aux \u00c9tats-Unis vous \u00e9tait refus\u00e9e \u00e0 cause d\u2019un document inad\u00e9quat, RA n\u2019aurait pas d\u2019autre choix que de vous laisser \u00e0 la fronti\u00e8re.  <\/p>\n<h3><span style=\"color: #008227;\">Assurance voyage<\/span><\/h3>\n<p>Randonn\u00e9e Aventure recommande fortement \u00e0 toute personne qui participe \u00e0 une activit\u00e9 du club \u00e0 l\u2019ext\u00e9rieur du Qu\u00e9bec de souscrire \u00e0 une assurance voyage. L\u2019assurance maladie du Qu\u00e9bec ne couvre qu\u2019une modeste portion des frais pouvant \u00eatre encourus \u00e0 l\u2019ext\u00e9rieur de la province. Une hospitalisation aux \u00c9tats-Unis co\u00fbte plusieurs milliers de dollars par jour.<\/p>\n<p>Assurez-vous d\u2019\u00eatre couvert par une assurance voyage avant de voyager aux \u00c9tats-Unis, m\u00eame si la dur\u00e9e de l\u2019excursion n\u2019est que de quelques heures. Conservez tous les d\u00e9tails concernant votre assurance voyage sur vous; le nom et num\u00e9ro de t\u00e9l\u00e9phone de votre compagnie d\u2019assurance ainsi que le num\u00e9ro de la police. L\u2019assurance voyage n\u2019est pas ch\u00e8re \u2013 si l\u2019on consid\u00e8re les alternatives.<\/p>\n<p>Soyez pr\u00eat! Assurez-vous donc d\u2019\u00eatre suffisamment couvert en cas de besoin.<\/p>\n<h3><span style=\"color: #008227;\">Politique concernant les achats aux \u00c9tats-Unis<\/span><\/h3>\n<p>Veuillez noter que nous ne permettons pas aux participants des excursions d\u2019une journ\u00e9e aux \u00c9tats-Unis de faire des achats, ceci en vue de simplifier les proc\u00e9dures \u00e0 la fronti\u00e8re.<\/p>\n","protected":false},"excerpt":{"rendered":"<p>Pas de Randonn\u00e9es aux \u00c9tats-Unis pour 2026 \u00c0 la lumi\u00e8re du climat politique actuel et \u00e0 l&#8217;\u00e9coute des pr\u00e9occupations de nos membres, Randonn\u00e9e Aventure a d\u00e9cid\u00e9 de ne faire que des randonn\u00e9es au Qu\u00e9bec cette ann\u00e9e. Randonn\u00e9e Aventure \u00e9tant un club \u00e0 but non lucratif, notre objectif financier est de couvrir nos d\u00e9penses. Nos recherches montrent une baisse de la demande pour les randonn\u00e9es aux \u00c9tats-Unis, ce qui entra\u00eenerait une perte financi\u00e8re pour ces randonn\u00e9es. Il n&#8217;est que prudent que RA s&#8217;adapte \u00e0 cette situation. Randonn\u00e9e Aventure se r\u00e9jouit des temps meilleurs \u00e0 venir et de notre retour sur les&#8230; <\/p>\n","protected":false},"author":134,"featured_media":0,"parent":0,"menu_order":0,"comment_status":"closed","ping_status":"closed","template":"full-width.php","meta":{"footnotes":""},"publishpress_future_action":{"enabled":false,"date":"2026-05-12 05:40:57","action":"draft","terms":[],"taxonomy":"translation_priority"},"_links":{"self":[{"href":"https:\/\/randonnee.ca\/fr\/wp-json\/wp\/v2\/pages\/27026"}],"collection":[{"href":"https:\/\/randonnee.ca\/fr\/wp-json\/wp\/v2\/pages"}],"about":[{"href":"https:\/\/randonnee.ca\/fr\/wp-json\/wp\/v2\/types\/page"}],"author":[{"embeddable":true,"href":"https:\/\/randonnee.ca\/fr\/wp-json\/wp\/v2\/users\/134"}],"replies":[{"embeddable":true,"href":"https:\/\/randonnee.ca\/fr\/wp-json\/wp\/v2\/comments?post=27026"}],"version-history":[{"count":5,"href":"https:\/\/randonnee.ca\/fr\/wp-json\/wp\/v2\/pages\/27026\/revisions"}],"predecessor-version":[{"id":31170,"href":"https:\/\/randonnee.ca\/fr\/wp-json\/wp\/v2\/pages\/27026\/revisions\/31170"}],"wp:attachment":[{"href":"https:\/\/randonnee.ca\/fr\/wp-json\/wp\/v2\/media?parent=27026"}],"curies":[{"name":"wp","href":"https:\/\/api.w.org\/{rel}","templated":true}]}}