{"id":29838,"date":"2025-09-27T20:29:28","date_gmt":"2025-09-28T00:29:28","guid":{"rendered":"https:\/\/randonnee.ca\/?page_id=29838"},"modified":"2026-01-22T17:07:14","modified_gmt":"2026-01-22T22:07:14","slug":"les-promenades-urbaines-avec-ra","status":"publish","type":"page","link":"https:\/\/randonnee.ca\/fr\/les-promenades-urbaines-avec-ra\/","title":{"rendered":"Les Promenades urbaines avec RA"},"content":{"rendered":"<h3><\/h3>\n<p><b><img loading=\"lazy\" decoding=\"async\" class=\"size-medium wp-image-30312 alignleft\" src=\"https:\/\/randonnee.ca\/wp-content\/uploads\/\/city_walks_colorful_downtown-240x300.jpg\" alt=\"\" width=\"240\" height=\"300\" \/>Les promenades urbaines<\/b> sont un projet pilote qui, nous l\u2019esp\u00e9rons, deviendra bient\u00f4t une activit\u00e9 r\u00e9guli\u00e8re de Randonn\u00e9e Aventure. Cette activit\u00e9 sera offerte lorsque nos autres activit\u00e9s ne le sont pas, g\u00e9n\u00e9ralement pendant la basse saison de Randonn\u00e9e Aventure (printemps et automne).<img loading=\"lazy\" decoding=\"async\" class=\"size-medium wp-image-30319 alignright\" src=\"https:\/\/randonnee.ca\/wp-content\/uploads\/\/city_walks_park_bench-240x300.jpg\" alt=\"\" width=\"240\" height=\"300\" srcset=\"https:\/\/randonnee.ca\/wp-content\/uploads\/city_walks_park_bench-240x300.jpg 240w, https:\/\/randonnee.ca\/wp-content\/uploads\/city_walks_park_bench-819x1024.jpg 819w, https:\/\/randonnee.ca\/wp-content\/uploads\/city_walks_park_bench-768x960.jpg 768w, https:\/\/randonnee.ca\/wp-content\/uploads\/city_walks_park_bench-1229x1536.jpg 1229w, https:\/\/randonnee.ca\/wp-content\/uploads\/city_walks_park_bench-400x500.jpg 400w, https:\/\/randonnee.ca\/wp-content\/uploads\/city_walks_park_bench.jpg 1440w\" sizes=\"(max-width: 240px) 100vw, 240px\" \/><\/p>\n<p>Au printemps et \u00e0 l&#8217;automne l\u2019activit\u00e9 consiste en des promenades relativement courtes (de 2 \u00e0 4 kilom\u00e8tres environ) dans des quartiers montr\u00e9alais et des parcs urbains. Les promenades auront lieu le samedi matin, entre 10 h et midi. Un arr\u00eat pour un caf\u00e9 ou une collation sera g\u00e9n\u00e9ralement pr\u00e9vu pendant ou apr\u00e8s la promenade.<\/p>\n<p>En janvier et f\u00e9vrier, les samedis o\u00f9 aucune sortie en autobus n&#8217;est pr\u00e9vue, nous visiterons les parcs locaux qui offrent des sentiers de ski, raquette ou de marche. Ces sorties auront lieu le samedi matin, entre 10 h et midi.<\/p>\n<p>L\u2019horaire des sorties est publi\u00e9 dans le <a href=\"https:\/\/randonnee.ca\/fr\/calendrier-promenades-urbaines\/\">Calendrier des Promenades urbaines<\/a>.<\/p>\n<p>Les conditions m\u00e9t\u00e9orologiques et l&#8217;\u00e9tat des sentiers peuvent entra\u00eener un changement de destination ou l&#8217;annulation de la sortie. Consultez toujours le <a href=\"https:\/\/randonnee-city1.wikidot.com\/\" target=\"_blank\" rel=\"noopener\">Wiki (Promenades urbaines)<\/a> apr\u00e8s 19 h le vendredi pr\u00e9c\u00e9dant la sortie pour vous assurer qu&#8217;il n&#8217;y a pas eu de modifications.<\/p>\n<p>C\u2019est un plaisir pour nous de recevoir commentaires et suggestions des membres de Randonn\u00e9e Aventure. Envoyez vos id\u00e9es par courriel \u00e0 notre directeur des activit\u00e9s sociales au <a href=\"mailto:info@randonnee.ca\">info@randonnee.ca<\/a>.<\/p>\n","protected":false},"excerpt":{"rendered":"<p>Les promenades urbaines sont un projet pilote qui, nous l\u2019esp\u00e9rons, deviendra bient\u00f4t une activit\u00e9 r\u00e9guli\u00e8re de Randonn\u00e9e Aventure. Cette activit\u00e9 sera offerte lorsque nos autres activit\u00e9s ne le sont pas, g\u00e9n\u00e9ralement pendant la basse saison de Randonn\u00e9e Aventure (printemps et automne). Au printemps et \u00e0 l&#8217;automne l\u2019activit\u00e9 consiste en des promenades relativement courtes (de 2 \u00e0 4 kilom\u00e8tres environ) dans des quartiers montr\u00e9alais et des parcs urbains. Les promenades auront lieu le samedi matin, entre 10 h et midi. Un arr\u00eat pour un caf\u00e9 ou une collation sera g\u00e9n\u00e9ralement pr\u00e9vu pendant ou apr\u00e8s la promenade. En janvier et f\u00e9vrier, les&#8230; <\/p>\n","protected":false},"author":1,"featured_media":0,"parent":0,"menu_order":0,"comment_status":"closed","ping_status":"closed","template":"full-width.php","meta":{"footnotes":""},"publishpress_future_action":{"enabled":false,"date":"2026-05-12 06:28:34","action":"draft","terms":[],"taxonomy":"translation_priority"},"_links":{"self":[{"href":"https:\/\/randonnee.ca\/fr\/wp-json\/wp\/v2\/pages\/29838"}],"collection":[{"href":"https:\/\/randonnee.ca\/fr\/wp-json\/wp\/v2\/pages"}],"about":[{"href":"https:\/\/randonnee.ca\/fr\/wp-json\/wp\/v2\/types\/page"}],"author":[{"embeddable":true,"href":"https:\/\/randonnee.ca\/fr\/wp-json\/wp\/v2\/users\/1"}],"replies":[{"embeddable":true,"href":"https:\/\/randonnee.ca\/fr\/wp-json\/wp\/v2\/comments?post=29838"}],"version-history":[{"count":17,"href":"https:\/\/randonnee.ca\/fr\/wp-json\/wp\/v2\/pages\/29838\/revisions"}],"predecessor-version":[{"id":30759,"href":"https:\/\/randonnee.ca\/fr\/wp-json\/wp\/v2\/pages\/29838\/revisions\/30759"}],"wp:attachment":[{"href":"https:\/\/randonnee.ca\/fr\/wp-json\/wp\/v2\/media?parent=29838"}],"curies":[{"name":"wp","href":"https:\/\/api.w.org\/{rel}","templated":true}]}}