{"id":30722,"date":"2026-01-11T16:59:58","date_gmt":"2026-01-11T21:59:58","guid":{"rendered":"https:\/\/randonnee.ca\/?page_id=30722"},"modified":"2026-01-12T12:53:53","modified_gmt":"2026-01-12T17:53:53","slug":"concours-de-photos-du-40ieme-anniversaire","status":"publish","type":"page","link":"https:\/\/randonnee.ca\/fr\/concours-de-photos-du-40ieme-anniversaire\/","title":{"rendered":"Concours de photos du 40i\u00e8me anniversaire"},"content":{"rendered":"<table border=\"0\" cellspacing=\"1\" cellpadding=\"10\" align=\"center\">\n<tbody>\n<tr>\n<td style=\"font-size: 24; text-align: left;\" align=\"left\" valign=\"top\" width=\"48%\">\n<h3><span style=\"color: #339933;\">Randonn\u00e9e Aventure f\u00eate ses quarante ans!<\/span><\/h3>\n<p>Randonn\u00e9e Aventure f\u00eate ses quarante ans cette ann\u00e9e! Parmi les \u00e9v\u00e9nements qui marqueront cet anniversaire nous lan\u00e7ons un concours de photos ouvert \u00e0 tous nos membres.<\/p>\n<h3><span style=\"color: #339933;\">Les cat\u00e9gories de photos du concours<\/span><\/h3>\n<ul>\n<li>Sports d\u2019hiver<\/li>\n<li>Cyclisme<\/li>\n<li>Randonn\u00e9e<\/li>\n<li>Social<\/li>\n<li>Paysage\/nature<\/li>\n<li>Humour<\/li>\n<li>Nostalgie RA &#8211; photo prise au cours des derni\u00e8res 40 ann\u00e9es.<\/li>\n<li>Voyage &#8211; photo prise lors d\u2019un voyage personnel<\/li>\n<\/ul>\n<h3><span style=\"color: #339933;\">R\u00e8glements du concours<\/span><\/h3>\n<ul>\n<li>Le concours est maintenant ouvert et se termine le 15 novembre, 2026.<\/li>\n<li>Les photos doivent \u00eatre en lien avec RA (sauf Voyage) et devront avoir \u00e9t\u00e9 prises entre novembre 2025 et novembre 2026 (sauf Nostalgie RA).<\/li>\n<li>Vous pouvez soumettre jusqu\u2019\u00e0 6 photos par cat\u00e9gorie.<\/li>\n<li>Notez que ces photos pourront servir aux publicit\u00e9s de RA dans les r\u00e9seaux sociaux et autres. Si des personnes apparaissent \u00e0 une photo, vous devrez avoir obtenu au pr\u00e9alable leur permission avant de la soumettre.<\/li>\n<li>Faites-nous parvenir vos photos (haute r\u00e9solution si possible), sans oublier d\u2019indiquer votre nom et de sp\u00e9cifier pour chaque photo sa cat\u00e9gorie et date de prise approximative, \u00e0\u00a0<a href=\"mailto:raphotocontest2026@gmail.com\">raphotocontest2026@gmail.com<\/a><\/li>\n<li>Les gagnant(e)s seront d\u00e9voil\u00e9(e)s et des prix accord\u00e9s lors de l\u2019assembl\u00e9e g\u00e9n\u00e9rale annuelle de 2026.<\/li>\n<\/ul>\n<h3><span style=\"color: #339933;\">\u00c0 vos appareils, tout le monde!<\/span><\/h3>\n<\/td>\n<td style=\"font-size: 24;\" align=\"left\" valign=\"top\" width=\"4%\"><\/td>\n<td style=\"font-size: 24; text-align: left;\" align=\"left\" valign=\"top\" bgcolor=\"#ffffff\" width=\"48%\">\u00a0<img loading=\"lazy\" decoding=\"async\" class=\"alignnone wp-image-30705 size-medium\" src=\"https:\/\/randonnee.ca\/wp-content\/uploads\/\/winter_photo_contest-300x225.jpg\" alt=\"\" width=\"300\" height=\"225\" srcset=\"https:\/\/randonnee.ca\/wp-content\/uploads\/winter_photo_contest-300x225.jpg 300w, https:\/\/randonnee.ca\/wp-content\/uploads\/winter_photo_contest-1024x768.jpg 1024w, https:\/\/randonnee.ca\/wp-content\/uploads\/winter_photo_contest-768x576.jpg 768w, https:\/\/randonnee.ca\/wp-content\/uploads\/winter_photo_contest-1536x1152.jpg 1536w, https:\/\/randonnee.ca\/wp-content\/uploads\/winter_photo_contest-2048x1536.jpg 2048w, https:\/\/randonnee.ca\/wp-content\/uploads\/winter_photo_contest-400x300.jpg 400w\" sizes=\"(max-width: 300px) 100vw, 300px\" \/><\/p>\n<p><img loading=\"lazy\" decoding=\"async\" class=\"alignnone wp-image-30715 size-medium\" src=\"https:\/\/randonnee.ca\/wp-content\/uploads\/\/humour_photo_contest-300x225.jpg\" alt=\"\" width=\"300\" height=\"225\" srcset=\"https:\/\/randonnee.ca\/wp-content\/uploads\/humour_photo_contest-300x225.jpg 300w, https:\/\/randonnee.ca\/wp-content\/uploads\/humour_photo_contest-1024x768.jpg 1024w, https:\/\/randonnee.ca\/wp-content\/uploads\/humour_photo_contest-768x576.jpg 768w, https:\/\/randonnee.ca\/wp-content\/uploads\/humour_photo_contest-1536x1152.jpg 1536w, https:\/\/randonnee.ca\/wp-content\/uploads\/humour_photo_contest-400x300.jpg 400w, https:\/\/randonnee.ca\/wp-content\/uploads\/humour_photo_contest.jpg 1800w\" sizes=\"(max-width: 300px) 100vw, 300px\" \/><\/p>\n<p><img loading=\"lazy\" decoding=\"async\" class=\"alignnone wp-image-30719 size-medium\" src=\"https:\/\/randonnee.ca\/wp-content\/uploads\/\/hiking_photo_contest-300x225.jpg\" alt=\"\" width=\"300\" height=\"225\" srcset=\"https:\/\/randonnee.ca\/wp-content\/uploads\/hiking_photo_contest-300x225.jpg 300w, https:\/\/randonnee.ca\/wp-content\/uploads\/hiking_photo_contest-1024x768.jpg 1024w, https:\/\/randonnee.ca\/wp-content\/uploads\/hiking_photo_contest-768x576.jpg 768w, https:\/\/randonnee.ca\/wp-content\/uploads\/hiking_photo_contest-1536x1152.jpg 1536w, https:\/\/randonnee.ca\/wp-content\/uploads\/hiking_photo_contest-2048x1536.jpg 2048w, https:\/\/randonnee.ca\/wp-content\/uploads\/hiking_photo_contest-400x300.jpg 400w\" sizes=\"(max-width: 300px) 100vw, 300px\" \/><\/td>\n<\/tr>\n<\/tbody>\n<\/table>\n","protected":false},"excerpt":{"rendered":"<p>Randonn\u00e9e Aventure f\u00eate ses quarante ans! Randonn\u00e9e Aventure f\u00eate ses quarante ans cette ann\u00e9e! Parmi les \u00e9v\u00e9nements qui marqueront cet anniversaire nous lan\u00e7ons un concours de photos ouvert \u00e0 tous nos membres. Les cat\u00e9gories de photos du concours Sports d\u2019hiver Cyclisme Randonn\u00e9e Social Paysage\/nature Humour Nostalgie RA &#8211; photo prise au cours des derni\u00e8res 40 ann\u00e9es. Voyage &#8211; photo prise lors d\u2019un voyage personnel R\u00e8glements du concours Le concours est maintenant ouvert et se termine le 15 novembre, 2026. Les photos doivent \u00eatre en lien avec RA (sauf Voyage) et devront avoir \u00e9t\u00e9 prises entre novembre 2025 et novembre 2026&#8230; <\/p>\n","protected":false},"author":134,"featured_media":0,"parent":0,"menu_order":0,"comment_status":"closed","ping_status":"closed","template":"full-width.php","meta":{"footnotes":""},"publishpress_future_action":{"enabled":false,"date":"2026-04-24 10:50:03","action":"draft","terms":[],"taxonomy":"translation_priority"},"_links":{"self":[{"href":"https:\/\/randonnee.ca\/fr\/wp-json\/wp\/v2\/pages\/30722"}],"collection":[{"href":"https:\/\/randonnee.ca\/fr\/wp-json\/wp\/v2\/pages"}],"about":[{"href":"https:\/\/randonnee.ca\/fr\/wp-json\/wp\/v2\/types\/page"}],"author":[{"embeddable":true,"href":"https:\/\/randonnee.ca\/fr\/wp-json\/wp\/v2\/users\/134"}],"replies":[{"embeddable":true,"href":"https:\/\/randonnee.ca\/fr\/wp-json\/wp\/v2\/comments?post=30722"}],"version-history":[{"count":4,"href":"https:\/\/randonnee.ca\/fr\/wp-json\/wp\/v2\/pages\/30722\/revisions"}],"predecessor-version":[{"id":30731,"href":"https:\/\/randonnee.ca\/fr\/wp-json\/wp\/v2\/pages\/30722\/revisions\/30731"}],"wp:attachment":[{"href":"https:\/\/randonnee.ca\/fr\/wp-json\/wp\/v2\/media?parent=30722"}],"curies":[{"name":"wp","href":"https:\/\/api.w.org\/{rel}","templated":true}]}}