{"id":7406,"date":"2015-06-27T14:45:54","date_gmt":"2015-06-27T18:45:54","guid":{"rendered":"https:\/\/randonnee.ca\/fr\/?page_id=7406"},"modified":"2026-03-23T09:42:33","modified_gmt":"2026-03-23T13:42:33","slug":"qui-sommes-nous","status":"publish","type":"page","link":"https:\/\/randonnee.ca\/fr\/qui-sommes-nous\/","title":{"rendered":"Qui sommes-nous?"},"content":{"rendered":"<table border=\"0\" cellspacing=\"1\" cellpadding=\"10\" align=\"center\">\n<tbody>\n<tr>\n<td style=\"font-size: 24; text-align: left;\" align=\"left\" valign=\"top\" width=\"48%\">\n<h3><\/h3>\n<p>Randonn\u00e9e Aventure est un club amical de Montr\u00e9al pour adultes de tous niveaux, passionn\u00e9s de plein air. Fond\u00e9 en 1986 comme organisme sans but lucratif, le club est dirig\u00e9 par des b\u00e9n\u00e9voles et compte environ 300 membres. Il offre des excursions d\u2019une journ\u00e9e le samedi pour faire de la randonn\u00e9e, du v\u00e9lo, du ski de fond ou de la raquette ainsi que des excursions plus longues certaines fins de semaine, tout au cours de l\u2019ann\u00e9e.<\/p>\n<p><img loading=\"lazy\" decoding=\"async\" class=\"wp-image-31375 size-medium alignright\" src=\"https:\/\/randonnee.ca\/wp-content\/uploads\/\/cycling_ferry_2-300x230.jpg\" alt=\"\" width=\"300\" height=\"230\" srcset=\"https:\/\/randonnee.ca\/wp-content\/uploads\/cycling_ferry_2-300x230.jpg 300w, https:\/\/randonnee.ca\/wp-content\/uploads\/cycling_ferry_2-1024x785.jpg 1024w, https:\/\/randonnee.ca\/wp-content\/uploads\/cycling_ferry_2-768x588.jpg 768w, https:\/\/randonnee.ca\/wp-content\/uploads\/cycling_ferry_2-1536x1177.jpg 1536w, https:\/\/randonnee.ca\/wp-content\/uploads\/cycling_ferry_2-400x306.jpg 400w, https:\/\/randonnee.ca\/wp-content\/uploads\/cycling_ferry_2.jpg 2048w\" sizes=\"(max-width: 300px) 100vw, 300px\" \/><\/p>\n<h3><span style=\"color: #008227;\">Notre mission<\/span><\/h3>\n<p>Promouvoir et faciliter la participation de groupe \u00e0 des activit\u00e9s de plein air dans un cadre social, en encourageant l\u2019esprit d\u2019\u00e9quipe et de collaboration par l\u2019organisation d\u2019activit\u00e9s aux co\u00fbts abordables.<\/p>\n<h3><span style=\"color: #008227;\">Nos excursions d\u2019une journ\u00e9e<\/span><\/h3>\n<p>Nos destinations sont choisies avec soin et couvrent quelques-unes des r\u00e9gions les plus pittoresques du Qu\u00e9bec, de l\u2019Ontario, de la Nouvelle-Angleterre et de l\u2019\u00c9tat de New York. Toutes sont \u00e0 moins de deux heures de route de Montr\u00e9al. Nous voyageons par autobus de luxe et, occasionnellement, en covoiturage.<\/p>\n<p><img loading=\"lazy\" decoding=\"async\" class=\"wp-image-28666 size-medium alignleft\" src=\"https:\/\/randonnee.ca\/wp-content\/uploads\/\/hiking_usie-240x300.jpg\" alt=\"\" width=\"240\" height=\"300\" srcset=\"https:\/\/randonnee.ca\/wp-content\/uploads\/hiking_usie-240x300.jpg 240w, https:\/\/randonnee.ca\/wp-content\/uploads\/hiking_usie-819x1024.jpg 819w, https:\/\/randonnee.ca\/wp-content\/uploads\/hiking_usie-768x960.jpg 768w, https:\/\/randonnee.ca\/wp-content\/uploads\/hiking_usie-1229x1536.jpg 1229w, https:\/\/randonnee.ca\/wp-content\/uploads\/hiking_usie-400x500.jpg 400w, https:\/\/randonnee.ca\/wp-content\/uploads\/hiking_usie.jpg 1440w\" sizes=\"(max-width: 240px) 100vw, 240px\" \/>Nos points de d\u00e9part sont avantageusement situ\u00e9s \u00e0 proximit\u00e9 de stations de m\u00e9tro. Durant le trajet, nous fournissons aux membres des cartes d\u00e9taill\u00e9es de divers sentiers bien trac\u00e9s pouvant r\u00e9pondre \u00e0 diff\u00e9rents niveaux de comp\u00e9tence. Sur le chemin du retour, nous essayons r\u00e9guli\u00e8rement de faire un arr\u00eat convivial au bistro local pour nous reposer et partager nos aventures de la journ\u00e9e autour d\u2019un verre.<\/p>\n<p>Nos sorties se font sans guide et nous tenons pour acquis que tous les participants sont autonomes, poss\u00e8dent l\u2019\u00e9quipement appropri\u00e9 et exerceront l\u2019activit\u00e9 de la journ\u00e9e en groupe. Le randonneur en chef jumellera les nouveaux venus avec le groupe correspondant \u00e0 leur niveau de comp\u00e9tence.<\/p>\n<p>&nbsp;<\/td>\n<td style=\"font-size: 24;\" align=\"left\" valign=\"top\" width=\"4%\"><\/td>\n<td style=\"font-size: 24; text-align: left;\" align=\"left\" valign=\"top\" bgcolor=\"#ffffff\" width=\"48%\"><img loading=\"lazy\" decoding=\"async\" class=\"wp-image-28632 size-medium alignright\" src=\"https:\/\/randonnee.ca\/wp-content\/uploads\/\/winter_group-240x300.jpg\" alt=\"\" width=\"240\" height=\"300\" srcset=\"https:\/\/randonnee.ca\/wp-content\/uploads\/winter_group-240x300.jpg 240w, https:\/\/randonnee.ca\/wp-content\/uploads\/winter_group-819x1024.jpg 819w, https:\/\/randonnee.ca\/wp-content\/uploads\/winter_group-768x960.jpg 768w, https:\/\/randonnee.ca\/wp-content\/uploads\/winter_group-1229x1536.jpg 1229w, https:\/\/randonnee.ca\/wp-content\/uploads\/winter_group-400x500.jpg 400w, https:\/\/randonnee.ca\/wp-content\/uploads\/winter_group.jpg 1638w\" sizes=\"(max-width: 240px) 100vw, 240px\" \/><\/p>\n<h3><span style=\"color: #008227;\">Nos excursions de fin de semaine<\/span><\/h3>\n<p>Nous proposons aussi des excursions de fin de semaine passionnantes de deux \u00e0 quatre jours offrant randonn\u00e9e, v\u00e9lo, ski de fond ou raquette dans des destinations hors pair. Lors de ces sorties, l\u2019h\u00e9bergement se fait dans de confortables h\u00f4tels ou condos.<\/p>\n<h3><span style=\"color: #008227;\">Faire un essai<\/span><\/h3>\n<p>Nous invitons les membres potentiels \u00e0 consulter nos nombreuses pages Web pour obtenir des informations utiles sur nos offres\u00a0:<\/p>\n<ul>\n<li><a href=\"https:\/\/randonnee.ca\/fr\/en-randonnee-avec-ra\/\">En Randonn\u00e9e avec RA<\/a><\/li>\n<li><a href=\"https:\/\/randonnee.ca\/fr\/a-velo-avec-ra\/\">\u00c0 v\u00e9lo avec RA<\/a><\/li>\n<li><a href=\"https:\/\/randonnee.ca\/fr\/ski-de-fond-et-raquette-avec-ra\/\">Ski de fond et raquette avec RA<\/a><\/li>\n<\/ul>\n<h3><span style=\"color: #008227;\">\u00c9largissez votre cercle d\u2019amis<\/span><\/h3>\n<p>Vous d\u00e9couvrirez d\u2019innombrables occasions de vous amuser avec les autres membres du club par le biais des danses, soupers, brunchs et pique-niques inscrits \u00e0 notre calendrier social.<\/p>\n<p>Nous f\u00eatons le d\u00e9but de la saison hivernale avec le tr\u00e8s populaire party des f\u00eates au d\u00e9but du mois de d\u00e9cembre. Venez vous joindre \u00e0 nous lors de ces festivit\u00e9s ou de notre sortie au pub pour la Saint Patrick. Consultez le <a href=\"https:\/\/randonnee.ca\/fr\/calendrier-social\/\">Calendrier social<\/a> pour les d\u00e9tails des \u00e9v\u00e9nements \u00e0 venir.<\/p>\n<h3><span style=\"color: #008227;\">Venez nous rejoindre!<\/span><\/h3>\n<p>Si vous aimez les activit\u00e9s de plein air, le club Randonn\u00e9e Aventure est fait pour vous! Une cotisation annuelle vous permettra de participer \u00e0 toutes les activit\u00e9s du club moyennant les frais de chaque sortie, en plus de recevoir nos communications par courriel et de profiter de rabais offerts par certaines boutiques sportives.<\/p>\n<p>Pour vous joindre au club, consultez la page <a href=\"https:\/\/randonnee.ca\/fr\/devenir-membre\/\">Devenir membre<\/a>.<\/p>\n<p>Vous pouvez nous trouver sur Facebook o\u00f9 nous avons \u00e0 la fois une page <a href=\"http:\/\/www.facebook.com\/RandonneeAventureMontreal\" target=\"_blank\" rel=\"noopener noreferrer\">Facebook \u2013 Randonn\u00e9e Aventure<\/a> ainsi qu&#8217;un groupe <a href=\"http:\/\/www.facebook.com\/groups\/RandonneeAventure\" target=\"_blank\" rel=\"noopener noreferrer\">Facebook \u2013 Groupe de discussion RA<\/a>.<\/p>\n<p>Nous sommes \u00e9galement sur Instagram.<\/p>\n<p><a href=\"http:\/\/www.facebook.com\/RandonneeAventureMontreal\" target=\"_blank\" rel=\"noopener noreferrer\"><img loading=\"lazy\" decoding=\"async\" src=\"\/wp-content\/uploads\/fbicon.jpg\" alt=\"facebook icon\" width=\"157\" height=\"40\" \/><\/a><a href=\"http:\/\/www.instagram.com\/randonneeaventure\" target=\"_blank\" rel=\"noopener\"><img loading=\"lazy\" decoding=\"async\" src=\"\/wp-content\/uploads\/instagram_fr.png\" alt=\"instagram icon\" width=\"157\" height=\"40\" \/><\/a><\/td>\n<\/tr>\n<\/tbody>\n<\/table>\n","protected":false},"excerpt":{"rendered":"<p>Randonn\u00e9e Aventure est un club amical de Montr\u00e9al pour adultes de tous niveaux, passionn\u00e9s de plein air. Fond\u00e9 en 1986 comme organisme sans but lucratif, le club est dirig\u00e9 par des b\u00e9n\u00e9voles et compte environ 300 membres. Il offre des excursions d\u2019une journ\u00e9e le samedi pour faire de la randonn\u00e9e, du v\u00e9lo, du ski de fond ou de la raquette ainsi que des excursions plus longues certaines fins de semaine, tout au cours de l\u2019ann\u00e9e. Notre mission Promouvoir et faciliter la participation de groupe \u00e0 des activit\u00e9s de plein air dans un cadre social, en encourageant l\u2019esprit d\u2019\u00e9quipe et de&#8230; <\/p>\n","protected":false},"author":1,"featured_media":0,"parent":0,"menu_order":0,"comment_status":"closed","ping_status":"open","template":"full-width.php","meta":{"footnotes":""},"publishpress_future_action":{"enabled":false,"date":"2026-05-07 10:24:05","action":"draft","terms":[],"taxonomy":"translation_priority"},"_links":{"self":[{"href":"https:\/\/randonnee.ca\/fr\/wp-json\/wp\/v2\/pages\/7406"}],"collection":[{"href":"https:\/\/randonnee.ca\/fr\/wp-json\/wp\/v2\/pages"}],"about":[{"href":"https:\/\/randonnee.ca\/fr\/wp-json\/wp\/v2\/types\/page"}],"author":[{"embeddable":true,"href":"https:\/\/randonnee.ca\/fr\/wp-json\/wp\/v2\/users\/1"}],"replies":[{"embeddable":true,"href":"https:\/\/randonnee.ca\/fr\/wp-json\/wp\/v2\/comments?post=7406"}],"version-history":[{"count":19,"href":"https:\/\/randonnee.ca\/fr\/wp-json\/wp\/v2\/pages\/7406\/revisions"}],"predecessor-version":[{"id":31378,"href":"https:\/\/randonnee.ca\/fr\/wp-json\/wp\/v2\/pages\/7406\/revisions\/31378"}],"wp:attachment":[{"href":"https:\/\/randonnee.ca\/fr\/wp-json\/wp\/v2\/media?parent=7406"}],"curies":[{"name":"wp","href":"https:\/\/api.w.org\/{rel}","templated":true}]}}