{"id":7408,"date":"2015-06-27T14:46:36","date_gmt":"2015-06-27T18:46:36","guid":{"rendered":"https:\/\/randonnee.ca\/fr\/?page_id=7408"},"modified":"2021-11-10T21:56:32","modified_gmt":"2021-11-11T02:56:32","slug":"avantages-detre-membre-ra","status":"publish","type":"page","link":"https:\/\/randonnee.ca\/fr\/avantages-detre-membre-ra\/","title":{"rendered":"Avantages d\u2019\u00eatre membre RA"},"content":{"rendered":"<table border=\"0\" cellspacing=\"1\" cellpadding=\"10\" align=\"center\">\n<tbody>\n<tr>\n<td style=\"font-size: 24; text-align: left;\" align=\"left\" valign=\"top\" width=\"48%\">\n<h3><span style=\"color: #008227;\">Devenez membre<br \/>\nde Randonn\u00e9e Aventure!<\/span><\/h3>\n<p>Comme vous pouvez le constater, nous offrons une multitude d\u2019activit\u00e9s capables de satisfaire vos envies de plein air, et bien plus encore! Par ailleurs, nos frais d\u2019adh\u00e9sion annuels se veulent abordables et vous donnent acc\u00e8s \u00e0 des escomptes dans certaines boutiques sportives.<\/p>\n<h3><span style=\"color: #008227;\">Randonn\u00e9e<\/span><\/h3>\n<p>Amateur de randonn\u00e9e? Vous appr\u00e9cierez la beaut\u00e9 incomparable des sentiers que nous parcourons dans certains coins du Vermont, dans la cha\u00eene des Adirondacks \u00e0 New York, et dans les Laurentides et les Cantons-de-l\u2019Est du Qu\u00e9bec. Apr\u00e8s la marche, nous aimons nous d\u00e9tendre dans un pub des environs. C\u2019est l\u2019occasion d\u2019\u00e9changer, de mieux nous conna\u00eetre et de passer en revue les moments forts de la journ\u00e9e.<\/p>\n<h3><span style=\"color: #008227;\"><a href=\"https:\/\/randonnee.ca\/wp-content\/uploads\/cycling_advantages_map-reading.jpeg\"><img loading=\"lazy\" decoding=\"async\" class=\"wp-image-21630 size-medium alignright\" src=\"https:\/\/randonnee.ca\/wp-content\/uploads\/\/cycling_advantages_map-reading-300x224.jpeg\" alt=\"\" width=\"300\" height=\"224\" \/><\/a>V\u00e9lo<\/span><\/h3>\n<p>Nos excursions pour cyclistes se font sur des routes qui nous sont tr\u00e8s famili\u00e8res au Vermont, \u00e0 New York, au Qu\u00e9bec et en Ontario. Les cartes que nous distribuons pr\u00e9sentent une vari\u00e9t\u00e9 de circuits, longs de 40 \u00e0 90 km, et offrent ainsi plusieurs options selon votre niveau. Pour votre propre s\u00e9curit\u00e9, le port du casque est obligatoire.<\/td>\n<td style=\"font-size: 24;\" align=\"left\" valign=\"top\" width=\"4%\"><\/td>\n<td style=\"font-size: 24; text-align: left;\" align=\"left\" valign=\"top\" bgcolor=\"#ffffff\" width=\"48%\">\n<h3><span style=\"color: #008227;\"><a href=\"https:\/\/randonnee.ca\/wp-content\/uploads\/winter_advantages_lac-munro_break.jpeg\"><img loading=\"lazy\" decoding=\"async\" class=\"wp-image-21634 size-medium alignright\" src=\"https:\/\/randonnee.ca\/wp-content\/uploads\/\/winter_advantages_lac-munro_break-225x300.jpeg\" alt=\"\" width=\"225\" height=\"300\" \/><\/a>Ski de fond et raquette<\/span><\/h3>\n<p>Les sorties ski de fond et raquette \u00e0 neige se font dans des centres reconnus des Laurentides et des Cantons-de-l\u2019Est en r\u00e8gle g\u00e9n\u00e9rale. Des cartes des pistes d\u00e9taillant les distances \u00e0 parcourir vous seront remises et les frais d\u2019entr\u00e9e sont inclus dans le co\u00fbt de l\u2019activit\u00e9. La derni\u00e8re excursion en bus de la saison se termine par un arr\u00eat au pub!<\/p>\n<h3><span style=\"color: #008227;\">Fins de semaine<\/span><\/h3>\n<p>Certaines de nos sorties sont des excursions de longue dur\u00e9e, qui comprennent l\u2019h\u00e9bergement en h\u00f4tel ou condo et se d\u00e9roulent dans d\u2019excellents lieux de randonn\u00e9e, de cyclisme ou de ski de fond.<\/p>\n<h3><span style=\"color: #008227;\">Activit\u00e9s sociales<\/span><\/h3>\n<p>Randonn\u00e9e Aventure ne manque pas non plus d\u2019activit\u00e9s sociales, parmi lesquelles : pique-niques, barbecues et \u00e9v\u00e9nements festifs, comme le party de No\u00ebl.<\/p>\n<p>Pour toute question, envoyez-nous un courriel au <a href=\"mailto:info@randonnee.ca\">info@randonnee.ca<\/a>. Nous vous r\u00e9pondrons dans les meilleurs d\u00e9lais.<\/p>\n<p>&nbsp;<\/td>\n<\/tr>\n<\/tbody>\n<\/table>\n<p>&nbsp;<\/p>\n","protected":false},"excerpt":{"rendered":"<p>Devenez membre de Randonn\u00e9e Aventure! Comme vous pouvez le constater, nous offrons une multitude d\u2019activit\u00e9s capables de satisfaire vos envies de plein air, et bien plus encore! Par ailleurs, nos frais d\u2019adh\u00e9sion annuels se veulent abordables et vous donnent acc\u00e8s \u00e0 des escomptes dans certaines boutiques sportives. Randonn\u00e9e Amateur de randonn\u00e9e? Vous appr\u00e9cierez la beaut\u00e9 incomparable des sentiers que nous parcourons dans certains coins du Vermont, dans la cha\u00eene des Adirondacks \u00e0 New York, et dans les Laurentides et les Cantons-de-l\u2019Est du Qu\u00e9bec. Apr\u00e8s la marche, nous aimons nous d\u00e9tendre dans un pub des environs. C\u2019est l\u2019occasion d\u2019\u00e9changer, de mieux&#8230; <\/p>\n","protected":false},"author":1,"featured_media":0,"parent":0,"menu_order":0,"comment_status":"closed","ping_status":"open","template":"full-width.php","meta":{"footnotes":""},"publishpress_future_action":{"enabled":false,"date":"2026-05-08 00:37:35","action":"draft","terms":[],"taxonomy":"translation_priority"},"_links":{"self":[{"href":"https:\/\/randonnee.ca\/fr\/wp-json\/wp\/v2\/pages\/7408"}],"collection":[{"href":"https:\/\/randonnee.ca\/fr\/wp-json\/wp\/v2\/pages"}],"about":[{"href":"https:\/\/randonnee.ca\/fr\/wp-json\/wp\/v2\/types\/page"}],"author":[{"embeddable":true,"href":"https:\/\/randonnee.ca\/fr\/wp-json\/wp\/v2\/users\/1"}],"replies":[{"embeddable":true,"href":"https:\/\/randonnee.ca\/fr\/wp-json\/wp\/v2\/comments?post=7408"}],"version-history":[{"count":4,"href":"https:\/\/randonnee.ca\/fr\/wp-json\/wp\/v2\/pages\/7408\/revisions"}],"predecessor-version":[{"id":22277,"href":"https:\/\/randonnee.ca\/fr\/wp-json\/wp\/v2\/pages\/7408\/revisions\/22277"}],"wp:attachment":[{"href":"https:\/\/randonnee.ca\/fr\/wp-json\/wp\/v2\/media?parent=7408"}],"curies":[{"name":"wp","href":"https:\/\/api.w.org\/{rel}","templated":true}]}}