{"id":7412,"date":"2015-06-27T14:48:00","date_gmt":"2015-06-27T18:48:00","guid":{"rendered":"https:\/\/randonnee.ca\/fr\/?page_id=7412"},"modified":"2025-03-14T18:41:14","modified_gmt":"2025-03-14T22:41:14","slug":"achat-ou-revente-des-sorties","status":"publish","type":"page","link":"https:\/\/randonnee.ca\/fr\/achat-ou-revente-des-sorties\/","title":{"rendered":"Achat ou revente des sorties"},"content":{"rendered":"<table border=\"0\" cellspacing=\"1\" cellpadding=\"10\" align=\"center\">\n<tbody>\n<tr>\n<td style=\"font-size: 24; text-align: left;\" align=\"left\" valign=\"top\" width=\"48%\">\n<strong>Les achats en ligne peuvent seulement \u00eatre r\u00e9gl\u00e9s par carte de cr\u00e9dit ou PayPal. Un compte PayPal n&#8217;est pas requis.<\/strong> Il n&#8217;est pas possible d&#8217;acheter les sorties par la poste ou par t\u00e9l\u00e9phone.<\/p>\n<h3><strong><span style=\"color: #008227;\">ADH\u00c9SION ANNUELLE<\/span><\/strong><\/h3>\n<p>Avant d&#8217;acheter des excursions, assurez-vous d&#8217;avoir une adh\u00e9sion RA active. Veuillez consulter <a href=\"https:\/\/randonnee.ca\/fr\/instructions-pour-connexion-et-achat-dadhesion-annuelle\/\">Instructions pour connexion et achat d&#8217;adh\u00e9sion annuelle<\/a> pour savoir comment proc\u00e9der.<\/p>\n<p><strong>Important<\/strong> : Les frais d&#8217;adh\u00e9sion annuelle ne sont pas remboursables.<\/p>\n<h3><strong><span style=\"color: #008227;\">EXCURSIONS D&#8217;UNE JOURN\u00c9E<\/span><\/strong><\/h3>\n<p>Veuillez-vous assurer que votre adh\u00e9sion annuelle est active avant d\u2019acheter une excursion d&#8217;une journ\u00e9e.<\/p>\n<p>Inscrivez-vous avant le d\u00e9but de la saison et profitez d\u2019un tarif pr\u00e9f\u00e9rentiel pour les excursions d\u2019une journ\u00e9e en autobus. Si vous avez rat\u00e9 cette occasion, vous pouvez toujours profiter d\u2019un rabais en pr\u00e9payant les sorties en ligne. Les inscriptions anticip\u00e9es aident le club dans sa planification. Les sorties comptant trop peu de participants peuvent \u00eatre annul\u00e9es au besoin.<\/p>\n<p><strong>Important<\/strong> : Il n&#8217;est pas possible d&#8217;\u00e9changer les sorties achet\u00e9s contre une date diff\u00e9rente.<\/p>\n<h4><strong><img loading=\"lazy\" decoding=\"async\" class=\"wp-image-28659 size-medium alignright\" src=\"https:\/\/randonnee.ca\/wp-content\/uploads\/\/hiking_yoga-240x300.jpg\" alt=\"\" width=\"240\" height=\"300\" srcset=\"https:\/\/randonnee.ca\/wp-content\/uploads\/hiking_yoga-240x300.jpg 240w, https:\/\/randonnee.ca\/wp-content\/uploads\/hiking_yoga-819x1024.jpg 819w, https:\/\/randonnee.ca\/wp-content\/uploads\/hiking_yoga-768x960.jpg 768w, https:\/\/randonnee.ca\/wp-content\/uploads\/hiking_yoga-1229x1536.jpg 1229w, https:\/\/randonnee.ca\/wp-content\/uploads\/hiking_yoga-400x500.jpg 400w, https:\/\/randonnee.ca\/wp-content\/uploads\/hiking_yoga.jpg 1440w\" sizes=\"(max-width: 240px) 100vw, 240px\" \/>Achat d\u2019une excursion d\u2019une journ\u00e9e<\/strong><\/h4>\n<p><strong>Paiement en ligne<\/strong> : Vous pouvez acheter une excursion d\u2019une journ\u00e9e sur le site internet de RA, avant 21 h le mercredi pr\u00e9c\u00e9dant la sortie.<\/p>\n<p><strong>Liste d\u2019attente<\/strong> : Une fois que les sorties sont compl\u00e8tes, il n\u2019y a pas de liste d\u2019attente : vous pouvez tenter de vous joindre au groupe \u00e0 la derni\u00e8re minute selon les instructions d\u00e9crites ci-apr\u00e8s.<\/p>\n<p><strong>Achat \u00e0 la derni\u00e8re minute<\/strong> : Si vous n\u2019avez pas pu r\u00e9server votre sortie, vous avez la possibilit\u00e9 de participer \u00e0 une sortie en vous pr\u00e9sentant au point de rendez-vous \u00e0 la derni\u00e8re minute. Il peut encore y avoir des places ou il y a souvent des participants qui ne se pr\u00e9sentent pas : vous avez donc une chance de vous joindre au groupe. Il vous suffit d\u2019aller au dernier point de rencontre pour le bus et d\u2019attendre la fin de l\u2019embarquement. La priorit\u00e9 est donn\u00e9e aux membres du club. Veuillez apporter le montant exact en esp\u00e8ces.<\/p>\n<p><strong>Important<\/strong> : Une fois inscrit \u00e0 une excursion d\u2019une journ\u00e9e, les frais ne sont pas remboursables.<\/p>\n<h4><strong>Revente d\u2019une excursion d\u2019une journ\u00e9e<\/strong><\/h4>\n<p><img loading=\"lazy\" decoding=\"async\" class=\"wp-image-28662 size-medium alignleft\" src=\"https:\/\/randonnee.ca\/wp-content\/uploads\/\/winter_selfie-240x300.jpg\" alt=\"\" width=\"240\" height=\"300\" srcset=\"https:\/\/randonnee.ca\/wp-content\/uploads\/winter_selfie-240x300.jpg 240w, https:\/\/randonnee.ca\/wp-content\/uploads\/winter_selfie-819x1024.jpg 819w, https:\/\/randonnee.ca\/wp-content\/uploads\/winter_selfie-768x960.jpg 768w, https:\/\/randonnee.ca\/wp-content\/uploads\/winter_selfie-1229x1536.jpg 1229w, https:\/\/randonnee.ca\/wp-content\/uploads\/winter_selfie-400x500.jpg 400w, https:\/\/randonnee.ca\/wp-content\/uploads\/winter_selfie.jpg 1638w\" sizes=\"(max-width: 240px) 100vw, 240px\" \/>Si vous vous \u00eates inscrit(e) \u00e0 une randonn\u00e9e, mais que vous \u00eates dans l\u2019impossibilit\u00e9 d\u2019y participer, vous pouvez vendre votre billet quelqu\u2019un en vous rendant sur <a href=\"https:\/\/www.facebook.com\/groups\/134969088093\/\" target=\"_blank\" rel=\"noopener noreferrer\">Facebook \u2013 Groupe de discussion RA<\/a>. Ceci \u00e9tant un groupe restreint, si vous n\u2019y \u00eates pas d\u00e9j\u00e0 abonn\u00e9(e), vous devez, en premier lieu, vous y inscrire, \u00e0 partir de la page Facebook (en haut de la page), avant d\u2019y placer votre billet \u00e0 vendre.<\/p>\n<p>Parfois, on peut aussi essayer de vendre son billet \u00e0 quelqu\u2019un sur place, en se rendant au dernier arr\u00eat, le matin m\u00eame du d\u00e9part. Toute transaction (vente-achat), que ce soit en personne ou sur Facebook, ne concerne que des individus et est hors de la comp\u00e9tence du club. La personne qui ach\u00e8te votre billet devra, en montant dans l\u2019autobus, donner votre nom au responsable tout en sp\u00e9cifiant qu\u2019il s\u2019agit d\u2019une vente priv\u00e9e.<\/p>\n<p>&nbsp;<\/td>\n<td style=\"font-size: 24;\" align=\"left\" valign=\"top\" width=\"4%\"><\/td>\n<td style=\"font-size: 24; text-align: left;\" align=\"left\" valign=\"top\" bgcolor=\"#ffffff\" width=\"48%\">\n<h3><strong><span style=\"color: #008227;\">EXCURSIONS DE FIN DE SEMAINE<\/span><\/strong><\/h3>\n<p>Veuillez-vous assurer que votre adh\u00e9sion annuelle est active avant d\u2019acheter une excursion de fin de semaine.<\/p>\n<h4><strong><a href=\"https:\/\/randonnee.ca\/wp-content\/uploads\/cycling_buy-sell_ormstown_covered-bridge-scaled.jpg\"><img loading=\"lazy\" decoding=\"async\" class=\"wp-image-21679 size-medium alignright\" src=\"https:\/\/randonnee.ca\/wp-content\/uploads\/\/cycling_buy-sell_ormstown_covered-bridge-300x225.jpg\" alt=\"\" width=\"300\" height=\"225\" \/><\/a>Achat d\u2019une excursion de fin de semaine<\/strong><\/h4>\n<p><strong>Paiement en ligne<\/strong> : Vous pouvez acheter une excursion sur le site internet de RA avant la date limite d\u2019inscription sp\u00e9cifi\u00e9e dans l\u2019annonce.<\/p>\n<p><strong>Liste d\u2019attente<\/strong> : Une fois que toutes les places sont vendues pour l&#8217;excursion, une liste d\u2019attente existe pour d\u2019\u00e9ventuels acheteurs. Pour \u00eatre plac\u00e9 sur la liste d&#8217;attente, envoyez un courriel au <a href=\"mailto:info@randonnee.ca\">info@randonnee.ca<\/a> avec la demande. Si une place devient disponible, vous serez contact\u00e9 et donn\u00e9 l&#8217;option d&#8217;acheter le voyage.<\/p>\n<p><strong>Important<\/strong> : Une fois inscrit \u00e0 une excursion de fin de semaine, les frais ne sont pas remboursables \u00e0 moins que le Club ne vous trouve un rempla\u00e7ant.<\/p>\n<h4><strong>Revente d\u2019une excursion de fin de semaine<\/strong><\/h4>\n<p>Si vous ne pouvez plus participer \u00e0 une excursion de fin de semaine d\u00e9j\u00e0 pay\u00e9e, envoyez un courriel au club au <a href=\"mailto:info@randonnee.ca\">info@randonnee.ca<\/a> au moins 7 jours avant la date de l\u2019excursion. En raison des r\u00e9servations de chambres partag\u00e9es, toutes les ventes doivent passer par le coordonnateur de fin de semaine, lequel vous contactera s\u2019il vous trouve un rempla\u00e7ant.<\/p>\n<p>Le club ne garantit pas la revente de votre voyage.<\/p>\n<h3><strong><span style=\"color: #008227;\">TRAVERSER LA FRONTI\u00c8RE<\/span><\/strong><\/h3>\n<p>Pour conna\u00eetre les politiques du club concernant les voyages aux \u00c9tats-Unis (y compris les exigences de passage des fronti\u00e8res), veuillez consulter la page <a href=\"https:\/\/randonnee.ca\/fr\/voyages-ra-aux-etats-unis\/\">Voyages RA aux \u00c9tats-Unis<\/a>.<\/td>\n<\/tr>\n<\/tbody>\n<\/table>\n","protected":false},"excerpt":{"rendered":"<p>Les achats en ligne peuvent seulement \u00eatre r\u00e9gl\u00e9s par carte de cr\u00e9dit ou PayPal. Un compte PayPal n&#8217;est pas requis. Il n&#8217;est pas possible d&#8217;acheter les sorties par la poste ou par t\u00e9l\u00e9phone. ADH\u00c9SION ANNUELLE Avant d&#8217;acheter des excursions, assurez-vous d&#8217;avoir une adh\u00e9sion RA active. Veuillez consulter Instructions pour connexion et achat d&#8217;adh\u00e9sion annuelle pour savoir comment proc\u00e9der. Important : Les frais d&#8217;adh\u00e9sion annuelle ne sont pas remboursables. EXCURSIONS D&#8217;UNE JOURN\u00c9E Veuillez-vous assurer que votre adh\u00e9sion annuelle est active avant d\u2019acheter une excursion d&#8217;une journ\u00e9e. Inscrivez-vous avant le d\u00e9but de la saison et profitez d\u2019un tarif pr\u00e9f\u00e9rentiel pour les excursions&#8230; <\/p>\n","protected":false},"author":1,"featured_media":0,"parent":0,"menu_order":0,"comment_status":"closed","ping_status":"open","template":"full-width.php","meta":{"footnotes":""},"publishpress_future_action":{"enabled":false,"date":"2026-05-20 13:15:21","action":"draft","terms":[],"taxonomy":"translation_priority"},"_links":{"self":[{"href":"https:\/\/randonnee.ca\/fr\/wp-json\/wp\/v2\/pages\/7412"}],"collection":[{"href":"https:\/\/randonnee.ca\/fr\/wp-json\/wp\/v2\/pages"}],"about":[{"href":"https:\/\/randonnee.ca\/fr\/wp-json\/wp\/v2\/types\/page"}],"author":[{"embeddable":true,"href":"https:\/\/randonnee.ca\/fr\/wp-json\/wp\/v2\/users\/1"}],"replies":[{"embeddable":true,"href":"https:\/\/randonnee.ca\/fr\/wp-json\/wp\/v2\/comments?post=7412"}],"version-history":[{"count":33,"href":"https:\/\/randonnee.ca\/fr\/wp-json\/wp\/v2\/pages\/7412\/revisions"}],"predecessor-version":[{"id":28796,"href":"https:\/\/randonnee.ca\/fr\/wp-json\/wp\/v2\/pages\/7412\/revisions\/28796"}],"wp:attachment":[{"href":"https:\/\/randonnee.ca\/fr\/wp-json\/wp\/v2\/media?parent=7412"}],"curies":[{"name":"wp","href":"https:\/\/api.w.org\/{rel}","templated":true}]}}