{"id":7414,"date":"2015-06-27T14:48:34","date_gmt":"2015-06-27T18:48:34","guid":{"rendered":"https:\/\/randonnee.ca\/fr\/?page_id=7414"},"modified":"2025-11-07T15:54:04","modified_gmt":"2025-11-07T20:54:04","slug":"marathon-canadien-de-ski","status":"publish","type":"page","link":"https:\/\/randonnee.ca\/fr\/marathon-canadien-de-ski\/","title":{"rendered":"Marathon Canadien de Ski"},"content":{"rendered":"<table class=\" alignleft\" border=\"0\" cellspacing=\"1\" cellpadding=\"10\" align=\"center\">\n<tbody>\n<tr>\n<td style=\"font-size: 24; text-align: left;\" align=\"left\" valign=\"top\" width=\"48%\">Le marathon canadien de ski n&#8217;est ni un marathon ni une course. Il s&#8217;agit d&#8217;un incroyable \u00e9v\u00e9nement de ski de fond de 2 jours ouvert aux skieurs de tous les niveaux. Il a d\u00e9but\u00e9 en 1967 pour c\u00e9l\u00e9brer le 100i\u00e8me anniversaire de la Conf\u00e9d\u00e9ration, et est depuis devenu la meilleure aventure de ski de fond en Am\u00e9rique du Nord. Les participants peuvent faire une section seulement (environ 13 km), ou parcourir les 10 sections sur les 2 jours pour parcourir les 160 km (100 milles).L\u2019\u00e9v\u00e9nement 2026 aura lieu les 7 et 8 f\u00e9vrier<\/p>\n<p>Pour c\u00e9l\u00e9brer la 60e \u00e9dition du marathon le MCS revient sur la route nordique. Samedi, le d\u00e9part sera donn\u00e9 au sud de Mont-Tremblant et l&#8217;arriv\u00e9e se fera au Golf H\u00e9ritage \u00e0 Notre-Dame-de-la-Paix. Dimanche, le d\u00e9part sera donn\u00e9 au Golf H\u00e9ritage et l&#8217;arriv\u00e9e se fera \u00e0 Montebello.<\/p>\n<p>Les inscriptions ouvrent fin novembre et vous ne regretterez pas de vous \u00eatre inscrit pour participer \u00e0 ce merveilleux \u00e9v\u00e9nement.<\/p>\n<p>Visitez le <a href=\"http:\/\/skimarathon.ca\/fr\/\" target=\"_blank\" rel=\"noopener noreferrer\">site web du MCS<\/a> pour plus d\u2019informations sur l\u2019histoire du MCS, la description des sentiers de cette ann\u00e9e et les informations d\u2019inscription, ou envoyez un courriel \u00e0 <a href=\"mailto:info@skimarathon.ca\">info@skimarathon.ca<\/a> si vous avez des questions.<\/td>\n<td style=\"font-size: 24;\" align=\"left\" valign=\"top\" width=\"4%\"><\/td>\n<td style=\"font-size: 24; text-align: left;\" align=\"left\" valign=\"top\" bgcolor=\"#ffffff\" width=\"48%\">\n<h3 style=\"text-align: left;\"><a href=\"http:\/\/skimarathon.ca\/fr\/\" target=\"_blank\" rel=\"noopener noreferrer\">http:\/\/skimarathon.ca\/fr\/<\/a><\/h3>\n<p><img loading=\"lazy\" decoding=\"async\" class=\"alignnone size-medium wp-image-24114\" src=\"https:\/\/randonnee.ca\/wp-content\/uploads\/\/winter_ski_marathon_5-300x225.jpg\" alt=\"\" width=\"300\" height=\"225\" \/><\/p>\n<div><\/div>\n<\/td>\n<\/tr>\n<\/tbody>\n<\/table>\n","protected":false},"excerpt":{"rendered":"<p>Le marathon canadien de ski n&#8217;est ni un marathon ni une course. Il s&#8217;agit d&#8217;un incroyable \u00e9v\u00e9nement de ski de fond de 2 jours ouvert aux skieurs de tous les niveaux. Il a d\u00e9but\u00e9 en 1967 pour c\u00e9l\u00e9brer le 100i\u00e8me anniversaire de la Conf\u00e9d\u00e9ration, et est depuis devenu la meilleure aventure de ski de fond en Am\u00e9rique du Nord. Les participants peuvent faire une section seulement (environ 13 km), ou parcourir les 10 sections sur les 2 jours pour parcourir les 160 km (100 milles).L\u2019\u00e9v\u00e9nement 2026 aura lieu les 7 et 8 f\u00e9vrier Pour c\u00e9l\u00e9brer la 60e \u00e9dition du marathon&#8230; <\/p>\n","protected":false},"author":1,"featured_media":0,"parent":0,"menu_order":0,"comment_status":"closed","ping_status":"open","template":"full-width.php","meta":{"footnotes":""},"publishpress_future_action":{"enabled":false,"date":"2026-05-12 04:25:56","action":"draft","terms":[],"taxonomy":"translation_priority"},"_links":{"self":[{"href":"https:\/\/randonnee.ca\/fr\/wp-json\/wp\/v2\/pages\/7414"}],"collection":[{"href":"https:\/\/randonnee.ca\/fr\/wp-json\/wp\/v2\/pages"}],"about":[{"href":"https:\/\/randonnee.ca\/fr\/wp-json\/wp\/v2\/types\/page"}],"author":[{"embeddable":true,"href":"https:\/\/randonnee.ca\/fr\/wp-json\/wp\/v2\/users\/1"}],"replies":[{"embeddable":true,"href":"https:\/\/randonnee.ca\/fr\/wp-json\/wp\/v2\/comments?post=7414"}],"version-history":[{"count":15,"href":"https:\/\/randonnee.ca\/fr\/wp-json\/wp\/v2\/pages\/7414\/revisions"}],"predecessor-version":[{"id":30200,"href":"https:\/\/randonnee.ca\/fr\/wp-json\/wp\/v2\/pages\/7414\/revisions\/30200"}],"wp:attachment":[{"href":"https:\/\/randonnee.ca\/fr\/wp-json\/wp\/v2\/media?parent=7414"}],"curies":[{"name":"wp","href":"https:\/\/api.w.org\/{rel}","templated":true}]}}