{"id":7416,"date":"2015-06-27T14:52:23","date_gmt":"2015-06-27T18:52:23","guid":{"rendered":"https:\/\/randonnee.ca\/fr\/?page_id=7416"},"modified":"2025-11-10T14:13:32","modified_gmt":"2025-11-10T19:13:32","slug":"politiques-du-club","status":"publish","type":"page","link":"https:\/\/randonnee.ca\/fr\/politiques-du-club\/","title":{"rendered":"Politiques du club"},"content":{"rendered":"<table border=\"0\" cellspacing=\"1\" cellpadding=\"10\" align=\"center\">\n<tbody>\n<tr>\n<td style=\"font-size: 24; text-align: left;\" align=\"left\" valign=\"top\" width=\"48%\">\n<h3><span style=\"color: #008227;\">Notre mission<\/span><\/h3>\n<p>La mission de Randonn\u00e9e Aventure (RA) consiste tout simplement \u00e0 rassembler des amateurs de plein air adultes afin de faciliter leur participation \u00e0 des activit\u00e9s ext\u00e9rieures. Bien que RA fournissent des cartes et des conseils, et coordonne les d\u00e9placements, RA ne supervise pas les activit\u00e9s \u00e0 proprement parler. En cons\u00e9quence, il est essentiel que tous les participants soient autonomes et en mesure d\u2019agir de fa\u00e7on ind\u00e9pendante. De plus, chaque participant a la responsabilit\u00e9 de d\u00e9terminer s\u2019il poss\u00e8de la capacit\u00e9 physique et\/ou mentale pour participer \u00e0 une activit\u00e9 donn\u00e9e. Cela dit, le club se r\u00e9serve le droit, \u00e0 sa discr\u00e9tion, de refuser l\u2019acc\u00e8s aux activit\u00e9s \u00e0 toute personne qu\u2019il n\u2019estime pas \u00eatre en mesure de quelque fa\u00e7on que ce soit, d\u2019ex\u00e9cuter l\u2019activit\u00e9 choisie de fa\u00e7on autonome et s\u00e9curitaire.<\/p>\n<h3><span style=\"color: #008227;\">Photos et vid\u00e9os<\/span><\/h3>\n<p>Randonnee Aventure a l\u2019obligation de prot\u00e9ger la vie priv\u00e9e des personnes qui ne souhaitent pas appara\u00eetre sur des photos ou des vid\u00e9os, notamment pour les images qui seront publi\u00e9es par le club ou ses membres sur l\u2019une de ses plateformes (site web, m\u00e9dias sociaux, etc.). Par cons\u00e9quent, avant de prendre des photos ou des vid\u00e9os lors d\u2019une activit\u00e9 du club, le photographe doit demander le consentement verbal de toute personne identifiable.<\/p>\n<h3><span style=\"color: #008227;\">Voyages aux \u00c9tats-Unis<\/span><\/h3>\n<p>Pour conna\u00eetre les politiques du club concernant les voyages aux \u00c9tats-Unis (y compris les exigences de passage des fronti\u00e8res), veuillez consulter la page <a href=\"https:\/\/randonnee.ca\/fr\/voyages-ra-aux-etats-unis\/\">Voyages RA aux \u00c9tats-Unis<\/a>.<\/td>\n<td style=\"font-size: 24;\" align=\"left\" valign=\"top\" width=\"4%\"><\/td>\n<td style=\"font-size: 24; text-align: left;\" align=\"left\" valign=\"top\" bgcolor=\"#ffffff\" width=\"48%\"><img loading=\"lazy\" decoding=\"async\" class=\"size-medium wp-image-28670 alignright\" src=\"https:\/\/randonnee.ca\/wp-content\/uploads\/\/hiking_cliff-240x300.jpg\" alt=\"\" width=\"240\" height=\"300\" srcset=\"https:\/\/randonnee.ca\/wp-content\/uploads\/hiking_cliff-240x300.jpg 240w, https:\/\/randonnee.ca\/wp-content\/uploads\/hiking_cliff-819x1024.jpg 819w, https:\/\/randonnee.ca\/wp-content\/uploads\/hiking_cliff-768x960.jpg 768w, https:\/\/randonnee.ca\/wp-content\/uploads\/hiking_cliff-1229x1536.jpg 1229w, https:\/\/randonnee.ca\/wp-content\/uploads\/hiking_cliff-400x500.jpg 400w, https:\/\/randonnee.ca\/wp-content\/uploads\/hiking_cliff.jpg 1638w\" sizes=\"(max-width: 240px) 100vw, 240px\" \/><\/p>\n<h3><span style=\"color: #008227;\">Politique concernant la cigarette<\/span><\/h3>\n<p>La majorit\u00e9 des membres sont non-fumeurs. Les membres qui d\u00e9sirent fumer doivent \u00e9viter de g\u00eaner les non-fumeurs.<\/p>\n<h3><span style=\"color: #008227;\">Politique concernant l\u2019alcool dans l\u2019autobus<\/span><\/h3>\n<p>Afin de respecter les r\u00e8glements des compagnies d\u2019autobus, les participants aux excursions de Randonn\u00e9e Aventure ne peuvent pas consommer de boissons alcoolis\u00e9es \u00e0 bord des v\u00e9hicules.<\/p>\n<h3><span style=\"color: #008227;\">Changement de destination<\/span><\/h3>\n<p>Randonn\u00e9e Aventure se r\u00e9serve le droit, \u00e0 sa discr\u00e9tion et \u00e0 tout moment, de changer les destinations des sorties initialement pr\u00e9vues.<\/p>\n<p>Il arrive que les conditions m\u00e9t\u00e9orologiques, l\u2019\u00e9tat des sentiers ou tout autre facteur, oblige les organisateurs \u00e0 renoncer \u00e0 la destination initialement pr\u00e9vue. Dans de tels cas, une destination alternative sera recherch\u00e9e. Si cela n\u2019est toutefois pas possible, la sortie se verra annul\u00e9e et les participants seront rembours\u00e9s.<\/p>\n<h3><span style=\"color: #008227;\">Contact en cas d\u2019accident<\/span><\/h3>\n<p>Nous recommandons \u00e0 tous les participants aux sorties du club d\u2019avoir en leur possession le nom et le num\u00e9ro de t\u00e9l\u00e9phone d\u2019une personne \u00e0 contacter en cas d\u2019accident. Il est sugg\u00e9r\u00e9 d\u2019inscrire ces renseignements \u00e0 l\u2019endos de votre carte de membre Randonn\u00e9e Aventure et d\u2019y inclure le num\u00e9ro de t\u00e9l\u00e9phone de votre compagnie d\u2019assurance et votre num\u00e9ro de police.<\/td>\n<\/tr>\n<\/tbody>\n<\/table>\n","protected":false},"excerpt":{"rendered":"<p>Notre mission La mission de Randonn\u00e9e Aventure (RA) consiste tout simplement \u00e0 rassembler des amateurs de plein air adultes afin de faciliter leur participation \u00e0 des activit\u00e9s ext\u00e9rieures. Bien que RA fournissent des cartes et des conseils, et coordonne les d\u00e9placements, RA ne supervise pas les activit\u00e9s \u00e0 proprement parler. En cons\u00e9quence, il est essentiel que tous les participants soient autonomes et en mesure d\u2019agir de fa\u00e7on ind\u00e9pendante. De plus, chaque participant a la responsabilit\u00e9 de d\u00e9terminer s\u2019il poss\u00e8de la capacit\u00e9 physique et\/ou mentale pour participer \u00e0 une activit\u00e9 donn\u00e9e. Cela dit, le club se r\u00e9serve le droit, \u00e0 sa&#8230; <\/p>\n","protected":false},"author":1,"featured_media":0,"parent":0,"menu_order":0,"comment_status":"closed","ping_status":"open","template":"full-width.php","meta":{"footnotes":""},"publishpress_future_action":{"enabled":false,"date":"2026-04-28 04:38:57","action":"draft","terms":[],"taxonomy":"translation_priority"},"_links":{"self":[{"href":"https:\/\/randonnee.ca\/fr\/wp-json\/wp\/v2\/pages\/7416"}],"collection":[{"href":"https:\/\/randonnee.ca\/fr\/wp-json\/wp\/v2\/pages"}],"about":[{"href":"https:\/\/randonnee.ca\/fr\/wp-json\/wp\/v2\/types\/page"}],"author":[{"embeddable":true,"href":"https:\/\/randonnee.ca\/fr\/wp-json\/wp\/v2\/users\/1"}],"replies":[{"embeddable":true,"href":"https:\/\/randonnee.ca\/fr\/wp-json\/wp\/v2\/comments?post=7416"}],"version-history":[{"count":17,"href":"https:\/\/randonnee.ca\/fr\/wp-json\/wp\/v2\/pages\/7416\/revisions"}],"predecessor-version":[{"id":30207,"href":"https:\/\/randonnee.ca\/fr\/wp-json\/wp\/v2\/pages\/7416\/revisions\/30207"}],"wp:attachment":[{"href":"https:\/\/randonnee.ca\/fr\/wp-json\/wp\/v2\/media?parent=7416"}],"curies":[{"name":"wp","href":"https:\/\/api.w.org\/{rel}","templated":true}]}}