{"id":7427,"date":"2015-06-27T14:53:50","date_gmt":"2015-06-27T18:53:50","guid":{"rendered":"https:\/\/randonnee.ca\/fr\/?page_id=7427"},"modified":"2025-05-22T20:40:15","modified_gmt":"2025-05-23T00:40:15","slug":"escomptes-pour-les-membres","status":"publish","type":"page","link":"https:\/\/randonnee.ca\/fr\/escomptes-pour-les-membres\/","title":{"rendered":"Escomptes pour les membres"},"content":{"rendered":"<table border=\"0\" cellspacing=\"1\" cellpadding=\"10\" align=\"center\">\n<tbody>\n<tr>\n<td style=\"font-size: 24; text-align: left;\" align=\"left\" valign=\"top\" width=\"48%\">\nLes boutiques ci-dessous offrent des rabais aux membres du Club.<br \/>\nIl vous suffit de pr\u00e9senter votre carte de membre au moment de l\u2019achat.<\/p>\n<h3><span style=\"color: #008227;\">Rando Qu\u00e9bec<\/span><\/h3>\n<p><a href=\"http:\/\/www.randoquebec.ca\/\" target=\"_blank\" rel=\"noopener noreferrer\">SITE WEB<\/a><br \/>\n5 $ de rabais sur votre adh\u00e9sion Rando Qu\u00e9bec. Inscrire le Code de l\u2019organisme : <b>RQAVT25<\/b><\/p>\n<h3><span style=\"color: #008227;\">V\u00e9lo Qu\u00e9bec<\/span><\/h3>\n<p><a href=\"https:\/\/www.velo.qc.ca\/\" target=\"_blank\" rel=\"noopener noreferrer\">SITE WEB<\/a><br \/>\n10 $ de rabais sur une adh\u00e9sion individuelle \u00e0 V\u00e9lo Qu\u00e9bec : utilisez le code promotionnel 21MONTAGNE83.  Cette adh\u00e9sion inclut un abonnement annuel au magazine V\u00e9lo Mag et des r\u00e9ductions sur les \u00e9v\u00e9nements et produits V\u00e9lo Qu\u00e9bec.<\/p>\n<h3><span style=\"color: #008227;\">Cyclepath (Magasin en ligne)<\/span><\/h3>\n<p><a href=\"http:\/\/www.cyclepath.ca\/\" target=\"_blank\" rel=\"noopener noreferrer\">SITE WEB<\/a><br \/>\n\u00c0 chaque commande en ligne, les membres de Randonn\u00e9e Aventure re\u00e7oivent automatiquement un escompte de 10 % sur le total de leurs achats en utilisant le code <strong>RANDONNEE<\/strong>.\n<\/td>\n<td style=\"font-size: 24;\" align=\"left\" valign=\"top\" width=\"4%\"><\/td>\n<td style=\"font-size: 24; text-align: left;\" align=\"left\" valign=\"top\" bgcolor=\"#ffffff\" width=\"48%\">\n<h3><span style=\"color: #008227;\">Cycles V.B.<\/span><\/h3>\n<p>6344, avenue Victoria, Montr\u00e9al<br \/>\n514-738-2101<br \/>\n15 % de escompte sur toute la marchandise et les r\u00e9parations \u00e0 prix r\u00e9gulier.<\/p>\n<h3><span style=\"color: #008227;\">Martin Swiss Cycles<\/span><\/h3>\n<p><a href=\"https:\/\/martin-swiss-cycles-654880.shoplightspeed.com\/fc\/\" target=\"_blank\" rel=\"noopener noreferrer\">SITE WEB<\/a><br \/>\n313, avenue Victoria, Westmount<br \/>\n514-488-9717<br \/>\n15 % de escompte sur tous les accessoires \u00e0 prix r\u00e9gulier.<\/p>\n<h3><span style=\"color: #008227;\">Rossi<\/span><\/h3>\n<p><a href=\"https:\/\/www.rossibikes.com\/\" target=\"_blank\" rel=\"noopener noreferrer\">SITE WEB<\/a><br \/>\n2500, boulevard St-Joseph, Lachine<br \/>\n514-634-1611<br \/>\n15 % de rabais sur toute la marchandise \u00e0 prix r\u00e9gulier, \u00e0 l\u2019exception des bicyclettes (\u00e0 discuter au cas par cas).<\/td>\n<\/tr>\n<\/tbody>\n<\/table>\n","protected":false},"excerpt":{"rendered":"<p>Les boutiques ci-dessous offrent des rabais aux membres du Club. Il vous suffit de pr\u00e9senter votre carte de membre au moment de l\u2019achat. Rando Qu\u00e9bec SITE WEB 5 $ de rabais sur votre adh\u00e9sion Rando Qu\u00e9bec. Inscrire le Code de l\u2019organisme : RQAVT25 V\u00e9lo Qu\u00e9bec SITE WEB 10 $ de rabais sur une adh\u00e9sion individuelle \u00e0 V\u00e9lo Qu\u00e9bec : utilisez le code promotionnel 21MONTAGNE83. Cette adh\u00e9sion inclut un abonnement annuel au magazine V\u00e9lo Mag et des r\u00e9ductions sur les \u00e9v\u00e9nements et produits V\u00e9lo Qu\u00e9bec. Cyclepath (Magasin en ligne) SITE WEB \u00c0 chaque commande en ligne, les membres de Randonn\u00e9e Aventure&#8230; <\/p>\n","protected":false},"author":1,"featured_media":0,"parent":0,"menu_order":0,"comment_status":"closed","ping_status":"open","template":"full-width.php","meta":{"footnotes":""},"publishpress_future_action":{"enabled":false,"date":"2026-05-12 04:30:42","action":"draft","terms":[],"taxonomy":"translation_priority"},"_links":{"self":[{"href":"https:\/\/randonnee.ca\/fr\/wp-json\/wp\/v2\/pages\/7427"}],"collection":[{"href":"https:\/\/randonnee.ca\/fr\/wp-json\/wp\/v2\/pages"}],"about":[{"href":"https:\/\/randonnee.ca\/fr\/wp-json\/wp\/v2\/types\/page"}],"author":[{"embeddable":true,"href":"https:\/\/randonnee.ca\/fr\/wp-json\/wp\/v2\/users\/1"}],"replies":[{"embeddable":true,"href":"https:\/\/randonnee.ca\/fr\/wp-json\/wp\/v2\/comments?post=7427"}],"version-history":[{"count":24,"href":"https:\/\/randonnee.ca\/fr\/wp-json\/wp\/v2\/pages\/7427\/revisions"}],"predecessor-version":[{"id":29317,"href":"https:\/\/randonnee.ca\/fr\/wp-json\/wp\/v2\/pages\/7427\/revisions\/29317"}],"wp:attachment":[{"href":"https:\/\/randonnee.ca\/fr\/wp-json\/wp\/v2\/media?parent=7427"}],"curies":[{"name":"wp","href":"https:\/\/api.w.org\/{rel}","templated":true}]}}