{"id":7431,"date":"2015-06-27T14:55:24","date_gmt":"2015-06-27T18:55:24","guid":{"rendered":"https:\/\/randonnee.ca\/fr\/?page_id=7431"},"modified":"2025-01-26T20:03:45","modified_gmt":"2025-01-27T01:03:45","slug":"randonnees-de-longue-duree","status":"publish","type":"page","link":"https:\/\/randonnee.ca\/fr\/randonnees-de-longue-duree\/","title":{"rendered":"Randonn\u00e9es de longue dur\u00e9e"},"content":{"rendered":"<table border=\"0\" cellspacing=\"1\" cellpadding=\"10\" align=\"center\">\n<tbody>\n<tr>\n<td style=\"font-size: 24; text-align: left;\" align=\"left\" valign=\"top\" width=\"48%\">\n<h3><\/h3>\n<p>M\u00eame si vous n\u2019\u00eates pas un randonneur tr\u00e8s exp\u00e9riment\u00e9, ne vous laissez pas intimider par les excursions de longue dur\u00e9e. Bien qu\u2019elles accordent aux randonneurs chevronn\u00e9s davantage de temps pour accomplir des parcours difficiles, elles permettent aussi \u00e0 ceux d\u2019entre nous qui marchons d\u2019un pas plus lent de visiter des sentiers plus longs que d\u2019ordinaire ou de prendre le temps de savourer un go\u00fbter au sommet sans se d\u00e9p\u00eacher de redescendre.<\/p>\n<p>Le matin de la randonn\u00e9e, les horaires de d\u00e9part des autobus sont les m\u00eames que d&#8217;habitude. Cependant, l&#8217;apr\u00e8s-midi, le retour s\u2019effectue une heure plus tard que l&#8217;heure habituelle. La premi\u00e8re halte \u00e0 Montr\u00e9al sera donc entre 20 et 21 h, plut\u00f4t qu&#8217;entre 19 et 20 h.<\/p>\n<p>Il est recommand\u00e9 d\u2019apporter des v\u00eatements de rechange et de la nourriture suppl\u00e9mentaire, qui peuvent \u00eatre laiss\u00e9e \u00e0 bord de l\u2019autobus pendant la journ\u00e9e.<\/td>\n<td style=\"font-size: 24;\" align=\"left\" valign=\"top\" width=\"4%\"><\/td>\n<td style=\"font-size: 24; text-align: left;\" align=\"left\" valign=\"top\" bgcolor=\"#ffffff\" width=\"48%\"><img loading=\"lazy\" decoding=\"async\" class=\"alignnone wp-image-28587 size-medium\" src=\"https:\/\/randonnee.ca\/wp-content\/uploads\/\/hiking_view_with_friends-240x300.jpg\" alt=\"\" width=\"240\" height=\"300\" srcset=\"https:\/\/randonnee.ca\/wp-content\/uploads\/hiking_view_with_friends-240x300.jpg 240w, https:\/\/randonnee.ca\/wp-content\/uploads\/hiking_view_with_friends-819x1024.jpg 819w, https:\/\/randonnee.ca\/wp-content\/uploads\/hiking_view_with_friends-768x960.jpg 768w, https:\/\/randonnee.ca\/wp-content\/uploads\/hiking_view_with_friends-1229x1536.jpg 1229w, https:\/\/randonnee.ca\/wp-content\/uploads\/hiking_view_with_friends-400x500.jpg 400w, https:\/\/randonnee.ca\/wp-content\/uploads\/hiking_view_with_friends.jpg 1638w\" sizes=\"(max-width: 240px) 100vw, 240px\" \/><\/td>\n<\/tr>\n<\/tbody>\n<\/table>\n","protected":false},"excerpt":{"rendered":"<p>M\u00eame si vous n\u2019\u00eates pas un randonneur tr\u00e8s exp\u00e9riment\u00e9, ne vous laissez pas intimider par les excursions de longue dur\u00e9e. Bien qu\u2019elles accordent aux randonneurs chevronn\u00e9s davantage de temps pour accomplir des parcours difficiles, elles permettent aussi \u00e0 ceux d\u2019entre nous qui marchons d\u2019un pas plus lent de visiter des sentiers plus longs que d\u2019ordinaire ou de prendre le temps de savourer un go\u00fbter au sommet sans se d\u00e9p\u00eacher de redescendre. Le matin de la randonn\u00e9e, les horaires de d\u00e9part des autobus sont les m\u00eames que d&#8217;habitude. Cependant, l&#8217;apr\u00e8s-midi, le retour s\u2019effectue une heure plus tard que l&#8217;heure habituelle. La&#8230; <\/p>\n","protected":false},"author":1,"featured_media":0,"parent":0,"menu_order":0,"comment_status":"closed","ping_status":"open","template":"full-width.php","meta":{"footnotes":""},"publishpress_future_action":{"enabled":false,"date":"2026-05-04 15:40:19","action":"draft","terms":[],"taxonomy":"translation_priority"},"_links":{"self":[{"href":"https:\/\/randonnee.ca\/fr\/wp-json\/wp\/v2\/pages\/7431"}],"collection":[{"href":"https:\/\/randonnee.ca\/fr\/wp-json\/wp\/v2\/pages"}],"about":[{"href":"https:\/\/randonnee.ca\/fr\/wp-json\/wp\/v2\/types\/page"}],"author":[{"embeddable":true,"href":"https:\/\/randonnee.ca\/fr\/wp-json\/wp\/v2\/users\/1"}],"replies":[{"embeddable":true,"href":"https:\/\/randonnee.ca\/fr\/wp-json\/wp\/v2\/comments?post=7431"}],"version-history":[{"count":8,"href":"https:\/\/randonnee.ca\/fr\/wp-json\/wp\/v2\/pages\/7431\/revisions"}],"predecessor-version":[{"id":28614,"href":"https:\/\/randonnee.ca\/fr\/wp-json\/wp\/v2\/pages\/7431\/revisions\/28614"}],"wp:attachment":[{"href":"https:\/\/randonnee.ca\/fr\/wp-json\/wp\/v2\/media?parent=7431"}],"curies":[{"name":"wp","href":"https:\/\/api.w.org\/{rel}","templated":true}]}}