{"id":7435,"date":"2015-06-27T15:09:41","date_gmt":"2015-06-27T19:09:41","guid":{"rendered":"https:\/\/randonnee.ca\/fr\/?page_id=7435"},"modified":"2026-03-23T09:48:21","modified_gmt":"2026-03-23T13:48:21","slug":"description-des-frais","status":"publish","type":"page","link":"https:\/\/randonnee.ca\/fr\/description-des-frais\/","title":{"rendered":"Description des frais"},"content":{"rendered":"<table border=\"0\" cellspacing=\"1\" cellpadding=\"10\" align=\"center\">\n<tbody>\n<tr>\n<td style=\"font-size: 24; text-align: left;\" align=\"left\" valign=\"top\" width=\"48%\"><strong>Les achats en ligne peuvent seulement \u00eatre r\u00e9gl\u00e9s par carte de cr\u00e9dit ou PayPal. Un compte PayPal n&#8217;est pas requis.<\/strong> Il n&#8217;est pas possible d&#8217;acheter les sorties par la poste ou par t\u00e9l\u00e9phone.<\/p>\n<h3><strong><span style=\"color: #008227;\">ADH\u00c9SION<\/span><\/strong><\/h3>\n<ul>\n<li><strong>La cotisation annuelle s&#8217;\u00e9l\u00e8ve \u00e0 35 $.<\/strong><\/li>\n<li>Payer la cotisation annuelle \u00e0 la page <a href=\"https:\/\/randonnee.ca\/fr\/produit\/cotisation-annuelle\/\">Achat Adh\u00e9sion<\/a>.<\/li>\n<li>L\u2019adh\u00e9sion est valide pour un an \u00e0 compter de la date d&#8217;achat.<\/li>\n<li><strong>Une adh\u00e9sion active est requise pour acheter des excursions en ligne.<\/strong><\/li>\n<\/ul>\n<p>&nbsp;<\/p>\n<h3><strong><span style=\"color: #008227;\"><img loading=\"lazy\" decoding=\"async\" class=\"wp-image-28653 size-medium alignright\" src=\"https:\/\/randonnee.ca\/wp-content\/uploads\/\/winter_couple-240x300.jpg\" alt=\"\" width=\"240\" height=\"300\" srcset=\"https:\/\/randonnee.ca\/wp-content\/uploads\/winter_couple-240x300.jpg 240w, https:\/\/randonnee.ca\/wp-content\/uploads\/winter_couple-819x1024.jpg 819w, https:\/\/randonnee.ca\/wp-content\/uploads\/winter_couple-768x960.jpg 768w, https:\/\/randonnee.ca\/wp-content\/uploads\/winter_couple-1229x1536.jpg 1229w, https:\/\/randonnee.ca\/wp-content\/uploads\/winter_couple-400x500.jpg 400w, https:\/\/randonnee.ca\/wp-content\/uploads\/winter_couple.jpg 1638w\" sizes=\"(max-width: 240px) 100vw, 240px\" \/>SPORTS D&#8217;HIVER : ann\u00e9e 2026<\/span><\/strong><\/h3>\n<h4><strong>Excursions d\u2019une journ\u00e9e :<\/strong><\/h4>\n<p><strong>Randonn\u00e9e Aventure f\u00eatera son 40e anniversaire en 2026 et offre un tarif l\u00e8ve-t\u00f4t sp\u00e9cial pour le premier voyage de l\u2019ann\u00e9e : 40 $ pour les 40 ans de RA.<\/strong><\/p>\n<p><strong>Inscription speciale pour sortie S1 : 40 $ par sortie<\/strong><\/p>\n<ul>\n<li>Les paiements en ligne peuvent \u00eatre faits jusqu&#8217;au 31 d\u00e9cembre 2025.<\/li>\n<\/ul>\n<p><strong>Inscription l\u00e8ve-t\u00f4t normal pour sorties S2-S5 : 62 $ par sortie<\/strong><\/p>\n<ul>\n<li>Les paiements en ligne peuvent \u00eatre faits jusqu&#8217;au 31 d\u00e9cembre 2025.<\/li>\n<\/ul>\n<p><strong>Inscription pr\u00e9pay\u00e9e\u00a0: 68 $ par sortie<\/strong><\/p>\n<ul>\n<li>Les paiements en ligne doivent \u00eatre faits avant 21 h le mercredi pr\u00e9c\u00e9dant la sortie.<\/li>\n<\/ul>\n<p><strong>Paiement le jour m\u00eame : 75 $ \u00e0 payer dans l\u2019autobus <\/strong><\/p>\n<ul>\n<li>Veuillez apporter le montant exact en esp\u00e8ces.<\/li>\n<li>Virement \u00e9lectronique \u00e9galement accept\u00e9.<\/li>\n<\/ul>\n<p><strong>Note : <\/strong><\/p>\n<ul>\n<li>Le tarif comprend l\u2019acc\u00e8s au site pour le ski de fond ou la raquette\/marche. Il ne comprend pas de descentes en ski alpin.<\/li>\n<li>Toutes les excursions d\u2019une journ\u00e9e ont lieu le samedi.<\/li>\n<li>Le dernier voyage en bus de la saison comprendra un arr\u00eat dans un pub sur le chemin du retour.<\/li>\n<li>Les repas et boissons sont \u00e0 votre charge : ils ne sont pas compris dans les tarifs des sorties.<\/li>\n<li>En cas d&#8217;annulation du voyage par Randonnee, l&#8217;acheteur sera rembours\u00e9 du prix de la sortie.<\/li>\n<li>Les sorties annul\u00e9es ne peuvent pas \u00eatre transf\u00e9r\u00e9es \u00e0 une autre sortie.<\/li>\n<\/ul>\n<p>&nbsp;<\/td>\n<td style=\"font-size: 24;\" align=\"left\" valign=\"top\" width=\"4%\"><\/td>\n<td style=\"font-size: 24; text-align: left;\" align=\"left\" valign=\"top\" bgcolor=\"#ffffff\" width=\"48%\">\n<h3><strong><span style=\"color: #008227;\"><img loading=\"lazy\" decoding=\"async\" class=\"wp-image-31379 size-medium alignright\" src=\"https:\/\/randonnee.ca\/wp-content\/uploads\/\/cycling_ice_cream-240x300.jpg\" alt=\"\" width=\"240\" height=\"300\" srcset=\"https:\/\/randonnee.ca\/wp-content\/uploads\/cycling_ice_cream-240x300.jpg 240w, https:\/\/randonnee.ca\/wp-content\/uploads\/cycling_ice_cream-819x1024.jpg 819w, https:\/\/randonnee.ca\/wp-content\/uploads\/cycling_ice_cream-768x960.jpg 768w, https:\/\/randonnee.ca\/wp-content\/uploads\/cycling_ice_cream-1229x1536.jpg 1229w, https:\/\/randonnee.ca\/wp-content\/uploads\/cycling_ice_cream-400x500.jpg 400w, https:\/\/randonnee.ca\/wp-content\/uploads\/cycling_ice_cream.jpg 1638w\" sizes=\"(max-width: 240px) 100vw, 240px\" \/>V\u00c9LO : ann\u00e9e 2026<\/span><\/strong><\/h3>\n<h4><strong>Excursions d\u2019une journ\u00e9e :<\/strong><\/h4>\n<ul>\n<li><strong>frais d&#8217;administration : aucun<\/strong><\/li>\n<li><strong>frais de covoiturage : Frais de covoiturage de 20 $ pour chaque passager<\/strong> payable en esp\u00e8ces au chauffeur.<\/li>\n<\/ul>\n<h4><strong>Excursions de fin de semaine :<\/strong><\/h4>\n<ul>\n<li>Veuillez consulter le <a href=\"https:\/\/randonnee.ca\/fr\/calendrier-velo\/\">Calendrier V\u00e9lo<\/a>.<\/li>\n<\/ul>\n<h3><strong><span style=\"color: #008227;\">RANDONN\u00c9E : ann\u00e9e 2026<\/span><\/strong><\/h3>\n<h4><strong>Excursions d\u2019une journ\u00e9e :<\/strong><\/h4>\n<p><img loading=\"lazy\" decoding=\"async\" class=\"wp-image-28656 size-medium alignright\" src=\"https:\/\/randonnee.ca\/wp-content\/uploads\/\/hiking_two_friends-240x300.jpg\" alt=\"\" width=\"240\" height=\"300\" srcset=\"https:\/\/randonnee.ca\/wp-content\/uploads\/hiking_two_friends-240x300.jpg 240w, https:\/\/randonnee.ca\/wp-content\/uploads\/hiking_two_friends-819x1024.jpg 819w, https:\/\/randonnee.ca\/wp-content\/uploads\/hiking_two_friends-768x960.jpg 768w, https:\/\/randonnee.ca\/wp-content\/uploads\/hiking_two_friends-1229x1536.jpg 1229w, https:\/\/randonnee.ca\/wp-content\/uploads\/hiking_two_friends-400x500.jpg 400w, https:\/\/randonnee.ca\/wp-content\/uploads\/hiking_two_friends.jpg 1440w\" sizes=\"(max-width: 240px) 100vw, 240px\" \/><strong>Randonn\u00e9e Aventure f\u00eatera son 40e anniversaire en 2026 et offre un tarif l\u00e8ve-t\u00f4t sp\u00e9cial pour le premier voyage de l\u2019ann\u00e9e : 40 $ pour les 40 ans de RA.<\/strong><\/p>\n<p><strong>Inscription speciale pour sortie R1 : 40 $ par sortie<\/strong><\/p>\n<ul>\n<li>Les paiements en ligne peuvent \u00eatre faits jusqu&#8217;au 30 avril 2026.<\/li>\n<\/ul>\n<p><strong>Inscription l\u00e8ve-t\u00f4t : 55 $ par sortie<\/strong><br \/>\n<strong>2 dates limites<\/strong><\/p>\n<ul>\n<li>Pour les sorties <strong>R2-R6<\/strong>, les paiements en ligne peuvent \u00eatre faits jusqu&#8217;au 30 avril 2026.<\/li>\n<li>Pour les sorties <strong>R7-R13<\/strong>, les paiements en ligne peuvent \u00eatre faits jusqu&#8217;au 31 juillet 2026.<\/li>\n<\/ul>\n<p><strong>Inscription pr\u00e9pay\u00e9e : 63 $ par sortie<\/strong><\/p>\n<ul>\n<li>Les paiements en ligne doivent \u00eatre faits avant 21 h le mercredi pr\u00e9c\u00e9dant la sortie.<\/li>\n<\/ul>\n<p><strong>Paiement le jour m\u00eame : 71 $ \u00e0 payer dans l\u2019autobus <\/strong><\/p>\n<ul>\n<li>Veuillez apporter le montant exact en esp\u00e8ces.<\/li>\n<li>Virement \u00e9lectronique \u00e9galement accept\u00e9.<\/li>\n<\/ul>\n<h4><strong>Excursions de fin de semaine :<\/strong><\/h4>\n<ul>\n<li>Veuillez consulter le <a href=\"https:\/\/randonnee.ca\/fr\/calendrier-randonnee\/\">Calendrier Randonn\u00e9e<\/a>.<\/li>\n<\/ul>\n<\/td>\n<\/tr>\n<\/tbody>\n<\/table>\n","protected":false},"excerpt":{"rendered":"<p>Les achats en ligne peuvent seulement \u00eatre r\u00e9gl\u00e9s par carte de cr\u00e9dit ou PayPal. Un compte PayPal n&#8217;est pas requis. Il n&#8217;est pas possible d&#8217;acheter les sorties par la poste ou par t\u00e9l\u00e9phone. ADH\u00c9SION La cotisation annuelle s&#8217;\u00e9l\u00e8ve \u00e0 35 $. Payer la cotisation annuelle \u00e0 la page Achat Adh\u00e9sion. L\u2019adh\u00e9sion est valide pour un an \u00e0 compter de la date d&#8217;achat. Une adh\u00e9sion active est requise pour acheter des excursions en ligne. &nbsp; SPORTS D&#8217;HIVER : ann\u00e9e 2026 Excursions d\u2019une journ\u00e9e : Randonn\u00e9e Aventure f\u00eatera son 40e anniversaire en 2026 et offre un tarif l\u00e8ve-t\u00f4t sp\u00e9cial pour le premier&#8230; <\/p>\n","protected":false},"author":1,"featured_media":0,"parent":0,"menu_order":0,"comment_status":"closed","ping_status":"open","template":"full-width.php","meta":{"footnotes":""},"publishpress_future_action":{"enabled":false,"date":"2026-05-16 05:41:12","action":"draft","terms":[],"taxonomy":"translation_priority"},"_links":{"self":[{"href":"https:\/\/randonnee.ca\/fr\/wp-json\/wp\/v2\/pages\/7435"}],"collection":[{"href":"https:\/\/randonnee.ca\/fr\/wp-json\/wp\/v2\/pages"}],"about":[{"href":"https:\/\/randonnee.ca\/fr\/wp-json\/wp\/v2\/types\/page"}],"author":[{"embeddable":true,"href":"https:\/\/randonnee.ca\/fr\/wp-json\/wp\/v2\/users\/1"}],"replies":[{"embeddable":true,"href":"https:\/\/randonnee.ca\/fr\/wp-json\/wp\/v2\/comments?post=7435"}],"version-history":[{"count":50,"href":"https:\/\/randonnee.ca\/fr\/wp-json\/wp\/v2\/pages\/7435\/revisions"}],"predecessor-version":[{"id":31383,"href":"https:\/\/randonnee.ca\/fr\/wp-json\/wp\/v2\/pages\/7435\/revisions\/31383"}],"wp:attachment":[{"href":"https:\/\/randonnee.ca\/fr\/wp-json\/wp\/v2\/media?parent=7435"}],"curies":[{"name":"wp","href":"https:\/\/api.w.org\/{rel}","templated":true}]}}