{"id":7436,"date":"2015-06-27T15:14:30","date_gmt":"2015-06-27T19:14:30","guid":{"rendered":"https:\/\/randonnee.ca\/fr\/?page_id=7436"},"modified":"2026-03-17T07:52:41","modified_gmt":"2026-03-17T11:52:41","slug":"points-de-rencontre-bus-dete","status":"publish","type":"page","link":"https:\/\/randonnee.ca\/fr\/points-de-rencontre-bus-dete\/","title":{"rendered":"Points de rencontre &#8211; Bus d&#8217;\u00e9t\u00e9"},"content":{"rendered":"<table border=\"0\" cellspacing=\"1\" cellpadding=\"10\" align=\"center\">\n<tbody>\n<tr>\n<td style=\"font-size: 24; text-align: left;\" align=\"left\" valign=\"top\" width=\"48%\">\n<h3><span style=\"color: #008227;\">Points de rencontre pour le bus<\/span><\/h3>\n<p>Les heures de d\u00e9part sont fixes. Veuillez arriver au moins 10 minutes avant l\u2019heure indiqu\u00e9e afin de vous assurer que le d\u00e9part a bel et bien lieu selon l\u2019horaire.<\/p>\n<ul>\n<li><strong><span style=\"color: #008227;\">Carr\u00e9 D\u00e9carie &#8211; 7 h 05 du matin<\/span><\/strong><\/li>\n<\/ul>\n<p>Rendez-vous au stationnement se trouvant c\u00f4t\u00e9 sud du Centre Carr\u00e9 D\u00e9carie, au coin des rues V\u00e9zina et McLynn (5401 Rue V\u00e9zina), \u00e0 dix minutes de marche environ de la station de m\u00e9tro Namur.<\/p>\n<p><strong>Ne vous garez pas dans le stationnement du centre d\u2019achat. Il y de la place dans les rues r\u00e9sidentielles, aux alentours.<\/strong><\/p>\n<p><iframe loading=\"lazy\" style=\"border: 0;\" src=\"https:\/\/www.google.com\/maps\/embed?pb=!1m18!1m12!1m3!1d2796.984457553037!2d-73.65215832336892!3d45.49025773169916!2m3!1f0!2f0!3f0!3m2!1i1024!2i768!4f13.1!3m3!1m2!1s0x4cc919d8f41ed74d%3A0xd502545d264a4f67!2s5401%20Rue%20V%C3%A9zina%2C%20Montr%C3%A9al%2C%20QC%20H3X%201A3!5e0!3m2!1sen!2sca!4v1742498919085!5m2!1sen!2sca\" width=\"300\" height=\"250\" allowfullscreen=\"allowfullscreen\"><\/iframe><\/p>\n<ul>\n<li><strong><span style=\"color: #008227;\">M\u00e9tro Snowdon &#8211; 7 h 09 du matin<\/span><\/strong><\/li>\n<\/ul>\n<p>Rendez-vous au nord-ouest du croisement Queen Mary et D\u00e9carie, devant le\u00a0studio de photographie Rose (5301 Chemin Queen Mary), \u00e0 trois minutes de marche de la station de m\u00e9tro Snowdon (voir carte ci-dessous).<\/p>\n<p><iframe loading=\"lazy\" style=\"border: 0;\" src=\"https:\/\/www.google.com\/maps\/embed?pb=!1m18!1m12!1m3!1d2797.3201394076023!2d-73.63208102336924!3d45.48349763215044!2m3!1f0!2f0!3f0!3m2!1i1024!2i768!4f13.1!3m3!1m2!1s0x4cc917579d6bd02b%3A0x806b465aaf262897!2s5301%20Queen%20Mary%20Rd%2C%20Montreal%2C%20QC%20H3X%201T9!5e0!3m2!1sen!2sca!4v1742498976162!5m2!1sen!2sca\" width=\"300\" height=\"250\" allowfullscreen=\"allowfullscreen\"><\/iframe><\/p>\n<ul>\n<li><strong><span style=\"color: #008227;\">M\u00e9tro Atwater &#8211; 7 h 25 du matin<\/span><\/strong><\/li>\n<\/ul>\n<p>Rendez-vous au sud-ouest du croisement Atwater et Sainte-Catherine, sur Atwater en face de Square Cabot.<\/p>\n<p>Il y a quelques places de stationnement c\u00f4t\u00e9 est de l\u2019avenue Atwater, au sud du boulevard Ren\u00e9 L\u00e9vesque.<\/p>\n<p><iframe loading=\"lazy\" style=\"border: 0;\" src=\"https:\/\/www.google.com\/maps\/embed?pb=!1m18!1m12!1m3!1d2797.061676616985!2d-73.586854023369!3d45.48870273180296!2m3!1f0!2f0!3f0!3m2!1i1024!2i768!4f13.1!3m3!1m2!1s0x4cc91a6d6493fd17%3A0xcae8ae1d7ac5ea74!2sAtwater%20Library%20and%20Computer%20Centre!5e0!3m2!1sen!2sca!4v1742498842018!5m2!1sen!2sca\" width=\"300\" height=\"250\" allowfullscreen=\"allowfullscreen\"><\/iframe><\/td>\n<td style=\"font-size: 24;\" align=\"left\" valign=\"top\" width=\"4%\"><\/td>\n<td style=\"font-size: 24; text-align: left;\" align=\"left\" valign=\"top\" bgcolor=\"#ffffff\" width=\"48%\">\n<h3><span style=\"color: #008227;\">Heures de retour du bus<\/span><\/h3>\n<p><img loading=\"lazy\" decoding=\"async\" class=\"alignnone wp-image-28628 size-full\" src=\"https:\/\/randonnee.ca\/wp-content\/uploads\/hiking_duo_resting.jpg\" alt=\"\" width=\"206\" height=\"206\" srcset=\"https:\/\/randonnee.ca\/wp-content\/uploads\/hiking_duo_resting.jpg 206w, https:\/\/randonnee.ca\/wp-content\/uploads\/hiking_duo_resting-150x150.jpg 150w, https:\/\/randonnee.ca\/wp-content\/uploads\/hiking_duo_resting-100x100.jpg 100w\" sizes=\"(max-width: 206px) 100vw, 206px\" \/><\/p>\n<p>Nous sommes normalement de retour entre 19 h et 20 h \u00e0 l\u2019arr\u00eat initial.<\/p>\n<p><strong>Veuillez noter que des retards au retour sont toujours possibles. Nous conseillons de ne pas planifier d\u2019\u00e9v\u00e9nements importants dans la soir\u00e9e suivant la randonn\u00e9e.<\/strong><\/p>\n<p><img loading=\"lazy\" decoding=\"async\" class=\"alignnone wp-image-29736 size-medium\" src=\"https:\/\/randonnee.ca\/wp-content\/uploads\/\/summer_bus_landscape-300x225.jpg\" alt=\"\" width=\"300\" height=\"225\" \/><\/td>\n<\/tr>\n<\/tbody>\n<\/table>\n","protected":false},"excerpt":{"rendered":"<p>Points de rencontre pour le bus Les heures de d\u00e9part sont fixes. Veuillez arriver au moins 10 minutes avant l\u2019heure indiqu\u00e9e afin de vous assurer que le d\u00e9part a bel et bien lieu selon l\u2019horaire. Carr\u00e9 D\u00e9carie &#8211; 7 h 05 du matin Rendez-vous au stationnement se trouvant c\u00f4t\u00e9 sud du Centre Carr\u00e9 D\u00e9carie, au coin des rues V\u00e9zina et McLynn (5401 Rue V\u00e9zina), \u00e0 dix minutes de marche environ de la station de m\u00e9tro Namur. Ne vous garez pas dans le stationnement du centre d\u2019achat. Il y de la place dans les rues r\u00e9sidentielles, aux alentours. M\u00e9tro Snowdon &#8211;&#8230; <\/p>\n","protected":false},"author":1,"featured_media":0,"parent":0,"menu_order":0,"comment_status":"closed","ping_status":"open","template":"full-width.php","meta":{"footnotes":""},"publishpress_future_action":{"enabled":false,"date":"2026-05-13 04:05:34","action":"draft","terms":[],"taxonomy":"translation_priority"},"_links":{"self":[{"href":"https:\/\/randonnee.ca\/fr\/wp-json\/wp\/v2\/pages\/7436"}],"collection":[{"href":"https:\/\/randonnee.ca\/fr\/wp-json\/wp\/v2\/pages"}],"about":[{"href":"https:\/\/randonnee.ca\/fr\/wp-json\/wp\/v2\/types\/page"}],"author":[{"embeddable":true,"href":"https:\/\/randonnee.ca\/fr\/wp-json\/wp\/v2\/users\/1"}],"replies":[{"embeddable":true,"href":"https:\/\/randonnee.ca\/fr\/wp-json\/wp\/v2\/comments?post=7436"}],"version-history":[{"count":15,"href":"https:\/\/randonnee.ca\/fr\/wp-json\/wp\/v2\/pages\/7436\/revisions"}],"predecessor-version":[{"id":31208,"href":"https:\/\/randonnee.ca\/fr\/wp-json\/wp\/v2\/pages\/7436\/revisions\/31208"}],"wp:attachment":[{"href":"https:\/\/randonnee.ca\/fr\/wp-json\/wp\/v2\/media?parent=7436"}],"curies":[{"name":"wp","href":"https:\/\/api.w.org\/{rel}","templated":true}]}}