{"id":7451,"date":"2015-06-27T15:25:27","date_gmt":"2015-06-27T19:25:27","guid":{"rendered":"https:\/\/randonnee.ca\/fr\/?page_id=7451"},"modified":"2025-11-12T14:56:34","modified_gmt":"2025-11-12T19:56:34","slug":"points-de-rencontre-bus-dhiver","status":"publish","type":"page","link":"https:\/\/randonnee.ca\/fr\/points-de-rencontre-bus-dhiver\/","title":{"rendered":"Points de rencontre &#8211; Bus d\u2019hiver"},"content":{"rendered":"<table border=\"0\" cellspacing=\"1\" cellpadding=\"10\" align=\"center\">\n<tbody>\n<tr>\n<td style=\"font-size: 24; text-align: left;\" align=\"left\" valign=\"top\" width=\"48%\">\n<h3><span style=\"color: #333399;\">Points de rencontre pour le bus<\/span><\/h3>\n<p>Ayez au moins 10 minutes d&#8217;avance, le bus ne vous attendra pas.<\/p>\n<h4><strong>Horaire de bus r\u00e9gulier<\/strong><\/h4>\n<ul>\n<li><span style=\"color: #333399;\"><strong>M\u00e9tro Atwater &#8211; 7 h 30 du matin<\/strong><\/span><\/li>\n<\/ul>\n<p>Rendez-vous au sud-ouest du croisement Atwater et Sainte-Catherine, sur Atwater en face de Square Cabot.<\/p>\n<p>Il y a quelques places de stationnement c\u00f4t\u00e9 est de l\u2019avenue Atwater au sud du boulevard Ren\u00e9 L\u00e9vesque, et des deux c\u00f4t\u00e9s de la rue Atwater juste au nord de Sherbrooke.<\/p>\n<p><iframe loading=\"lazy\" style=\"border: 0;\" src=\"https:\/\/www.google.com\/maps\/embed?pb=!1m28!1m12!1m3!1d2797.0389977653886!2d-73.58686362336907!3d45.48915943177257!2m3!1f0!2f0!3f0!3m2!1i1024!2i768!4f13.1!4m13!3e2!4m5!1s0x4cc91a6d704b7529%3A0x9551731c9fe717cc!2sStation%20Atwater%2C%20Montr%C3%A9al%2C%20QC%2C%20Canada!3m2!1d45.489587!2d-73.58406099999999!4m5!1s0x4cc91a6d6493fd17%3A0xcae8ae1d7ac5ea74!2sAtwater%20Library%20and%20Computer%20Centre%2C%20Atwater%20Avenue%2C%20Westmount%2C%20QC%2C%20Canada!3m2!1d45.488699!2d-73.5842791!5e0!3m2!1sen!2sus!4v1729865248176!5m2!1sen!2sus\" width=\"300\" height=\"225\" frameborder=\"0\" allowfullscreen=\"allowfullscreen\"><\/iframe><\/p>\n<ul>\n<li><span style=\"color: #333399;\"><strong>M\u00e9tro Snowdon &#8211; 7 h 45 du matin<\/strong><\/span><\/li>\n<\/ul>\n<p>Rendez-vous au nord-est du carrefour Queen Mary et D\u00e9carie, devant la SAQ, \u00e0 trois minutes de marche \u00e0 l&#8217;ouest de la station de m\u00e9tro Snowdon.<\/p>\n<p><iframe loading=\"lazy\" style=\"border: 0;\" src=\"https:\/\/www.google.com\/maps\/embed?pb=!1m26!1m12!1m3!1d2797.262292144713!2d-73.63083553468323!3d45.48466264009925!2m3!1f0!2f0!3f0!3m2!1i1024!2i768!4f13.1!4m11!3e2!4m5!1s0x4cc91757e111fbdf%3A0xe7a753ea442a9df6!2sStation+Snowdon%2C+Montr%C3%A9al%2C+QC+H3W+1X4%2C+Canada!3m2!1d45.4854823!2d-73.6279689!4m3!3m2!1d45.4840825!2d-73.62940429999999!5e0!3m2!1sen!2sus!4v1483922334516\" width=\"280\" height=\"150\" frameborder=\"0\" allowfullscreen=\"allowfullscreen\"><\/iframe><\/p>\n<ul>\n<li><span style=\"color: #333399;\"><strong>M\u00e9tro Namur &#8211; 8 h du matin<\/strong><\/span><\/li>\n<\/ul>\n<p>Rendez-vous au nord-est du carrefour Jean Talon et D\u00e9carie, devant le restaurant Harvey\u2019s (au 7475 D\u00e9carie), \u00e0 une minute de marche \u00e0 votre droite si vous sortez de la station de m\u00e9tro Namur. Achat\u00a0\u00e0 la derni\u00e8re minute ici, arrivez \u00e0<span style=\"font-family: inherit; font-size: inherit;\">\u00a0<\/span><span style=\"font-weight: 300;\">7 h 45.<\/span><\/p>\n<p><strong>Ne vous garez pas dans le stationnement du restaurant Harvey\u2019s, votre voiture serait remorqu\u00e9e!<\/strong><\/p>\n<p>Il y a des places de stationnement sur le c\u00f4t\u00e9 ouest de D\u00e9carie : l\u2019entr\u00e9e du stationnement se trouve sur la rue des Jockeys, pr\u00e8s de Tim Hortons. Il y a aussi un stationnement derri\u00e8re la station de m\u00e9tro Namur : l&#8217;entr\u00e9e se fait sur Jean Talon, du c\u00f4t\u00e9 est du grand b\u00e2timent \u00e0 c\u00f4t\u00e9 du m\u00e9tro Namur.<\/p>\n<p><iframe loading=\"lazy\" style=\"border: 0;\" src=\"https:\/\/www.google.com\/maps\/embed?pb=!1m28!1m12!1m3!1d2796.7400390304665!2d-73.65570553468287!3d45.49517943939723!2m3!1f0!2f0!3f0!3m2!1i1024!2i768!4f13.1!4m13!3e2!4m5!1s0x4cc919d0db1440f5%3A0x545c87c74b0ca3b7!2sNamur%2C+Montr%C3%A9al%2C+QC+H4P+2G9%2C+Canada!3m2!1d45.4949717!2d-73.6529834!4m5!1s0x4cc919d0d8ab4ae7%3A0x199a6e1e909a8846!2sHarvey's%2C+7475+Decarie+Blvd%2C+Montreal%2C+QC+H4P+2G9%2C+Canada!3m2!1d45.4955231!2d-73.65375159999999!5e0!3m2!1sen!2sus!4v1483921273920\" width=\"280\" height=\"150\" frameborder=\"0\" allowfullscreen=\"allowfullscreen\"><\/iframe><\/td>\n<td style=\"font-size: 24;\" align=\"left\" valign=\"top\" width=\"4%\"><\/td>\n<td style=\"font-size: 24; text-align: left;\" align=\"left\" valign=\"top\" bgcolor=\"#ffffff\" width=\"48%\">\n<h4><strong>Excursions de longue dur\u00e9e (non applicable pour la saison en cours)<\/strong><\/h4>\n<ul>\n<li><span style=\"color: #333399;\"><strong>M\u00e9tro Namur &#8211; 7 h 30 du matin<\/strong><\/span><\/li>\n<\/ul>\n<p><strong><u>Point de rencontre unique<\/u><\/strong> devant le restaurant Harvey\u2019s,\u00a07475 D\u00e9carie, H4P 2G9.<\/p>\n<h3><span style=\"color: #333399;\"><img loading=\"lazy\" decoding=\"async\" class=\"alignnone wp-image-28553 size-medium\" src=\"https:\/\/randonnee.ca\/wp-content\/uploads\/\/winter_view_with_duo-240x300.jpg\" alt=\"\" width=\"240\" height=\"300\" srcset=\"https:\/\/randonnee.ca\/wp-content\/uploads\/winter_view_with_duo-240x300.jpg 240w, https:\/\/randonnee.ca\/wp-content\/uploads\/winter_view_with_duo-820x1024.jpg 820w, https:\/\/randonnee.ca\/wp-content\/uploads\/winter_view_with_duo-768x960.jpg 768w, https:\/\/randonnee.ca\/wp-content\/uploads\/winter_view_with_duo-1229x1536.jpg 1229w, https:\/\/randonnee.ca\/wp-content\/uploads\/winter_view_with_duo-400x500.jpg 400w, https:\/\/randonnee.ca\/wp-content\/uploads\/winter_view_with_duo.jpg 1639w\" sizes=\"(max-width: 240px) 100vw, 240px\" \/><\/span><\/h3>\n<h3><span style=\"color: #333399;\">Heures de retour du bus<\/span><\/h3>\n<p>Au retour, l\u2019autobus d\u00e9pose les passagers dans l&#8217;ordre inverse du matin, entre 17 h 30 et 18 h 45, selon les conditions de circulation et la distance du centre de ski.<\/p>\n<p>\u00c0 la suite d\u2019une excursion de longue dur\u00e9e, le retour se fait plut\u00f4t entre 18 h 30 et 19 h 30.<\/p>\n<p>Veuillez noter que des retards au retour sont toujours possibles. Nous vous conseillons de ne pas planifier d\u2019\u00e9v\u00e9nements importants dans la soir\u00e9e suivant une sortie.<\/p>\n<p><img loading=\"lazy\" decoding=\"async\" class=\"alignnone wp-image-28618 size-medium\" src=\"https:\/\/randonnee.ca\/wp-content\/uploads\/\/winter_bus-240x300.jpg\" alt=\"\" width=\"240\" height=\"300\" srcset=\"https:\/\/randonnee.ca\/wp-content\/uploads\/winter_bus-240x300.jpg 240w, https:\/\/randonnee.ca\/wp-content\/uploads\/winter_bus-819x1024.jpg 819w, https:\/\/randonnee.ca\/wp-content\/uploads\/winter_bus-768x960.jpg 768w, https:\/\/randonnee.ca\/wp-content\/uploads\/winter_bus-1229x1536.jpg 1229w, https:\/\/randonnee.ca\/wp-content\/uploads\/winter_bus-400x500.jpg 400w, https:\/\/randonnee.ca\/wp-content\/uploads\/winter_bus.jpg 1638w\" sizes=\"(max-width: 240px) 100vw, 240px\" \/><\/td>\n<\/tr>\n<\/tbody>\n<\/table>\n","protected":false},"excerpt":{"rendered":"<p>Points de rencontre pour le bus Ayez au moins 10 minutes d&#8217;avance, le bus ne vous attendra pas. Horaire de bus r\u00e9gulier M\u00e9tro Atwater &#8211; 7 h 30 du matin Rendez-vous au sud-ouest du croisement Atwater et Sainte-Catherine, sur Atwater en face de Square Cabot. Il y a quelques places de stationnement c\u00f4t\u00e9 est de l\u2019avenue Atwater au sud du boulevard Ren\u00e9 L\u00e9vesque, et des deux c\u00f4t\u00e9s de la rue Atwater juste au nord de Sherbrooke. M\u00e9tro Snowdon &#8211; 7 h 45 du matin Rendez-vous au nord-est du carrefour Queen Mary et D\u00e9carie, devant la SAQ, \u00e0 trois minutes de&#8230; <\/p>\n","protected":false},"author":1,"featured_media":0,"parent":0,"menu_order":0,"comment_status":"closed","ping_status":"open","template":"full-width.php","meta":{"footnotes":""},"publishpress_future_action":{"enabled":false,"date":"2026-05-04 14:22:33","action":"draft","terms":[],"taxonomy":"translation_priority"},"_links":{"self":[{"href":"https:\/\/randonnee.ca\/fr\/wp-json\/wp\/v2\/pages\/7451"}],"collection":[{"href":"https:\/\/randonnee.ca\/fr\/wp-json\/wp\/v2\/pages"}],"about":[{"href":"https:\/\/randonnee.ca\/fr\/wp-json\/wp\/v2\/types\/page"}],"author":[{"embeddable":true,"href":"https:\/\/randonnee.ca\/fr\/wp-json\/wp\/v2\/users\/1"}],"replies":[{"embeddable":true,"href":"https:\/\/randonnee.ca\/fr\/wp-json\/wp\/v2\/comments?post=7451"}],"version-history":[{"count":14,"href":"https:\/\/randonnee.ca\/fr\/wp-json\/wp\/v2\/pages\/7451\/revisions"}],"predecessor-version":[{"id":30236,"href":"https:\/\/randonnee.ca\/fr\/wp-json\/wp\/v2\/pages\/7451\/revisions\/30236"}],"wp:attachment":[{"href":"https:\/\/randonnee.ca\/fr\/wp-json\/wp\/v2\/media?parent=7451"}],"curies":[{"name":"wp","href":"https:\/\/api.w.org\/{rel}","templated":true}]}}