{"id":7462,"date":"2015-06-27T15:30:45","date_gmt":"2015-06-27T19:30:45","guid":{"rendered":"https:\/\/randonnee.ca\/fr\/?page_id=7462"},"modified":"2021-11-10T18:41:05","modified_gmt":"2021-11-10T23:41:05","slug":"entretien-des-sentiers","status":"publish","type":"page","link":"https:\/\/randonnee.ca\/fr\/entretien-des-sentiers\/","title":{"rendered":"Entretien des sentiers"},"content":{"rendered":"<table border=\"0\" cellspacing=\"1\" cellpadding=\"10\" align=\"center\">\n<tbody>\n<tr>\n<td style=\"font-size: 24; text-align: left;\" align=\"left\" valign=\"top\" width=\"48%\">\n<h3><\/h3>\n<p>C\u2019est gr\u00e2ce au travail de b\u00e9n\u00e9voles que la plupart des sentiers de RA existent. Les coupures budg\u00e9taires gouvernementales des ann\u00e9es pass\u00e9es ont en effet eu pour cons\u00e9quence le transfert d\u2019un travail autrefois r\u00e9mun\u00e9r\u00e9 vers une action b\u00e9n\u00e9vole. RA est fier d\u2019\u00eatre un membre actif dans l\u2019entretien des sentiers au Qu\u00e9bec, au Vermont et dans l\u2019\u00e9tat de New-York et ce, depuis la fin des ann\u00e9es 80.<\/p>\n<p><a href=\"https:\/\/randonnee.ca\/wp-content\/uploads\/hiking_trail-maintenance_2019-1-scaled.jpg\"><img loading=\"lazy\" decoding=\"async\" class=\"alignright wp-image-21450 size-medium\" src=\"https:\/\/randonnee.ca\/wp-content\/uploads\/\/hiking_trail-maintenance_2019-1-300x225.jpg\" alt=\"\" width=\"300\" height=\"225\" \/><\/a>Nous travaillons cette ann\u00e9e en collaboration avec le coordinateur de l\u2019entretien des sentiers de l\u2019Adirondack Mountain Club (Adirondak Loj) dans l\u2019\u00e9tat de New-York et, durant une fin de semaine de septembre, des b\u00e9n\u00e9voles de RA participeront \u00e0 un projet d\u2019am\u00e9lioration des sentiers. Chaque projet est diff\u00e9rent mais toujours gratifiant. Nous r\u00e9parons, nettoyons et modifions des sentiers, construisons des passerelles. Le travail peut \u00eatre dur et fatigant mais il y a toujours des t\u00e2ches qui peuvent convenir \u00e0 tout un chacun et nous nous y attelons quel que soit le temps. L\u2019espace est limit\u00e9 (h\u00e9bergement pour 8) mais, en plus des fervents habitu\u00e9s, nous sommes toujours pr\u00eats \u00e0 accueillir de nouveaux visages et \u00e0 leur faire de la place.<\/p>\n<h3><span style=\"color: #008227;\">Comment \u00e7a marche?<\/span><\/h3>\n<p>Avant de partir, nous planifions les repas et partageons le magasinage de l\u2019\u00e9picerie. Le vrai plaisir commence avec le d\u00e9part vers les Adirondacks, en covoiturage, le vendredi en fin d\u2019apr\u00e8s-midi. Nous nous arr\u00eatons au restaurant pour le souper. \u00c0 notre arriv\u00e9e au chalet pr\u00e8s de Lake Placid, nous d\u00e9chargeons l\u2019\u00e9picerie, nous nous d\u00e9tendons dans le salon et enfin nous nous installons dans notre couchette (4 b\u00e9n\u00e9voles par chambre ) pour la premi\u00e8re de deux nuits. Bien que rustique, le chalet est pourvu de toilettes int\u00e9rieures, d\u2019une douche avec eau chaude et d\u2019une cuisine \u00e9quip\u00e9e.<\/td>\n<td style=\"font-size: 24;\" align=\"left\" valign=\"top\" width=\"4%\"><\/td>\n<td style=\"font-size: 24; text-align: left;\" align=\"left\" valign=\"top\" bgcolor=\"#ffffff\" width=\"48%\">\n<h3><\/h3>\n<p><a href=\"https:\/\/randonnee.ca\/wp-content\/uploads\/hiking_trail-maintenance_2019-2-scaled.jpeg\"><img loading=\"lazy\" decoding=\"async\" class=\"alignright wp-image-21452 size-medium\" src=\"https:\/\/randonnee.ca\/wp-content\/uploads\/\/hiking_trail-maintenance_2019-2-300x225.jpeg\" alt=\"\" width=\"300\" height=\"225\" \/><\/a>Le samedi apr\u00e8s le petit-d\u00e9jeuner, le coordinateur de l\u2019entretien des sentiers vient nous rejoindre pour la journ\u00e9e. Il d\u00e9finit le projet et nous fournit les outils n\u00e9cessaires. Nous pouvons alors partir \u00e9quip\u00e9s et pourvus de nos lunches pour une journ\u00e9e de travail. Le moment des repas et plus particuli\u00e8rement celui du souper est source de grand plaisir, tout le monde participant \u00e0 sa pr\u00e9paration tout en \u00e9changeant sur les \u00e9v\u00e9nements de la journ\u00e9e. Le dimanche est une autre journ\u00e9e compl\u00e8te de travail avant la douche chaude et la collation pr\u00e9c\u00e9dant notre voyage de retour. Chacun partage le co\u00fbt du transport et de la nourriture tout comme l\u2019esprit de camaraderie, qui n\u2019est jamais absent.<\/p>\n<p>Les b\u00e9n\u00e9voles apportent leur passeport, leur \u00e9quipement complet de randonn\u00e9e (voir la liste de randonn\u00e9e d\u2019un jour), de solides gants de travail, des v\u00eatements adapt\u00e9s au temps, un sac de couchage, un oreiller et leur contribution en \u00e9picerie telle que pr\u00e9vue. Les b\u00e9n\u00e9voles reviennent satisfaits, avec des histoires \u00e0 raconter, de nouvelles comp\u00e9tences et surtout, la fiert\u00e9 d\u2019avoir donn\u00e9 en retour aux sentiers que nous parcourons r\u00e9guli\u00e8rement et qui, sans cela, seraient rapidement envahis par la v\u00e9g\u00e9tation et impraticables.<\/p>\n<p>Comme pour toute sortie \u00e0 l\u2019ext\u00e9rieur du Qu\u00e9bec, il est imp\u00e9ratif d\u2019avoir une assurance sant\u00e9 (dans ce cas pour les \u00c9tats-Unis).<\/p>\n<p>Pour conna\u00eetre les dates, consultez le calendrier des activit\u00e9s. Pour de plus amples informations, vous pouvez aussi envoyer un <a href=\"mailto:info@randonnee.ca\">courriel \u00e0 info@randonnee.ca<\/a>, avec pour sujet \u00ab Entretien des sentiers \u00bb.<\/td>\n<\/tr>\n<\/tbody>\n<\/table>\n","protected":false},"excerpt":{"rendered":"<p>C\u2019est gr\u00e2ce au travail de b\u00e9n\u00e9voles que la plupart des sentiers de RA existent. Les coupures budg\u00e9taires gouvernementales des ann\u00e9es pass\u00e9es ont en effet eu pour cons\u00e9quence le transfert d\u2019un travail autrefois r\u00e9mun\u00e9r\u00e9 vers une action b\u00e9n\u00e9vole. RA est fier d\u2019\u00eatre un membre actif dans l\u2019entretien des sentiers au Qu\u00e9bec, au Vermont et dans l\u2019\u00e9tat de New-York et ce, depuis la fin des ann\u00e9es 80. Nous travaillons cette ann\u00e9e en collaboration avec le coordinateur de l\u2019entretien des sentiers de l\u2019Adirondack Mountain Club (Adirondak Loj) dans l\u2019\u00e9tat de New-York et, durant une fin de semaine de septembre, des b\u00e9n\u00e9voles de RA&#8230; <\/p>\n","protected":false},"author":1,"featured_media":0,"parent":0,"menu_order":0,"comment_status":"closed","ping_status":"open","template":"full-width.php","meta":{"footnotes":""},"publishpress_future_action":{"enabled":false,"date":"2026-05-08 04:05:50","action":"draft","terms":[],"taxonomy":"translation_priority"},"_links":{"self":[{"href":"https:\/\/randonnee.ca\/fr\/wp-json\/wp\/v2\/pages\/7462"}],"collection":[{"href":"https:\/\/randonnee.ca\/fr\/wp-json\/wp\/v2\/pages"}],"about":[{"href":"https:\/\/randonnee.ca\/fr\/wp-json\/wp\/v2\/types\/page"}],"author":[{"embeddable":true,"href":"https:\/\/randonnee.ca\/fr\/wp-json\/wp\/v2\/users\/1"}],"replies":[{"embeddable":true,"href":"https:\/\/randonnee.ca\/fr\/wp-json\/wp\/v2\/comments?post=7462"}],"version-history":[{"count":7,"href":"https:\/\/randonnee.ca\/fr\/wp-json\/wp\/v2\/pages\/7462\/revisions"}],"predecessor-version":[{"id":22257,"href":"https:\/\/randonnee.ca\/fr\/wp-json\/wp\/v2\/pages\/7462\/revisions\/22257"}],"wp:attachment":[{"href":"https:\/\/randonnee.ca\/fr\/wp-json\/wp\/v2\/media?parent=7462"}],"curies":[{"name":"wp","href":"https:\/\/api.w.org\/{rel}","templated":true}]}}