{"id":7465,"date":"2015-06-27T15:29:18","date_gmt":"2015-06-27T19:29:18","guid":{"rendered":"https:\/\/randonnee.ca\/fr\/?page_id=7465"},"modified":"2026-03-13T11:26:30","modified_gmt":"2026-03-13T15:26:30","slug":"un-club-de-benevoles","status":"publish","type":"page","link":"https:\/\/randonnee.ca\/fr\/un-club-de-benevoles\/","title":{"rendered":"Un Club de b\u00e9n\u00e9voles"},"content":{"rendered":"<table border=\"0\" cellspacing=\"1\" cellpadding=\"10\" align=\"center\">\n<tbody>\n<tr>\n<td style=\"font-size: 24; text-align: left;\" align=\"left\" valign=\"top\" width=\"48%\">\n<h3><\/h3>\n<p><img loading=\"lazy\" decoding=\"async\" class=\"wp-image-28646 size-medium alignright\" src=\"https:\/\/randonnee.ca\/wp-content\/uploads\/\/hiking_smiling_group-240x300.jpg\" alt=\"\" width=\"240\" height=\"300\" srcset=\"https:\/\/randonnee.ca\/wp-content\/uploads\/hiking_smiling_group-240x300.jpg 240w, https:\/\/randonnee.ca\/wp-content\/uploads\/hiking_smiling_group-819x1024.jpg 819w, https:\/\/randonnee.ca\/wp-content\/uploads\/hiking_smiling_group-768x960.jpg 768w, https:\/\/randonnee.ca\/wp-content\/uploads\/hiking_smiling_group-1229x1536.jpg 1229w, https:\/\/randonnee.ca\/wp-content\/uploads\/hiking_smiling_group-400x500.jpg 400w, https:\/\/randonnee.ca\/wp-content\/uploads\/hiking_smiling_group.jpg 1638w\" sizes=\"(max-width: 240px) 100vw, 240px\" \/>Vous faites de la randonn\u00e9e, du ski, du v\u00e9lo, de la raquette depuis un an ou deux avec le club\u2026 Il ne fait aucun doute que vous avez eu bien du plaisir, pendant vos aventures, \u00e0 utiliser les cartes et les descriptions de sentiers fournies par les responsables \u00e0 bord de l\u2019autobus. Les fins de semaine pass\u00e9es en compagnie de vos nouveaux amis de Randonn\u00e9e Aventure vous r\u00e9jouissent et vous procurent des souvenirs inoubliables. C\u2019est \u00e7a, Randonn\u00e9e Aventure (RA) : des amis, des souvenirs, des aventures!<\/p>\n<p>Sans b\u00e9n\u00e9voles, RA n\u2019existerait pas. Comme vous le savez, nous sommes un organisme \u00e0 but non lucratif avec une seule mission : celle d\u2019offrir aux Montr\u00e9alais l\u2019occasion de profiter d&#8217;activit\u00e9s de plein air avec des gens partageant les m\u00eames int\u00e9r\u00eats. Nous croyons avoir r\u00e9ussi \u00e0 former un tel club. Nous aimerions que RA continue de cro\u00eetre mais cela demande un investissement humain.<\/p>\n<h3><span style=\"color: #008227;\">Comment devenir b\u00e9n\u00e9vole<\/span><\/h3>\n<p>Beaucoup de t\u00e2ches sont impliqu\u00e9es dans la gestion de ce club, de la r\u00e9ponse aux courriels \u00e0 la prise de d\u00e9cisions financi\u00e8res importantes. Chacune est importante et nombre d&#8217;entre elles sont de bonnes exp\u00e9riences d&#8217;apprentissage. Les occasions abondent pour vous de contribuer \u00e0 ce qu&#8217;est votre club de plein air :<\/p>\n<ul>\n<li>Comit\u00e9 de ski\/raquette<\/li>\n<li>Traduction<\/li>\n<li>Marketing\/conseiller<\/li>\n<li>Comit\u00e9 de v\u00e9lo<\/li>\n<li>Aide pour les \u00e9v\u00e9nements sociaux<\/li>\n<li>Comit\u00e9 de randonn\u00e9e<\/li>\n<li>Aide pour planification des fins de semaine<\/li>\n<li>Courriel et r\u00e9partition des messages<\/li>\n<li>Comit\u00e9 social<\/li>\n<li>Aide pour le site Web<\/li>\n<li>Suivi des membres nouveaux et potentiels<\/li>\n<li>Aide avec le programme du registraire<\/li>\n<\/ul>\n<p><img loading=\"lazy\" decoding=\"async\" class=\"wp-image-28644 size-medium alignright\" src=\"https:\/\/randonnee.ca\/wp-content\/uploads\/\/winter_snowshoe_group-240x300.jpg\" alt=\"\" width=\"240\" height=\"300\" srcset=\"https:\/\/randonnee.ca\/wp-content\/uploads\/winter_snowshoe_group-240x300.jpg 240w, https:\/\/randonnee.ca\/wp-content\/uploads\/winter_snowshoe_group-819x1024.jpg 819w, https:\/\/randonnee.ca\/wp-content\/uploads\/winter_snowshoe_group-768x960.jpg 768w, https:\/\/randonnee.ca\/wp-content\/uploads\/winter_snowshoe_group-1229x1536.jpg 1229w, https:\/\/randonnee.ca\/wp-content\/uploads\/winter_snowshoe_group-400x500.jpg 400w, https:\/\/randonnee.ca\/wp-content\/uploads\/winter_snowshoe_group.jpg 1638w\" sizes=\"(max-width: 240px) 100vw, 240px\" \/>Tous ceux qui jouent un r\u00f4le au sein du club ont besoin de successeurs sur une base r\u00e9guli\u00e8re. Si vous avez un int\u00e9r\u00eat particulier, laissez-le nous savoir. Il suffit de cocher les cases appropri\u00e9es au moment d\u2019acheter votre adh\u00e9sion ou de nous faire parvenir un courriel \u00e0 <a href=\"mailto:info@randonnee.ca\">info@randonnee.ca<\/a><\/p>\n<p>Embarquez avec nous, participez, et sachez qu\u2019on peut r\u00e9ussir ENSEMBLE ce qu\u2019il est impossible de r\u00e9aliser seul.<\/p>\n<p>&nbsp;<\/p>\n<p>&nbsp;<\/p>\n<p>&nbsp;<\/td>\n<td style=\"font-size: 24;\" align=\"left\" valign=\"top\" width=\"4%\"><\/td>\n<td style=\"font-size: 24; text-align: left;\" align=\"left\" valign=\"top\" bgcolor=\"#ffffff\" width=\"48%\">\n<h3><span style=\"color: #008227;\">\u00c9quipe de direction<\/span><\/h3>\n<p><strong>Pr\u00e9sident :<\/strong> Jean-Francois Halin<br \/>\n<strong>Vice-pr\u00e9sident :<\/strong> Vacant<br \/>\n<strong>Tr\u00e9sori\u00e8re :<\/strong> Gail Clement<br \/>\n<strong>Registraire :<\/strong> Karen Staudinger<br \/>\n<strong>Secr\u00e9taire :<\/strong> Karen Staudinger<br \/>\n<strong>Conseil d\u2019administration :<\/strong> Deirdre Ellis, Jean-Francois Halin, John Smith, Karen Staudinger<br \/>\n<strong>Directrice des m\u00e9dias sociaux :<\/strong> Darlene Marshall (par int\u00e9rim)<br \/>\n<strong>Coordonnateur de Randonnews :<\/strong> Steve Cabilio<br \/>\n<strong>Coordonnatrices des courriels :<\/strong> Khadija Amazirh, Nadia Martel<br \/>\n<strong>Coordonnateur de la traduction :<\/strong> Jean Cot\u00e9<br \/>\n<strong>Coordonnateur des d\u00e9placements en autobus :<\/strong> John Smith<br \/>\n<strong>Coordonnatrice des b\u00e9n\u00e9voles : <\/strong>Vacant<\/p>\n<h3><span style=\"color: #008227;\">Comit\u00e9 des Sports d\u2019hiver<\/span><\/h3>\n<p><strong>Directeur :<\/strong> Andr\u00e9 Gigu\u00e8re<br \/>\n<strong>Administratrice :<\/strong> Anne Harper<\/p>\n<h3><span style=\"color: #008227;\">Comit\u00e9 V\u00e9lo<\/span><\/h3>\n<p><strong>Directrice :<\/strong> Johanna Schalkwyk<\/p>\n<h3><span style=\"color: #008227;\">Comit\u00e9 Randonn\u00e9e<\/span><\/h3>\n<p><strong>Directrice<\/strong> : Judy Mitchell<br \/>\n<strong>Directeur-adjoint :<\/strong> John Smith<br \/>\n<strong>Administratrice :<\/strong> Clare Parsons<\/p>\n<h3><span style=\"color: #008227;\">Comit\u00e9 Promenades urbaines<\/span><\/h3>\n<p><strong>Co-Directrices<\/strong> : Caroline Morin, Vera Tobolkova<\/p>\n<h3><span style=\"color: #008227;\">Comit\u00e9 des Activit\u00e9s sociales<\/span><\/h3>\n<p><strong>Directrice :<\/strong> Vacant<\/p>\n<h3><span style=\"color: #008227;\">Comit\u00e9 Web<\/span><\/h3>\n<p><strong>Maintenance :<\/strong> Alex Benjamin<br \/>\n<strong>Contenu et conception :<\/strong> Susan Zegray<\/td>\n<\/tr>\n<\/tbody>\n<\/table>\n","protected":false},"excerpt":{"rendered":"<p>Vous faites de la randonn\u00e9e, du ski, du v\u00e9lo, de la raquette depuis un an ou deux avec le club\u2026 Il ne fait aucun doute que vous avez eu bien du plaisir, pendant vos aventures, \u00e0 utiliser les cartes et les descriptions de sentiers fournies par les responsables \u00e0 bord de l\u2019autobus. Les fins de semaine pass\u00e9es en compagnie de vos nouveaux amis de Randonn\u00e9e Aventure vous r\u00e9jouissent et vous procurent des souvenirs inoubliables. C\u2019est \u00e7a, Randonn\u00e9e Aventure (RA) : des amis, des souvenirs, des aventures! Sans b\u00e9n\u00e9voles, RA n\u2019existerait pas. Comme vous le savez, nous sommes un organisme \u00e0&#8230; <\/p>\n","protected":false},"author":1,"featured_media":0,"parent":0,"menu_order":0,"comment_status":"closed","ping_status":"open","template":"full-width.php","meta":{"footnotes":""},"publishpress_future_action":{"enabled":false,"date":"2026-05-20 13:23:59","action":"draft","terms":[],"taxonomy":"translation_priority"},"_links":{"self":[{"href":"https:\/\/randonnee.ca\/fr\/wp-json\/wp\/v2\/pages\/7465"}],"collection":[{"href":"https:\/\/randonnee.ca\/fr\/wp-json\/wp\/v2\/pages"}],"about":[{"href":"https:\/\/randonnee.ca\/fr\/wp-json\/wp\/v2\/types\/page"}],"author":[{"embeddable":true,"href":"https:\/\/randonnee.ca\/fr\/wp-json\/wp\/v2\/users\/1"}],"replies":[{"embeddable":true,"href":"https:\/\/randonnee.ca\/fr\/wp-json\/wp\/v2\/comments?post=7465"}],"version-history":[{"count":46,"href":"https:\/\/randonnee.ca\/fr\/wp-json\/wp\/v2\/pages\/7465\/revisions"}],"predecessor-version":[{"id":31128,"href":"https:\/\/randonnee.ca\/fr\/wp-json\/wp\/v2\/pages\/7465\/revisions\/31128"}],"wp:attachment":[{"href":"https:\/\/randonnee.ca\/fr\/wp-json\/wp\/v2\/media?parent=7465"}],"curies":[{"name":"wp","href":"https:\/\/api.w.org\/{rel}","templated":true}]}}