{"id":8404,"date":"2015-10-17T02:29:55","date_gmt":"2015-10-17T02:29:55","guid":{"rendered":"https:\/\/randonnee.ca\/fr\/?page_id=8404"},"modified":"2022-07-12T07:45:03","modified_gmt":"2022-07-12T11:45:03","slug":"maladie-de-lyme","status":"publish","type":"page","link":"https:\/\/randonnee.ca\/fr\/maladie-de-lyme\/","title":{"rendered":"Maladie de Lyme"},"content":{"rendered":"<h3><\/h3>\n<p>Bien que les risques soient minimes, nous aimerions vous donner les informations suivantes ainsi que les mesures \u00e0 prendre pour se prot\u00e9ger de la maladie de Lyme. Pour plus d&#8217;information, veuillez consulter votre medecin.<\/p>\n<h3><span style=\"color: #008227;\">\u00c9viter les morsures de tiques<\/span><\/h3>\n<ol>\n<li><strong>Bien se couvrir.<\/strong><br \/>\nPorter des v\u00eatements couvrant les bras et les jambes (le bas du pantalon rentr\u00e9 dans les chaussettes).<\/li>\n<li><strong>Ne pas quitter les sentiers.<\/strong><br \/>\n\u00c9viter de marcher hors des sentiers, dans les buissons et l\u2019herbe haute.<\/li>\n<li><strong>Porter des v\u00eatements de couleur claire<\/strong>.<br \/>\nIl est plus facile de voir et d\u2019enlever les tiques sur des v\u00eatements de couleur p\u00e2le.<\/li>\n<li><strong>Utiliser un insectifuge sur la peau et les v\u00eatements<\/strong>.<br \/>\nNe pas oublier que les tiques sont petites et difficiles \u00e0 rep\u00e9rer. Prendre le temps de s\u2019examiner apr\u00e8s une sortie en for\u00eat. Rechercher un petit point de la grosseur et de la couleur d\u2019une tache de rousseur.<\/li>\n<li><strong>Inspectez-vous.<\/strong><br \/>\nN&#8217;oubliez pas que les tiques sont petites et difficiles \u00e0 rep\u00e9rer. Prenez le temps de vous examiner apr\u00e8s avoir \u00e9t\u00e9 \u00e0 l&#8217;ext\u00e9rieur. Les tiques ont la taille et la couleur d&#8217;une petite tache de rousseur.<\/li>\n<li><strong>Se laver.<\/strong><br \/>\nLes tiques peuvent se maintenir sur la peau pendant des heures avant de s\u2019attacher. Une douche et une friction avec la d\u00e9barbouillette peuvent suffire \u00e0 enlever la tique.<\/li>\n<li><strong>Ne pas se croire immunis\u00e9.<\/strong><br \/>\nM\u00eame si on a d\u00e9j\u00e0 eu la maladie de Lyme, on peut \u00eatre atteint de nouveau.<\/li>\n<li><strong>Enlever les tiques \u00e0 l\u2019aide de pinces \u00e0 \u00e9piler.<\/strong><br \/>\nPrendre avec pr\u00e9caution la tique pr\u00e8s de la t\u00eate ou de la bouche. Ne pas presser ou \u00e9craser la tique, la tirer doucement et de fa\u00e7on constante. Une fois que la tique est compl\u00e8tement retir\u00e9e, en disposer et laver la r\u00e9gion de la morsure avec du l\u2019eau et du savon.<\/li>\n<li><strong>Agir le plus rapidement possible.<\/strong><br \/>\nIl est plus facile de traiter la maladie de Lyme d\u00e8s le d\u00e9but. Se rendre dans un centre m\u00e9dical sans tarder si des sympt\u00f4mes cliniques se manifestent.<\/li>\n<\/ol>\n<h3><span style=\"color: #008227;\">Informations g\u00e9n\u00e9rales<\/span><\/h3>\n<ol>\n<li>La maladie de Lyme est une infection bact\u00e9rienne transmise par les tiques<\/li>\n<li>Les tiques se nourrissent du sang des humains et des cervid\u00e9s (chevreuils). On les trouve dans les buissons et les herbes hautes attendant de s\u2019attacher \u00e0 un h\u00f4te de passage.<\/li>\n<li>Les tiques en soi ne causent pas la maladie de Lyme, elles sont plut\u00f4t les vecteurs de l\u2019infection en transmettant la bact\u00e9rie \u00e0 l\u2019animal ou \u00e0 l\u2019humain.<\/li>\n<li>Les tiques sont fr\u00e9quentes en Nouvelle-Angleterre au printemps et en \u00e9t\u00e9, et sont de plus en plus fr\u00e9quentes au Canada, parce qu\u2019elles sont dispers\u00e9es des r\u00e9gions end\u00e9miques par les oiseaux migrateurs.<\/li>\n<\/ol>\n<h3><span style=\"color: #008227;\">Sympt\u00f4mes<\/span><\/h3>\n<ol>\n<li>\u00c9ruption cutan\u00e9e qui s\u2019\u00e9tend autour de la morsure (m\u00eame sans \u00e9ruption cutan\u00e9e, d\u2019autres sympt\u00f4mes peuvent survenir).<\/li>\n<li>\u00c9ruption cutan\u00e9e ailleurs sur le corps en dehors de la r\u00e9gion infect\u00e9e.<\/li>\n<li>Des sympt\u00f4mes qui s\u2019apparentent \u00e0 la grippe : mal de t\u00eate, muscles endoloris, fi\u00e8vre et inconfort g\u00e9n\u00e9ral.<\/li>\n<li>Douleurs musculaires migratoires, douleurs aux jointures et aux tendons.<\/li>\n<li>M\u00eame apr\u00e8s plusieurs mois, une personne qui n\u2019a pas \u00e9t\u00e9 trait\u00e9e peut d\u00e9velopper des sympt\u00f4mes s\u00e9rieux et chroniques.<\/li>\n<\/ol>\n<p>Si vous souffrez de n\u2019importe lequel de ces sympt\u00f4mes apr\u00e8s avoir \u00e9t\u00e9 en for\u00eat, aviser votre m\u00e9decin qui vous prescrira une analyse sanguine et un traitement appropri\u00e9. Une maladie rapidement et efficacement trait\u00e9e assure un prompt r\u00e9tablissement.<\/p>\n<h3><span style=\"color: #008227;\">En savoir plus<br \/>\n<\/span><\/h3>\n<p><a href=\"https:\/\/www.quebec.ca\/sante\/problemes-de-sante\/a-z\/maladie-de-lyme\" target=\"_blank\" rel=\"noopener\">https:\/\/www.quebec.ca\/sante\/problemes-de-sante\/a-z\/maladie-de-lyme<\/a><br \/>\n<a href=\"https:\/\/www.canada.ca\/fr\/sante-publique\/services\/maladies\/maladie-lyme.html\" target=\"_blank\" rel=\"noopener\">https:\/\/www.canada.ca\/fr\/sante-publique\/services\/maladies\/maladie-lyme.html<\/a><\/p>\n","protected":false},"excerpt":{"rendered":"<p>Bien que les risques soient minimes, nous aimerions vous donner les informations suivantes ainsi que les mesures \u00e0 prendre pour se prot\u00e9ger de la maladie de Lyme. Pour plus d&#8217;information, veuillez consulter votre medecin. \u00c9viter les morsures de tiques Bien se couvrir. Porter des v\u00eatements couvrant les bras et les jambes (le bas du pantalon rentr\u00e9 dans les chaussettes). Ne pas quitter les sentiers. \u00c9viter de marcher hors des sentiers, dans les buissons et l\u2019herbe haute. Porter des v\u00eatements de couleur claire. Il est plus facile de voir et d\u2019enlever les tiques sur des v\u00eatements de couleur p\u00e2le. Utiliser un&#8230; <\/p>\n","protected":false},"author":135,"featured_media":0,"parent":0,"menu_order":0,"comment_status":"closed","ping_status":"closed","template":"full-width.php","meta":{"footnotes":""},"publishpress_future_action":{"enabled":false,"date":"2026-05-14 04:46:32","action":"draft","terms":[],"taxonomy":"translation_priority"},"_links":{"self":[{"href":"https:\/\/randonnee.ca\/fr\/wp-json\/wp\/v2\/pages\/8404"}],"collection":[{"href":"https:\/\/randonnee.ca\/fr\/wp-json\/wp\/v2\/pages"}],"about":[{"href":"https:\/\/randonnee.ca\/fr\/wp-json\/wp\/v2\/types\/page"}],"author":[{"embeddable":true,"href":"https:\/\/randonnee.ca\/fr\/wp-json\/wp\/v2\/users\/135"}],"replies":[{"embeddable":true,"href":"https:\/\/randonnee.ca\/fr\/wp-json\/wp\/v2\/comments?post=8404"}],"version-history":[{"count":4,"href":"https:\/\/randonnee.ca\/fr\/wp-json\/wp\/v2\/pages\/8404\/revisions"}],"predecessor-version":[{"id":23765,"href":"https:\/\/randonnee.ca\/fr\/wp-json\/wp\/v2\/pages\/8404\/revisions\/23765"}],"wp:attachment":[{"href":"https:\/\/randonnee.ca\/fr\/wp-json\/wp\/v2\/media?parent=8404"}],"curies":[{"name":"wp","href":"https:\/\/api.w.org\/{rel}","templated":true}]}}