{"id":9257,"date":"2016-03-27T17:13:51","date_gmt":"2016-03-27T21:13:51","guid":{"rendered":"https:\/\/randonnee.ca\/fr\/how-our-rides-work\/"},"modified":"2025-01-20T13:55:46","modified_gmt":"2025-01-20T18:55:46","slug":"deroulement-des-excursions","status":"publish","type":"page","link":"https:\/\/randonnee.ca\/fr\/deroulement-des-excursions\/","title":{"rendered":"D\u00e9roulement des excursions"},"content":{"rendered":"<table style=\"height: 885px;\" border=\"0\" cellspacing=\"1\" cellpadding=\"10\" align=\"center\">\n<tbody>\n<tr>\n<td style=\"font-size: 24; text-align: left;\" align=\"left\" valign=\"top\" width=\"48%\">\n<h3><span style=\"color: #008227;\">Nouveaux membres<\/span><\/h3>\n<p>Nous accueillons chaleureusement les nouveaux venus, et vous encourageons \u00e0 faire une sortie d\u2019essai avec nous. Notez que <strong>le port du casque est obligatoire<\/strong> ainsi que le fait d\u2019avoir un v\u00e9lo ad\u00e9quatement \u00e9quip\u00e9. Il est aussi important que vous ayez suffisamment d\u2019exp\u00e9rience \u00e0 v\u00e9lo pour g\u00e9rer les distances et les difficult\u00e9s de la destination choisie. Nous sommes sur la route la plus grande partie de la journ\u00e9e : les participants devraient \u00eatre capables de suivre leur groupe. Pour en savoir plus, rendez-vous sur la page <a href=\"https:\/\/randonnee.ca\/fr\/premiere-sortie-a-velo-avec-ra\/\">Premi\u00e8re sortie \u00e0 v\u00e9lo avec RA<\/a>.<\/p>\n<p>Avant de s&#8217;inscrire \u00e0 une sortie, tous les nouveaux \u00e0 Randonn\u00e9e sont pri\u00e9s de nous contacter via <a href=\"mailto:cycling@randonnee.ca\">cycling@randonnee.ca<\/a> \u2013 envoyez un courriel avec un num\u00e9ro de t\u00e9l\u00e9phone auquel nous pouvons vous joindre pour un briefing sur les sorties de Randonn\u00e9e.<\/p>\n<h3><span style=\"color: #008227;\">Sorties du samedi<\/span><\/h3>\n<p>Chaque ann\u00e9e nous pr\u00e9voyons une saison compl\u00e8te avec de nombreuses destinations au Qu\u00e9bec, en Ontario, au Vermont et \u00e0 New York ! Nous commen\u00e7ons la saison avec les trajets les plus faciles et terminons avec les plus difficiles, mais entre les deux, nous visons un programme plus mixte. Pour participer, notez que :<\/p>\n<ul>\n<li>les participants s&#8217;inscrivent avant la sortie ;<\/li>\n<li>le rendez-vous pour toutes les sorties sera \u00e0 9h30 sur le stationnement de destination, et le briefing et le d\u00e9part auront lieu peu de temps apr\u00e8s &#8211; soyez \u00e0 l&#8217;heure!<\/li>\n<li>nous encourageons le covoiturage comme moyen de r\u00e9unir les participants et de r\u00e9duire le nombre de voitures sur la route \u2013 le covoiturage peut \u00eatre propos\u00e9 ou demand\u00e9 \u00e0 l&#8217;aide de la fiche d&#8217;inscription accessible via le wikidot ci-dessous.<\/li>\n<\/ul>\n<p>Le wiki du cyclisme (<a href=\"http:\/\/randonnee-velo.wikidot.com\/start\" target=\"_blank\" rel=\"noopener noreferrer\">randonnee-velo.wikidot.com<\/a>) est l&#8217;endroit o\u00f9 aller pour :<\/p>\n<ul>\n<li>trouver le lien pour s&#8217;inscrire au trajet (indiquer le nom, le num\u00e9ro de t\u00e9l\u00e9phone portable, le num\u00e9ro de contact d&#8217;urgence et les d\u00e9tails du covoiturage) &#8211; la liste sera ouverte \u00e0 partir du mardi pr\u00e9c\u00e9dant une sortie du samedi ; inscrivez-vous avant vendredi 19h;<\/li>\n<li>trouver le lien pour obtenir des cartes et les directions pour se rendre ainsi que des feuilles de rep\u00e9rage au format PDF ou pour un appareil GPS (\u00e0 partir du mardi pr\u00e9c\u00e9dant une sortie du samedi);<\/li>\n<li>trouver le lien vers la fiche d&#8217;inscription pour v\u00e9rifier s&#8217;il y a une annulation ou un report li\u00e9 \u00e0 la m\u00e9t\u00e9o (v\u00e9rifier apr\u00e8s 19h le vendredi avant une sortie du samedi).<\/li>\n<\/ul>\n<h3><span style=\"color: #008227;\">Excursions de fin de semaine<\/span><\/h3>\n<p>Pour s\u2019inscrire pour les voyages de fin de semaine, visitez <a href=https:\/\/randonnee.ca\/fr\/calendrier-velo\/>Calendrier V\u00e9lo<\/a>.<\/p>\n<\/td>\n<td style=\"font-size: 24;\" align=\"left\" valign=\"top\" width=\"4%\"><\/td>\n<td style=\"font-size: 24; text-align: left;\" align=\"left\" valign=\"top\" bgcolor=\"#ffffff\" width=\"48%\">\n<h3><span style=\"color: #008227;\">Description des frais<\/span><\/h3>\n<p>Toutes les sorties et activit\u00e9s sont planifi\u00e9es et guid\u00e9es par les b\u00e9n\u00e9voles du club.<\/p>\n<h4><strong>Carte de membre :<\/strong><\/h4>\n<p><strong>35 $ par ann\u00e9e<\/strong>. La carte de membre donne le droit de participer \u00e0 toutes les activit\u00e9s du club (v\u00e9lo, randonn\u00e9e, sports d\u2019hiver et activit\u00e9s sociales). Ceux qui sont int\u00e9ress\u00e9s par le club peuvent participer \u00e0 une sortie d\u2019essai avant de devenir membre. Procurez-vous votre carte de membre \u00e0 la page <a href=\"https:\/\/randonnee.ca\/fr\/produit\/cotisation-annuelle\/\">Achat Adh\u00e9sion<\/a>. Consultez la page <a href=\"https:\/\/randonnee.ca\/fr\/instructions-pour-connexion-et-achat-dadhesion-annuelle\/\">Instructions pour connexion et achat d&#8217;adh\u00e9sion annuelle<\/a> pour apprendre comment cr\u00e9er un nouveau compte de membre RA, vous connecter \u00e0 votre compte existant, et\/ou acheter ou renouveler une adh\u00e9sion.<\/p>\n<h4><strong>Sorties du samedi :<\/strong><\/h4>\n<p><strong>Il n&#8217;y a plus de frais administratifs.<\/p>\n<p>20 $ de frais pour le covoiturage<\/strong> pour chaque passager \u00e0 payer comptant au conducteur lors du d\u00e9part.<\/p>\n<h4><strong>Excursions de fin de semaine :<\/strong><\/h4>\n<p><strong>Le co\u00fbt de l\u2019excursion<\/strong> (\u00e0 payer en ligne par carte de cr\u00e9dit ou via PayPal) comme indiqu\u00e9 sur le site web avec la description du voyage<br \/>\n<strong>PLUS<br \/>\nLes frais de covoiturage<\/strong> (\u00e0 payer comptant au conducteur lors du d\u00e9part) varient selon les distances et la destination.<\/p>\n<h3><span style=\"color: #008227;\">Passage \u00e0 la fronti\u00e8re pour les voyages aux \u00c9tats-Unis<\/span><\/h3>\n<p><strong>NOTE IMPORTANTE:<\/strong><br \/>\nIl est de la responsabilit\u00e9 de chacun d\u2019avoir les documents requis pour le passage \u00e0 la fronti\u00e8re am\u00e9ricaine. Avec l\u2019administration am\u00e9ricaine qui impose de plus fortes restrictions, vous devez porter une attention sp\u00e9ciale aux documents exig\u00e9s \u00e0 la fronti\u00e8re. Le groupe ou la personne avec qui vous voyagez en covoiturage ne peut vous attendre si vous \u00eates retenu \u00e0 la fronti\u00e8re. Vous devez \u00e9valuer vous-m\u00eame si le b\u00e9n\u00e9fice d\u2019un voyage aux \u00c9tats-Unis vaut le risque d\u2019\u00eatre laiss\u00e9 \u00e0 la fronti\u00e8re. De plus, si vous voyagez avec un passeport autre que canadien ou am\u00e9ricain, vous devez en informer le leader du voyage ou le chauffeur si vous \u00eates en covoiturage. Les participants qui ont besoin d\u2019un visa pour entrer aux \u00c9tats-Unis doivent se le procurer avant le voyage. Assurez-vous d\u2019une couverture d\u2019assurance ad\u00e9quate pour les Etats-Unis.<\/p>\n<h3><span style=\"color: #008227;\">Questions<\/span><\/h3>\n<p>Si vous avez des questions, envoyez-nous un courriel (<a href=\"mailto:info@randonnee.ca\">info@randonnee.ca<\/a>). Nous vous r\u00e9pondrons d\u00e8s que possible.<\/td>\n<\/tr>\n<\/tbody>\n<\/table>\n","protected":false},"excerpt":{"rendered":"<p>Nouveaux membres Nous accueillons chaleureusement les nouveaux venus, et vous encourageons \u00e0 faire une sortie d\u2019essai avec nous. Notez que le port du casque est obligatoire ainsi que le fait d\u2019avoir un v\u00e9lo ad\u00e9quatement \u00e9quip\u00e9. Il est aussi important que vous ayez suffisamment d\u2019exp\u00e9rience \u00e0 v\u00e9lo pour g\u00e9rer les distances et les difficult\u00e9s de la destination choisie. Nous sommes sur la route la plus grande partie de la journ\u00e9e : les participants devraient \u00eatre capables de suivre leur groupe. Pour en savoir plus, rendez-vous sur la page Premi\u00e8re sortie \u00e0 v\u00e9lo avec RA. Avant de s&#8217;inscrire \u00e0 une sortie, tous&#8230; <\/p>\n","protected":false},"author":135,"featured_media":0,"parent":0,"menu_order":0,"comment_status":"closed","ping_status":"closed","template":"full-width.php","meta":{"footnotes":""},"publishpress_future_action":{"enabled":false,"date":"2026-05-06 04:11:07","action":"draft","terms":[],"taxonomy":"translation_priority"},"_links":{"self":[{"href":"https:\/\/randonnee.ca\/fr\/wp-json\/wp\/v2\/pages\/9257"}],"collection":[{"href":"https:\/\/randonnee.ca\/fr\/wp-json\/wp\/v2\/pages"}],"about":[{"href":"https:\/\/randonnee.ca\/fr\/wp-json\/wp\/v2\/types\/page"}],"author":[{"embeddable":true,"href":"https:\/\/randonnee.ca\/fr\/wp-json\/wp\/v2\/users\/135"}],"replies":[{"embeddable":true,"href":"https:\/\/randonnee.ca\/fr\/wp-json\/wp\/v2\/comments?post=9257"}],"version-history":[{"count":28,"href":"https:\/\/randonnee.ca\/fr\/wp-json\/wp\/v2\/pages\/9257\/revisions"}],"predecessor-version":[{"id":28510,"href":"https:\/\/randonnee.ca\/fr\/wp-json\/wp\/v2\/pages\/9257\/revisions\/28510"}],"wp:attachment":[{"href":"https:\/\/randonnee.ca\/fr\/wp-json\/wp\/v2\/media?parent=9257"}],"curies":[{"name":"wp","href":"https:\/\/api.w.org\/{rel}","templated":true}]}}