{"id":31127,"date":"2026-03-31T22:00:29","date_gmt":"2026-04-01T02:00:28","guid":{"rendered":"https:\/\/randonnee.ca\/?post_type=product&#038;p=31127"},"modified":"2026-03-31T22:00:29","modified_gmt":"2026-04-01T02:00:29","slug":"2026-08-14-wk-week-end-cycliste-dete-nominingue-qc","status":"publish","type":"product","link":"https:\/\/randonnee.ca\/fr\/produit\/2026-08-14-wk-week-end-cycliste-dete-nominingue-qc\/","title":{"rendered":"2026\/08\/14-WK-Week-end cycliste d&#8217;\u00e9t\u00e9 &#8211; Nominingue, QC"},"content":{"rendered":"<h2><span style=\"color: #008227;\">Week-end cycliste d&#8217;\u00e9t\u00e9 <\/span><\/h2>\n<h2><span style=\"color: #008227;\">Nominingue, QC<\/span><\/h2>\n<h2><span style=\"color: #008227;\">le vendredi 14 ao\u00fbt au dimanche 14 ao\u00fbt, 2026 (deux nuits)<\/span><\/h2>\n<p>Nominingue est situ\u00e9 dans la belle r\u00e9gion des Hautes Laurentides au Qu\u00e9bec. D\u00e9couvrez l&#8217;arri\u00e8re-pays calme et paisible au nord de Labelle et ses charmants petits villages, avec de bonnes routes et la piste cyclable du Petit Train du Nord. Le samedi, il y a une option de v\u00e9lo dans la belle r\u00e9gion de Mont-Laurier. La longueur des itin\u00e9raires varie de 49 \u00e0 92 km. La plupart des circuits sont pour des cyclistes de niveau interm\u00e9diaire, mais il existe des circuits comportant des ascensions remarquables pour les plus sportifs.<\/p>\n<p>C\u2019est une r\u00e9gion de lacs, et la plage municipale, accessible en quelques coups de p\u00e9dale depuis l&#8217;h\u00f4tel, offre la possibilit\u00e9 d&#8217;une baignade en fin de journ\u00e9e.<\/p>\n<p>Pour plus d\u2019information sur le degr\u00e9 de difficult\u00e9 des routes et les distances, <a href=\"https:\/\/drive.google.com\/drive\/folders\/1q1nGfdSNG74X2tOdNRjZFlN1jl5EXW5K\" target=\"_blank\" rel=\"noopener\">cliquez ici<\/a>.<\/p>\n<p><strong>H\u00e9bergement<\/strong> : Chambres confortables avec deux lits grand format, t\u00e9l\u00e9vision par c\u00e2ble, climatisation et mini-frigo \u00e0 <a href=\"https:\/\/hotelgolfnominingue.qc.ca\/\" target=\"_blank\" rel=\"noopener\">Le Club et H\u00f4tel du Golf Nominingue<\/a>.<\/p>\n<p><strong>Co\u00fbt<\/strong> : 270 $ pour les membres. Les non-membres doivent \u00e9galement acheter une adh\u00e9sion au co\u00fbt de 35 $.<\/p>\n<p><strong>Comprend<\/strong> : 2 nuits d&#8217;h\u00e9bergement, vendredi et samedi (occupation double). Les participants s\u2019aquittent de leurs repas. L&#8217;h\u00f4tel propose un choix vari\u00e9 pour le petit-d\u00e9jeuner et le d\u00eener, et d&#8217;autres options se trouvent \u00e0 proximit\u00e9. Des informations compl\u00e9mentaires sur les restaurants et les \u00e9ventuels d\u00eeners de groupe seront communiqu\u00e9es aux participants avant le week-end.<\/p>\n<p><strong>Transport<\/strong> : Covoiturage de 45 $ par passager payable au conducteur au d\u00e9part, plus 10 $ pour le covoiturage optionnel vers Mont-Laurier.<\/p>\n<p><strong>Remarque<\/strong> : Nous vous encourageons \u00e0 trouver un co-chambreur avant de s&#8217;inscrire. Si vous vous inscrivez sans pr\u00e9ciser de co-chambreur, nous essaierons de vous trouver un autre c\u00e9libataire du m\u00eame sexe. Si nous n\u2019y parvenons pas, nous ne pourrons peut-\u00eatre pas vous accueillir (vous serez alors rembours\u00e9).<\/p>\n<p><strong>DATE LIMITE D&#8217;INSCRIPTION<\/strong> : Jeudi 16 juillet 2026.<\/p>\n<p><strong>Liste d&#8217;attente<\/strong> : Une fois que ce voyage sera complet, il y aura une liste d&#8217;attente pour les acheteurs potentiels. Pour \u00eatre inscrit sur la liste d&#8217;attente, envoyez un courriel au club \u00e0 <a href=\"mailto:info@randonnee.ca\">info@randonnee.ca<\/a> avec la demande. Si une place se lib\u00e8re, vous serez contact\u00e9 et vous aurez la possibilit\u00e9 d&#8217;acheter le voyage.<\/p>\n","protected":false},"excerpt":{"rendered":"<p>Week-end cycliste d&#8217;\u00e9t\u00e9 Nominingue, QC le vendredi 14 ao\u00fbt au dimanche 14 ao\u00fbt, 2026 (deux nuits) Nominingue est situ\u00e9 dans la belle r\u00e9gion des Hautes Laurentides au Qu\u00e9bec. D\u00e9couvrez l&#8217;arri\u00e8re-pays calme et paisible au nord de Labelle et ses charmants petits villages, avec de bonnes routes et la piste cyclable du Petit Train du Nord. Le samedi, il y a une option de v\u00e9lo dans la belle r\u00e9gion de Mont-Laurier. La longueur des itin\u00e9raires varie de 49 \u00e0 92 km. La plupart des circuits sont pour des cyclistes de niveau interm\u00e9diaire, mais il existe des circuits comportant des ascensions remarquables&#8230; <\/p>\n","protected":false},"featured_media":31125,"template":"","meta":[],"product_cat":[52],"product_tag":[],"publishpress_future_action":{"enabled":true,"date":"2026-08-17 11:05:49","action":"draft","terms":[0],"taxonomy":"product_cat"},"_links":{"self":[{"href":"https:\/\/randonnee.ca\/fr\/wp-json\/wp\/v2\/product\/31127"}],"collection":[{"href":"https:\/\/randonnee.ca\/fr\/wp-json\/wp\/v2\/product"}],"about":[{"href":"https:\/\/randonnee.ca\/fr\/wp-json\/wp\/v2\/types\/product"}],"wp:featuredmedia":[{"embeddable":true,"href":"https:\/\/randonnee.ca\/fr\/wp-json\/wp\/v2\/media\/31125"}],"wp:attachment":[{"href":"https:\/\/randonnee.ca\/fr\/wp-json\/wp\/v2\/media?parent=31127"}],"wp:term":[{"taxonomy":"product_cat","embeddable":true,"href":"https:\/\/randonnee.ca\/fr\/wp-json\/wp\/v2\/product_cat?post=31127"},{"taxonomy":"product_tag","embeddable":true,"href":"https:\/\/randonnee.ca\/fr\/wp-json\/wp\/v2\/product_tag?post=31127"}],"curies":[{"name":"wp","href":"https:\/\/api.w.org\/{rel}","templated":true}]}}