{"id":31230,"date":"2026-03-31T22:00:30","date_gmt":"2026-04-01T02:00:30","guid":{"rendered":"https:\/\/randonnee.ca\/?post_type=product&#038;p=31230"},"modified":"2026-05-03T17:36:58","modified_gmt":"2026-05-03T21:36:58","slug":"2026-07-18-r4-montagne-grise-qc","status":"publish","type":"product","link":"https:\/\/randonnee.ca\/fr\/produit\/2026-07-18-r4-montagne-grise-qc\/","title":{"rendered":"2026\/07\/18-R4-Montagne Grise, QC"},"content":{"rendered":"<h2><span style=\"color: #339933;\">Montagne Grise, QC<\/span><\/h2>\n<h2><span style=\"color: #339933;\">Samedi 18 juillet 2026<\/span><\/h2>\n<p>Profitez du Centre de Plein Air de l&#8217;UQAM et escaladez la Montagne Grise et la Montagne T\u00eate Blanche avec vue sur des lacs et les Laurentides. Terminez la journ\u00e9e par un sentier nature menant \u00e0 de belles cascades.<\/p>\n<p><strong>Niveaux :<\/strong> 1 &#8211; 4<\/p>\n","protected":false},"excerpt":{"rendered":"<p>Montagne Grise, QC Samedi 18 juillet 2026 Profitez du Centre de Plein Air de l&#8217;UQAM et escaladez la Montagne Grise et la Montagne T\u00eate Blanche avec vue sur des lacs et les Laurentides. Terminez la journ\u00e9e par un sentier nature menant \u00e0 de belles cascades. Niveaux : 1 &#8211; 4<\/p>\n","protected":false},"featured_media":24904,"template":"","meta":[],"product_cat":[58,51],"product_tag":[],"publishpress_future_action":{"enabled":true,"date":"2026-07-19 13:01:34","action":"draft","terms":[0],"taxonomy":"product_cat"},"_links":{"self":[{"href":"https:\/\/randonnee.ca\/fr\/wp-json\/wp\/v2\/product\/31230"}],"collection":[{"href":"https:\/\/randonnee.ca\/fr\/wp-json\/wp\/v2\/product"}],"about":[{"href":"https:\/\/randonnee.ca\/fr\/wp-json\/wp\/v2\/types\/product"}],"wp:featuredmedia":[{"embeddable":true,"href":"https:\/\/randonnee.ca\/fr\/wp-json\/wp\/v2\/media\/24904"}],"wp:attachment":[{"href":"https:\/\/randonnee.ca\/fr\/wp-json\/wp\/v2\/media?parent=31230"}],"wp:term":[{"taxonomy":"product_cat","embeddable":true,"href":"https:\/\/randonnee.ca\/fr\/wp-json\/wp\/v2\/product_cat?post=31230"},{"taxonomy":"product_tag","embeddable":true,"href":"https:\/\/randonnee.ca\/fr\/wp-json\/wp\/v2\/product_tag?post=31230"}],"curies":[{"name":"wp","href":"https:\/\/api.w.org\/{rel}","templated":true}]}}