{"id":31248,"date":"2026-03-31T22:00:29","date_gmt":"2026-04-01T02:00:29","guid":{"rendered":"https:\/\/randonnee.ca\/?post_type=product&#038;p=31248"},"modified":"2026-04-08T08:11:14","modified_gmt":"2026-04-08T12:11:14","slug":"2026-08-01-r6-sepaq-mont-tremblant-secteur-de-la-diable-qc","status":"publish","type":"product","link":"https:\/\/randonnee.ca\/fr\/produit\/2026-08-01-r6-sepaq-mont-tremblant-secteur-de-la-diable-qc\/","title":{"rendered":"2026\/08\/01-R6-SEPAQ Mont Tremblant (Secteur de La Diable), QC"},"content":{"rendered":"<h2><span style=\"color: #339933;\">SEPAQ Mont Tremblant (Secteur de La Diable), QC<\/span><\/h2>\n<h2><span style=\"color: #339933;\">Samedi 1 ao\u00fbt 2026<\/span><\/h2>\n<p>Profitez des plus beaux sentiers des Laurentides dans le parc national du Mont-Tremblant. Ce secteur offre des randonn\u00e9es de diff\u00e9rents niveaux, dont le sentier du Centenaire, le sentier du Toit des Laurentides, la Roche, la Coul\u00e9e et la Corniche. Red\u00e9couvrez avec nous la beaut\u00e9 de ce parc.<\/p>\n<p><strong>Niveaux :<\/strong> 1 &#8211; 5<\/p>\n","protected":false},"excerpt":{"rendered":"<p>SEPAQ Mont Tremblant (Secteur de La Diable), QC Samedi 1 ao\u00fbt 2026 Profitez des plus beaux sentiers des Laurentides dans le parc national du Mont-Tremblant. Ce secteur offre des randonn\u00e9es de diff\u00e9rents niveaux, dont le sentier du Centenaire, le sentier du Toit des Laurentides, la Roche, la Coul\u00e9e et la Corniche. Red\u00e9couvrez avec nous la beaut\u00e9 de ce parc. Niveaux : 1 &#8211; 5<\/p>\n","protected":false},"featured_media":26990,"template":"","meta":[],"product_cat":[58,51],"product_tag":[],"publishpress_future_action":{"enabled":true,"date":"2026-08-02 19:12:15","action":"draft","terms":[0],"taxonomy":"product_cat"},"_links":{"self":[{"href":"https:\/\/randonnee.ca\/fr\/wp-json\/wp\/v2\/product\/31248"}],"collection":[{"href":"https:\/\/randonnee.ca\/fr\/wp-json\/wp\/v2\/product"}],"about":[{"href":"https:\/\/randonnee.ca\/fr\/wp-json\/wp\/v2\/types\/product"}],"wp:featuredmedia":[{"embeddable":true,"href":"https:\/\/randonnee.ca\/fr\/wp-json\/wp\/v2\/media\/26990"}],"wp:attachment":[{"href":"https:\/\/randonnee.ca\/fr\/wp-json\/wp\/v2\/media?parent=31248"}],"wp:term":[{"taxonomy":"product_cat","embeddable":true,"href":"https:\/\/randonnee.ca\/fr\/wp-json\/wp\/v2\/product_cat?post=31248"},{"taxonomy":"product_tag","embeddable":true,"href":"https:\/\/randonnee.ca\/fr\/wp-json\/wp\/v2\/product_tag?post=31248"}],"curies":[{"name":"wp","href":"https:\/\/api.w.org\/{rel}","templated":true}]}}