{"id":31263,"date":"2026-03-31T22:00:28","date_gmt":"2026-04-01T02:00:28","guid":{"rendered":"https:\/\/randonnee.ca\/?post_type=product&#038;p=31263"},"modified":"2026-05-03T17:36:58","modified_gmt":"2026-05-03T21:36:58","slug":"2026-08-29-r8-mont-ouareau-mont-kaaikop-qc","status":"publish","type":"product","link":"https:\/\/randonnee.ca\/fr\/produit\/2026-08-29-r8-mont-ouareau-mont-kaaikop-qc\/","title":{"rendered":"2026\/08\/29-R8-Mont Ouareau &#038; Mont Kaa\u00efkop, QC"},"content":{"rendered":"<h2><span style=\"color: #339933;\">Mont Ouareau &#038; Mont Kaa\u00efkop, QC<\/span><\/h2>\n<h2><span style=\"color: #339933;\">Samedi 29 ao\u00fbt 2026<\/span><\/h2>\n<p>De belles randonn\u00e9es dans la r\u00e9gion de Lanaudi\u00e8re offrant des panoramas remarquables depuis les deux sommets ainsi qu\u2019une vue du lac Legault. Rendez-vous au refuge Paul-Perreault, du nom d&#8217;un membre honoraire de Randonn\u00e9e Aventure. Les distances sont de 6, 14 et 17 km avec des d\u00e9nivel\u00e9s de respectivement 335, 394 et 579 m.<\/p>\n<p><strong>Niveaux :<\/strong> 1 &#8211; 4<\/p>\n","protected":false},"excerpt":{"rendered":"<p>Mont Ouareau &#038; Mont Kaa\u00efkop, QC Samedi 29 ao\u00fbt 2026 De belles randonn\u00e9es dans la r\u00e9gion de Lanaudi\u00e8re offrant des panoramas remarquables depuis les deux sommets ainsi qu\u2019une vue du lac Legault. Rendez-vous au refuge Paul-Perreault, du nom d&#8217;un membre honoraire de Randonn\u00e9e Aventure. Les distances sont de 6, 14 et 17 km avec des d\u00e9nivel\u00e9s de respectivement 335, 394 et 579 m. Niveaux : 1 &#8211; 4<\/p>\n","protected":false},"featured_media":31261,"template":"","meta":[],"product_cat":[58,51],"product_tag":[],"publishpress_future_action":{"enabled":true,"date":"2026-08-30 08:42:28","action":"draft","terms":[0],"taxonomy":"product_cat"},"_links":{"self":[{"href":"https:\/\/randonnee.ca\/fr\/wp-json\/wp\/v2\/product\/31263"}],"collection":[{"href":"https:\/\/randonnee.ca\/fr\/wp-json\/wp\/v2\/product"}],"about":[{"href":"https:\/\/randonnee.ca\/fr\/wp-json\/wp\/v2\/types\/product"}],"wp:featuredmedia":[{"embeddable":true,"href":"https:\/\/randonnee.ca\/fr\/wp-json\/wp\/v2\/media\/31261"}],"wp:attachment":[{"href":"https:\/\/randonnee.ca\/fr\/wp-json\/wp\/v2\/media?parent=31263"}],"wp:term":[{"taxonomy":"product_cat","embeddable":true,"href":"https:\/\/randonnee.ca\/fr\/wp-json\/wp\/v2\/product_cat?post=31263"},{"taxonomy":"product_tag","embeddable":true,"href":"https:\/\/randonnee.ca\/fr\/wp-json\/wp\/v2\/product_tag?post=31263"}],"curies":[{"name":"wp","href":"https:\/\/api.w.org\/{rel}","templated":true}]}}