{"id":31279,"date":"2026-03-31T22:00:27","date_gmt":"2026-04-01T02:00:27","guid":{"rendered":"https:\/\/randonnee.ca\/?post_type=product&#038;p=31279"},"modified":"2026-04-04T21:13:32","modified_gmt":"2026-04-05T01:13:32","slug":"2026-09-19-r10-sepaq-mont-megantic-secteur-de-lobservatoire-qc","status":"publish","type":"product","link":"https:\/\/randonnee.ca\/fr\/produit\/2026-09-19-r10-sepaq-mont-megantic-secteur-de-lobservatoire-qc\/","title":{"rendered":"2026\/09\/19-R10-SEPAQ Mont M\u00e9gantic (Secteur de l&#8217;Observatoire), QC"},"content":{"rendered":"<h2><span style=\"color: #339933;\">SEPAQ Mont M\u00e9gantic (Secteur de l&#8217;Observatoire), QC<\/span><\/h2>\n<h2><span style=\"color: #339933;\">Samedi 19 septembre 2026<\/span><\/h2>\n<p>Le mont M\u00e9gantic est un \u00e9l\u00e9ment g\u00e9ologique important du sud-est du Qu\u00e9bec. Ce massif est compos\u00e9 d\u2019un demi-cercle ext\u00e9rieur de monts dont les monts St-Joseph, Victoria et Notre-Dame et qui entoure le mont M\u00e9gantic proprement dit. Les vues panoramiques depuis chacun de ces sommets sont spectaculaires.<\/p>\n<p><strong>Niveaux :<\/strong> 1 &#8211; 5<\/p>\n","protected":false},"excerpt":{"rendered":"<p>SEPAQ Mont M\u00e9gantic (Secteur de l&#8217;Observatoire), QC Samedi 19 septembre 2026 Le mont M\u00e9gantic est un \u00e9l\u00e9ment g\u00e9ologique important du sud-est du Qu\u00e9bec. Ce massif est compos\u00e9 d\u2019un demi-cercle ext\u00e9rieur de monts dont les monts St-Joseph, Victoria et Notre-Dame et qui entoure le mont M\u00e9gantic proprement dit. Les vues panoramiques depuis chacun de ces sommets sont spectaculaires. Niveaux : 1 &#8211; 5<\/p>\n","protected":false},"featured_media":31390,"template":"","meta":[],"product_cat":[58,51],"product_tag":[],"publishpress_future_action":{"enabled":true,"date":"2026-09-20 09:45:43","action":"draft","terms":[0],"taxonomy":"product_cat"},"_links":{"self":[{"href":"https:\/\/randonnee.ca\/fr\/wp-json\/wp\/v2\/product\/31279"}],"collection":[{"href":"https:\/\/randonnee.ca\/fr\/wp-json\/wp\/v2\/product"}],"about":[{"href":"https:\/\/randonnee.ca\/fr\/wp-json\/wp\/v2\/types\/product"}],"wp:featuredmedia":[{"embeddable":true,"href":"https:\/\/randonnee.ca\/fr\/wp-json\/wp\/v2\/media\/31390"}],"wp:attachment":[{"href":"https:\/\/randonnee.ca\/fr\/wp-json\/wp\/v2\/media?parent=31279"}],"wp:term":[{"taxonomy":"product_cat","embeddable":true,"href":"https:\/\/randonnee.ca\/fr\/wp-json\/wp\/v2\/product_cat?post=31279"},{"taxonomy":"product_tag","embeddable":true,"href":"https:\/\/randonnee.ca\/fr\/wp-json\/wp\/v2\/product_tag?post=31279"}],"curies":[{"name":"wp","href":"https:\/\/api.w.org\/{rel}","templated":true}]}}